{"id":1127,"date":"2014-01-13T16:00:37","date_gmt":"2014-01-13T14:00:37","guid":{"rendered":"http:\/\/www.gartenakademie.org\/?page_id=1127"},"modified":"2014-01-14T11:56:35","modified_gmt":"2014-01-14T09:56:35","slug":"4-freie-gartenakademie-2009","status":"publish","type":"page","link":"https:\/\/www.gartenakademie.org\/?page_id=1127","title":{"rendered":"4. Freie Gartenakademie 2009"},"content":{"rendered":"<p style=\"text-align: center;\">\u00a0<a href=\"http:\/\/www.gartenakademie.org\/wp-content\/uploads\/2014\/01\/Plakat-Freie-Gartenakademie.jpg\"><img loading=\"lazy\" class=\" wp-image-1122 aligncenter\" alt=\"Plakat-Freie-Gartenakademie\" src=\"http:\/\/www.gartenakademie.org\/wp-content\/uploads\/2014\/01\/Plakat-Freie-Gartenakademie.jpg\" width=\"510\" height=\"361\" \/><\/a><\/p>\n<h2 style=\"text-align: center;\"><strong>Das Programm der 4. Freien Gartenakademie 2009<\/strong><\/h2>\n<p style=\"text-align: center;\"><strong>23.6. bis 23.8.2009<br \/>\n<\/strong><\/p>\n<p style=\"text-align: center;\">Programm, Artwork und Organisation: Wilm Weppelmann<\/p>\n<p style=\"text-align: center;\"><strong>Die Insel der G\u00e4rtner &#8211; The Isle of the Gardeners<\/strong><\/p>\n<p style=\"text-align: center;\">\u201c.. and here s a marvellous convenient place for our re-<br \/>\nhearsal. This green plot shall be our stage, this hawthorn-<br \/>\nbrake our tiring-house; and we will do it in action ..\u201d<br \/>\nWilliam Shakespeare\u00a0 \u201cA Midsummer Night s Dream\u201d<\/p>\n<p style=\"text-align: center;\"><strong>G\u00e4ste 2009:<\/strong> Dr. Hans von Trotha, Anoosha Golastaneh &amp; Clemens Rave, Richard Reynolds, Hannes Demming, Prof. Dr. Reinhold Zwick, Fernando Gonzalez, Eden Project mit Howard Jones und Paul Stone, Dr. Vera Alexander, G\u00fcnter Mader, Gudula Rosa &amp; Prof. Ulrich Rademacher, Dr. Marie-Luise Egbert, Dr. Heiko Postma, Robert Paterson &amp; Jim Paterson, Klaus Oestreich<\/p>\n<h3>23. Juni 2009 20 Uhr: Die Er\u00f6ffnung: <a href=\"https:\/\/www.wagenbach.de\/autoren\/autor\/159-hans-von-trotha.html\">Dr. Hans von Trotha<\/a> \u201cDer englische Garten\u201d und <a href=\"http:\/\/www.anoosha-golestaneh.de\/\">Anoosha Golestaneh<\/a> &amp; <a href=\"http:\/\/www.clemensrave.de\/\">Clemens Rave<\/a> am Klavier<\/h3>\n<p>Dr. Hans von Trotha (Berlin) f\u00fchrt uns nicht nur in die sch\u00f6nsten G\u00e4rten Englands, sondern auch zu den Urspr\u00fcngen eines aufregenden neuen Mediums, musikalisch garniert wird der Er\u00f6ffnungsabend von Anoosha Golestaneh und Clemens Rave, am Klavier zu vier H\u00e4nden, mit Ausz\u00fcgen aus Felix Mendelssohn Bartholdy &#8222;Ein Sommernachtstraum\u201d. Dr. Hans von Trotha lebt als freiberuflicher Publizist in Berlin und ist Vorsitzender des Kuratoriums des Literaturhauses Berlin. Die Pianisten Anoosha Golestaneh und Clemens Rave zeichnen durch eine rege Konzertt\u00e4tigkeit im In- und Ausland aus.<\/p>\n<h3>30. Juni 2009 20 Uhr: <a href=\"http:\/\/www.termin-mit-kant.de\">Dr. Andreas Mussenbrock<\/a> &#8222;Die Insel der Gl\u00fcckseligen &#8211; eine philosophische Robinsonade&#8220;<\/h3>\n<p>Die Insel &#8211; kaum ein Symbol scheint geeigneter, die unterschiedlichsten Sehns\u00fcchte im Menschen zu wecken. Wie sehr wir Menschen ihr verbunden sind, soll auf einer inselphilosophischen Exkursion entdeckt werden. Dr. Andreas Mussenbrock hat sich durch seine Arbeit als praktischer Philosoph einen Namen gemacht. Im Fr\u00fchjahr 2010 erscheint bei dtv sein neuestes Buch &#8222;Termin mit Kant&#8220;.<\/p>\n<h3>3. Juli 2009 20 Uhr: <a href=\"http:\/\/www.guerrillagardening.org\/\">Richard Reynolds <\/a>\u201cGuerilla Gardening\u201d G\u00e4rtnern frech, wild und verwegen<\/h3>\n<p>Der englische Kultautor und Gartenaktivist in Deutschland! Premiere f\u00fcr die deutsche \u00dcbersetzung seines Buches \u201cGuerilla Gardening &#8211; Ein botanisches Manifest\u201d orange press Verlag . Pressestimmen: \u201eWahrscheinlich das ungew\u00f6hnlichste Gartenbuch von 2008. Guerilla Gardening ist gut recherchiert, gr\u00fcndlich und wirklich inspirierend\u201c, BBC Gardens Illustrated, Juli 2008. \u201e(Reynolds) wird schnell sowohl zu einem Star der Subkultur als auch zu einem \u00f6ffentlichen Intellektuellen, und er fordert Ideen dar\u00fcber heraus, was es bedeutet, in einer Gro\u00dfstadt zu leben\u201c, New York Times, 8 Juni, 2008.<\/p>\n<h3>9. Juli 2009 20 Uhr: <a href=\"http:\/\/nds.wikipedia.org\/wiki\/Hannes_Demming\">Hannes Demming <\/a>liest &#8222;Die T\u00fcr in der Mauer &#8211; eine literarische Gartenlese&#8220;<\/h3>\n<p>Es verwundert nicht, wenn G\u00e4rten einen ganz besonderen Platz in der englischen Literatur einnehmen. Hannes Demming \u00f6ffnet die T\u00fcr in der Mauer, um dann in einer literarischen Gartenlese die unterschiedlichsten Dichterwelten zu durchstreifen. Hannes Demming ist seit 1974 Leiter der Niederdeutschen B\u00fchne M\u00fcnster.<\/p>\n<h3>14. Juli 2009 20 Uhr:\u00a0 Der Film &#8220; The Garden&#8220; von <a href=\"http:\/\/de.wikipedia.org\/wiki\/Derek_Jarman\">Derek Jarman<\/a> und danach Gartengespr\u00e4ch mit <a href=\"http:\/\/www.uni-muenster.de\/FB2\/personen\/kthd\/biblische\/zwick.html\">Prof. Dr. Reinhold Zwick<\/a> &#8211; Der Garten am f\u00fcnften Ende der Welt<\/h3>\n<p>Derek Jarman (1942-1994) war unbestreitbar einer der wichtigsten Filmemacher des britischen Independent Kinos. Der Film \u201cThe Garden\u201d f\u00fchrt in eine magische traumatische Bilderwelt. Der Filmexperte und Theologe Prof. Dr. Reinhold Zwick gibt Hilfestellung zur Entschl\u00fcsselung der vielschichtigen k\u00fcnstlerischen Arbeit von Derek Jarman.<\/p>\n<h3>23. Juli 2009 20 Uhr: <a href=\"http:\/\/www.fernandogonzalez.co.uk\/\">Fernando Gonzalez &#8222;METAGARDENS Gardens<\/a> for the New Emergent Times&#8220;<\/h3>\n<p>Metagardens von Fernando Gonzalez ist ein sehr junges Gartendesignb\u00fcro aus London. Gonzales hat sich mit seinen Entw\u00fcrfen u.a. f\u00fcr die Hampton Court Flower Show\/UK qualifiziert. in den Arbeiten von Metagardens verschwinden die Grenzen zwischen realer und virtueller Welt zusehends. Info:\u00a0 <a href=\"http:\/\/www.rhs.org.uk\/Shows-Events\/RHS-Chelsea-Flower-Show\/2013\/Gardens\/Garden-directory\/The-Sound-of-Silence\">Silver Gilt medal winner with &#8222;The Sound of Silence&#8220;\u00a0 <\/a>RHS Chelsea Flower Show 2013<\/p>\n<h3>28. Juli 2009 20 Uhr:\u00a0 <a href=\"http:\/\/www.charivari-theater.de\/\">CHARIVARI<\/a> Puppentheater mit &#8222;Punch und Judy im Garten&#8220;<\/h3>\n<p>Seit 30 Jahre hei\u00dft es in M\u00fcnster &#8222;Vorhang auf&#8220; f\u00fcr das &#8222;Charivari Puppentheater&#8220;. Mitbegr\u00fcnder Wilfried Plein wird zusammen mit dem englischen Kasperpaar Punch und Judy die Freie Gartenakademie besuchen und hier ganz frei die Puppen toben lassen &#8230;<\/p>\n<h3>4. August 2009 20 Uhr:\u00a0 Howard Jones &amp; <a href=\"http:\/\/www.paulstonegardens.co.uk\/\">Paul Stone <\/a>vom <a href=\"http:\/\/www.edenproject.com\/\">Eden Project in St. Austell<\/a> UK &#8222;The Key &#8211; a View into the Future of Urban Gardens&#8220;<\/h3>\n<p>&#8222;Der Schl\u00fcssel&#8220; war ein einzigartiger Schaugarten auf der RHS Chelsea Flower Show 2009 und wurde entwickelt vom Eden Project in Zusammenarbeit mit der englischen Obdachlosenorganisation. &#8211; Das Eden Project in Cornwall geh\u00f6rt mit seinen riesigen Biodomen (Kuppelgew\u00e4chsh\u00e4usern) zu den aufregendsten Garten- und Architekturprojekten der Neuzeit. Das Eden Project mit seinen 400 Mitarbeitern entwickelt dar\u00fcberhinaus noch viele andere Initiativen und Aktionen, um Umweltthemen weltweit zu kommunizieren. Howard Jones &#8211; Director of Human Networks at Eden Project und Paul Stone &#8211; Landscape Consultant &amp; Designer at\u00a0 Eden Project -Weitere Informationen: www.edenproject.com<\/p>\n<h3>9. August 2008 19 Uhr:\u00a0<a href=\"http:\/\/engerom.ku.dk\/english\/staff\/profile\/?id=371283\"> Dr. Vera Alexander\u00a0<\/a> &#8222;<a href=\"http:\/\/www.kew.org\/\">250 Jahre Royal Botanic Gardens<\/a> : Ein literarischer Spaziergang durch Kew&#8220;<\/h3>\n<p>In ihrem Vortrag nimmt Dr. Vera Alexander ihre Zuh\u00f6rer mit auf einen literarischen Spaziergang durch die K\u00f6niglichen Botanischen G\u00e4rten in Kew (Kew Gardens). Diese feiern dieses Jahr ihr 250. Jubil\u00e4um, z\u00e4hlen somit zu den \u00e4ltesten botanischen G\u00e4rten der Welt und geh\u00f6ren zum Weltkulturerbe.- Dr. Vera Alexander ist Postdoctoral Fellow des Fachbereichs Anglistik der Aarhus University in D\u00e4nemark, heute 2013 ist an der &#8218;Univerity of Copenhagen&#8220;<\/p>\n<h3>14. August 2009 20 Uhr: <a href=\"http:\/\/www.guenter-mader.com\/\">G\u00fcnter Mader<\/a> &#8222;Britische Gartenkunst&#8220;<\/h3>\n<p>G\u00fcnter Mader ist durch zahlreiche Zeitschriften- und Buchpublikationen zu den Themen Architektur, St\u00e4dtebau, Garten und Landschaft bekannt geworden. Seine B\u00fccher wurden mehrfach mit Buchpreisen ausgezeichnet. Im Februar 2009 erschien bei DVA das Buch &#8222;Britische Gartenkunst&#8220;, das G\u00fcnter Mader zusammen mit seiner Frau, der Dolmetscherin Laila Neubert-Mader verfasst hat. Das Ehepaar Mader versteht das Buch als einen Exkursionsbericht \u00fcber fast 25 Jahre Englandreisen.<\/p>\n<h3>16. August 2009 19 Uhr:\u00a0 &#8222;H\u00e4ndel &amp; Co.&#8220; ein Konzert mit <a href=\"http:\/\/www.gudularosa.de\/\">Gudula Rosa<\/a> und <a href=\"http:\/\/www.muenster.de\/stadt\/musikschule\/ulrich-rademacher.html\">Ulrich Rademacher<\/a><\/h3>\n<p>Gudula Rosa (Blockfl\u00f6te) und Ulrich Rademacher (Cembalo) spielen Werke von H\u00e4ndel, Purcell, Matteis und anonymen englischen Meistern. Gudula Rosa ist eine international erfolgreiche Blockfl\u00f6tensolistin und Ulrich Rademacher ist Direktor der Westf\u00e4lischen Schule f\u00fcr Musik der Stadt M\u00fcnster.<\/p>\n<h3>20. August 2009 20 Uhr:\u00a0 <a href=\"http:\/\/www.uni-siegen.de\/phil\/anglistik\/mitarbeiter\/egbert_marie-luise\/\">Dr. Marie-Luise Egbert<\/a> &#8222;Die englische Kultur und der Garten&#8220;<\/h3>\n<p>Aus einer literatur- und kulturwissenschaftlichen Perspektive vermittelt Dr. Marie-Luise Egbert faszinierende Einsichten \u00fcber die englische Gartenobsession. Dr. Marie-Luise Egbert ist Privatdozentin an der Universit\u00e4t Leipzig und vertritt zur Zeit die Professur f\u00fcr Englische Literaturwissenschaft an der Universit\u00e4t Freiburg<\/p>\n<h3>23. August 2009 19 Uhr: &#8222;Homecoming Scotland oder mit Whisky trotzen wir dem Satan&#8220; &#8211; 25O Jahre Robert Burns &#8211; Das ganz und gar schottische Abschlussfest 2009<\/h3>\n<p>Mitwkende: <a href=\"http:\/\/www.heikopostma.de\/\">Dr. Heiko Postma<\/a> (Hannover) Vortrag: \u201cMit Whisky trotzen wird dem Satan\u201d Musik: <a href=\"http:\/\/www.paterson-and-paterson.de\/\">Jim und Robert Paterson<\/a> (H\u00f6xter) Dudelsack: Klaus Oestreich.\u00a0 Leben und Lieder des schottischen Nationaldichters Robert Burns stehen an diesem Abend im Mittelpunkt. Der deutsche Robert-Burns-\u00dcbersetzer und Kenner Dr. Heiko Postma wird zusammen mit den schottischen Vollblutmusikern Jim und Robert Paterson einen literarisch-musikalisch-caledonischen Abend p\u00e4sentieren. Mit dem M\u00fcnsteraner Dudelsackspieler Klaus Oestreich werden sich aber auch die schottischen Highlands lautstark Geh\u00f6r verschaffen, also feiern Sie mit: Sie sind herzlich eingeladen.<\/p>\n<p>&nbsp;<\/p>\n<p style=\"text-align: center;\"><strong>Einige Bilder aus dem Jahre 2009<\/strong><\/p>\n<p style=\"text-align: center;\"><a href=\"http:\/\/www.gartenakademie.org\/wp-content\/uploads\/2014\/01\/IMG_3525_Gr\u00f6\u00dfenver\u00e4nderung.jpg\"><img loading=\"lazy\" class=\" wp-image-1136 aligncenter\" alt=\"IMG_3525_Gr\u00f6\u00dfenver\u00e4nderung\" src=\"http:\/\/www.gartenakademie.org\/wp-content\/uploads\/2014\/01\/IMG_3525_Gr\u00f6\u00dfenver\u00e4nderung.jpg\" width=\"653\" height=\"436\" \/><\/a><\/p>\n<p style=\"text-align: center;\">23. Juni 2009 Er\u00f6ffnung mit Dr. Hans von Trotha<\/p>\n<p style=\"text-align: center;\"><a href=\"http:\/\/www.gartenakademie.org\/wp-content\/uploads\/2014\/01\/IMG_3716_Gr\u00f6\u00dfenver\u00e4nderung.jpg\"><img loading=\"lazy\" class=\"wp-image-1134 aligncenter\" alt=\"IMG_3716_Gr\u00f6\u00dfenver\u00e4nderung\" src=\"http:\/\/www.gartenakademie.org\/wp-content\/uploads\/2014\/01\/IMG_3716_Gr\u00f6\u00dfenver\u00e4nderung.jpg\" width=\"653\" height=\"436\" \/><\/a><\/p>\n<p style=\"text-align: center;\">28.7.2009 Publikum beim Charivari Puppentheater &#8222;Punch and Jody&#8220;<\/p>\n<p style=\"text-align: center;\"><a href=\"http:\/\/www.gartenakademie.org\/wp-content\/uploads\/2014\/01\/IMG_3726_Gr\u00f6\u00dfenver\u00e4nderung.jpg\"><img loading=\"lazy\" class=\" wp-image-1133 aligncenter\" alt=\"IMG_3726_Gr\u00f6\u00dfenver\u00e4nderung\" src=\"http:\/\/www.gartenakademie.org\/wp-content\/uploads\/2014\/01\/IMG_3726_Gr\u00f6\u00dfenver\u00e4nderung.jpg\" width=\"653\" height=\"436\" \/><\/a><\/p>\n<p style=\"text-align: center;\">4.8.2009 mit Howard Jones \/ Director of Human Neworks \/ Eden Project Cornwall UK<\/p>\n<p style=\"text-align: center;\"><a href=\"http:\/\/www.gartenakademie.org\/wp-content\/uploads\/2014\/01\/IMG_3770_Gr\u00f6\u00dfenver\u00e4nderung.jpg\"><img loading=\"lazy\" class=\"wp-image-1138 aligncenter\" alt=\"IMG_3770_Gr\u00f6\u00dfenver\u00e4nderung\" src=\"http:\/\/www.gartenakademie.org\/wp-content\/uploads\/2014\/01\/IMG_3770_Gr\u00f6\u00dfenver\u00e4nderung.jpg\" width=\"653\" height=\"436\" \/><\/a><\/p>\n<p style=\"text-align: center;\">14.8.2009 Julia B. Bolles-Wilson, Peter L. Wilson, G\u00fcnter Mader und Laila Neubert-Mader<\/p>\n<p style=\"text-align: center;\"><a href=\"http:\/\/www.gartenakademie.org\/wp-content\/uploads\/2014\/01\/IMG_3782_Gr\u00f6\u00dfenver\u00e4nderung.jpg\"><img loading=\"lazy\" class=\"wp-image-1135 aligncenter\" alt=\"IMG_3782_Gr\u00f6\u00dfenver\u00e4nderung\" src=\"http:\/\/www.gartenakademie.org\/wp-content\/uploads\/2014\/01\/IMG_3782_Gr\u00f6\u00dfenver\u00e4nderung.jpg\" width=\"653\" height=\"436\" \/><\/a><\/p>\n<p style=\"text-align: center;\">16.8.2009 Schlussapplaus f\u00fcr Gudula Rosa und Ulrich Rademacher<\/p>\n<p style=\"text-align: center;\"><a href=\"http:\/\/www.gartenakademie.org\/wp-content\/uploads\/2014\/01\/IMG_3823-2_Gr\u00f6\u00dfenver\u00e4nderung.jpg\"><img loading=\"lazy\" class=\" wp-image-1137 aligncenter\" alt=\"IMG_3823-2_Gr\u00f6\u00dfenver\u00e4nderung\" src=\"http:\/\/www.gartenakademie.org\/wp-content\/uploads\/2014\/01\/IMG_3823-2_Gr\u00f6\u00dfenver\u00e4nderung.jpg\" width=\"653\" height=\"436\" \/><\/a><\/p>\n<p style=\"text-align: center;\">23.8.2009 Proben\u00a0 f\u00fcr Abschlussfest Robert Burns Abend &#8222;Homecoming Scotland&#8220;<\/p>\n<p style=\"text-align: center;\">\n","protected":false},"excerpt":{"rendered":"<p>\u00a0 Das Programm der 4. Freien Gartenakademie 2009 23.6. bis 23.8.2009 Programm, Artwork und Organisation: Wilm Weppelmann Die Insel der<\/p>\n","protected":false},"author":2,"featured_media":0,"parent":52,"menu_order":0,"comment_status":"open","ping_status":"open","template":"","meta":[],"_links":{"self":[{"href":"https:\/\/www.gartenakademie.org\/index.php?rest_route=\/wp\/v2\/pages\/1127"}],"collection":[{"href":"https:\/\/www.gartenakademie.org\/index.php?rest_route=\/wp\/v2\/pages"}],"about":[{"href":"https:\/\/www.gartenakademie.org\/index.php?rest_route=\/wp\/v2\/types\/page"}],"author":[{"embeddable":true,"href":"https:\/\/www.gartenakademie.org\/index.php?rest_route=\/wp\/v2\/users\/2"}],"replies":[{"embeddable":true,"href":"https:\/\/www.gartenakademie.org\/index.php?rest_route=%2Fwp%2Fv2%2Fcomments&post=1127"}],"version-history":[{"count":8,"href":"https:\/\/www.gartenakademie.org\/index.php?rest_route=\/wp\/v2\/pages\/1127\/revisions"}],"predecessor-version":[{"id":1132,"href":"https:\/\/www.gartenakademie.org\/index.php?rest_route=\/wp\/v2\/pages\/1127\/revisions\/1132"}],"up":[{"embeddable":true,"href":"https:\/\/www.gartenakademie.org\/index.php?rest_route=\/wp\/v2\/pages\/52"}],"wp:attachment":[{"href":"https:\/\/www.gartenakademie.org\/index.php?rest_route=%2Fwp%2Fv2%2Fmedia&parent=1127"}],"curies":[{"name":"wp","href":"https:\/\/api.w.org\/{rel}","templated":true}]}}