{"id":1214,"date":"2014-01-16T15:45:59","date_gmt":"2014-01-16T13:45:59","guid":{"rendered":"http:\/\/www.gartenakademie.org\/?page_id=1214"},"modified":"2014-01-17T18:49:43","modified_gmt":"2014-01-17T16:49:43","slug":"7-freie-gartenakademie-2012","status":"publish","type":"page","link":"https:\/\/www.gartenakademie.org\/?page_id=1214","title":{"rendered":"7. Freie Gartenakademie 2012"},"content":{"rendered":"<p style=\"text-align: center;\">\u00a0<a href=\"http:\/\/www.gartenakademie.org\/wp-content\/uploads\/2014\/01\/Plakat-klein1.jpg\"><img loading=\"lazy\" class=\" wp-image-1215 aligncenter\" alt=\"Plakat klein\" src=\"http:\/\/www.gartenakademie.org\/wp-content\/uploads\/2014\/01\/Plakat-klein1.jpg\" width=\"441\" height=\"312\" srcset=\"https:\/\/www.gartenakademie.org\/wp-content\/uploads\/2014\/01\/Plakat-klein1.jpg 630w, https:\/\/www.gartenakademie.org\/wp-content\/uploads\/2014\/01\/Plakat-klein1-300x212.jpg 300w\" sizes=\"(max-width: 441px) 100vw, 441px\" \/><\/a><\/p>\n<p style=\"text-align: center;\">erstaunlich dass Mensch sich bis heute \u00fcberlebt hat<br \/>\nsich selbst trotzend<br \/>\nals des Menschen bester Feind<br \/>\nmit seinem ersten Garten auch den letzten lebt ~<\/p>\n<h2 style=\"text-align: center;\"><strong>Das Programm der 7. Freien Gartenakademie 2012<\/strong><\/h2>\n<p style=\"text-align: center;\"><strong>22.6. bis 31.8.2012<br \/>\n<\/strong><\/p>\n<p style=\"text-align: center;\">Programm, Artwork und Organisation: Wilm Weppelmann<strong><\/strong><\/p>\n<h3 style=\"text-align: center;\">Der letzte Garten &#8211; der Garten der Menschheit<\/h3>\n<p><strong>G\u00e4ste 2012<\/strong>: Prof. Dr. Peter Cornelius Mayer-Tasch, Prof. Dr. Gerhard Trommer, Ensemble Reload Futura, Compagnie 2K_FAR, Rochus Aust (mit Khalid Benghrib, Fosco Perinti, Florian Zwissler, Markus Aust, Aziz Nadif, Younes Atbane, Zouheir Atbane), Dr. Matthias N\u00f6llke, Prof. George McKay, Bernd Geiling, Dr. Florian G\u00fc\u00dfgen, Prof. Dr. David E. Cooper, Martin Rasper, Rainer Schepper, Dr. Hans Gerhold, Ulrich Grober, Prof. Dr. Stefan Rieger, Ensemble Das blaue Einhorn (der Wille z\u00e4hlt)#<\/p>\n<h3>22.6.2012 20 Uhr: <a href=\"http:\/\/de.wikipedia.org\/wiki\/Peter_Cornelius_Mayer-Tasch\">Prof. Dr. Peter Cornelius Mayer-Tasch<\/a> \/ M\u00fcnchen \u201cVom ersten bis zum letzten Garten\u201c<\/h3>\n<p>Vom ersten bis zum letzten Garten mag der Mensch den auf vielf\u00e4ltige Weise &#8211; karmisch, genetisch, astrologisch, \u00f6kologisch, \u00f6konomisch, politisch und sozial umhegten Raum seines Lebens als Schicksal erfahren. Der Garten ist der dem Menschen angestammte, ist sein eigentlicher Lebensraum. &#8230;. Prof. Dr. Mayer-Tasch war Rektor der Hochschule f\u00fcr Politik LMU M\u00fcnchen.<\/p>\n<h3>26.6.2012 20 Uhr: <a href=\"http:\/\/web.uni-frankfurt.de\/fb15\/didaktik\/Lehrende\/trommer.html\">Prof. Dr. Gerhard Trommer<\/a> \/ Lehre \u201eManchmal ein bisschen Lawine spielen &#8211; Anwilderungen im Garten\u201c<\/h3>\n<p>Gerhard Trommer gibt einen Einblick in seine eigenen faszinierenden Gartenwelten. Er genie\u00dft als Experte f\u00fcr Umweltbildung gro\u00dfes internationales Renommee und pr\u00e4gte den Begriff der Naturbildung, um die besondere Bedeutung konkreter Naturerfahrungen zu betonen. Bis 2005 war er Professor f\u00fcr Didaktik der Biowissenschaften an der Universit\u00e4t Frankfurt\/Main<\/p>\n<h3>2.7.2012\u00a0 22 Uhr: \u201eDer letzte Garten\u201c <a href=\"http:\/\/www.rochusaust.de\/\">ROCHUS AUST<\/a> \/ Ensemble RELOAD FUTURA \/ COMPAGNIE 2K_FAR &#8211; Premiere<\/h3>\n<p>DER LETZTE GARTEN &#8211; eine Inszenierung zur blauen Stunde &#8211; ist die vierte Kooperation von Rochus Aust, seinem Ensemble RE-LOAD FUTURA und der Tanzcompagnie CIE 2K_FAR aus Casablanca\/Marokko unter dem Choreographen Khalid Benghrib. Ensemble RE-LOAD FUTURA: Rochus Aust \u00b7 Raumordnung\/Komposition\/Trompete # Fosco Perinti \u00b7 Stimme\/Trompete # Florian Zwissler \u00b7 Mobilbox\/Trompete # Markus Aust \u00b7 Mobilbox\/Trompete &#8211; CIE 2K_FAR : Khalid Benghrib \u00b7 Tanz\/Choreographie # Aziz Nadif \u00b7 Tanz\/Choreographie # Younes Atbane \u00b7 Tanz\/Choreographie # Zouheir Atbane \u00b7 Tanz\/Choreographie Rochus Aust \/ K\u00f6ln &#8211; Installations- und Klangk\u00fcnstler, Medienperformer und Musiker Seine Inszenierungen \u00f6ffentlicher R\u00e4ume sind sparten- und grenz\u00fcberschreitend. Ausgangsmaterial f\u00fcr seine utopischen Orte sind Versatzst\u00fccke aus dem (noch) gegenw\u00e4rtigen Alltag.<\/p>\n<p>Dieser Abend wurde gef\u00f6rdert durch das Kulturamt der Stadt M\u00fcnster, das NRW-KULTURsekretariat und das Ministerium f\u00fcr Familie, Kinder, Jugend, Kultur und Sport des Landes Nordrhein-Westfalen in Kooperation mit dem Goethe-Institut Marokko.<\/p>\n<h3>5.7.2012\u00a0 20 Uhr:<a href=\"http:\/\/www.noellke.de\/\"> Dr. Matthias N\u00f6llke<\/a> \/ M\u00fcnchen \u201eIn den G\u00e4rten des Managements\u201c<\/h3>\n<p>Dr. Matthias N\u00f6llke nutzt das Sinnbild des Gartens, um das lebende System Unternehmen zu begreifen. Mitarbeiterf\u00fchrung, Innovation, Nachhaltigkeit, Konkurrenz und Kooperation &#8211; diese Themen werden neu erschlossen f\u00fcr eine F\u00fchrungskultur, die \u00fcber die n\u00e4chste Ernte hinausweist. Der Journalist Dr. Matthias N\u00f6llke geh\u00f6rt zu den profi liertesten Autoren und Speakern zum Thema Managementbionik<\/p>\n<h3>14.7.2012 20 Uhr: <a href=\"http:\/\/www.georgemckay.org\/\">Prof. George McKay<\/a> \/ University of Salford UK \u201eRadical Gardening &#8211; Politics, Idealism &amp; Rebellion in the Garden\u201c<\/h3>\n<p>&#8222;If you\u2018ve been labouring under the delusion that gardening is a staid suburban pastime, this is the book that will change your mind.&#8220;\u00a0 &#8222;Scotsman&#8220; 2011 &#8211; George McKay ist einer der f\u00fchrenden britischen Autoren zu Aspekten der alternativen Kultur durch Musik, Protest und Lifestyle. Er ist Professor f\u00fcr Kultuwissenschaften an der University of Salford und lebt in Lancaster.<\/p>\n<h3>15.7.2012 20 Uhr: Lesung mit <a href=\"http:\/\/www.hansottotheater.de\/theater\/ensemble\/geiling-bernd.htm\">Bernd Geiling<\/a> \u201cWalden oder Leben in den W\u00e4ldern\u201d <a href=\"http:\/\/de.wikipedia.org\/wiki\/Henry_David_Thoreau\">Henry David Thoreau<\/a> \u2013 zum 150. Todestag am 6. Mai<\/h3>\n<p>Bernd Geilings Lesung von Henry David Thoreaus Klassiker \u201eWalden\u201c wurde 2009 als CD-Edition im Hoffmann und Campe Verlag ver\u00f6ffentlicht. Der Schauspieler pr\u00e4sentiert Ausschnitte in der Freien Gartenakademie.<\/p>\n<h3>19.7.2012 20 Uhr: <a href=\"http:\/\/archiv.axel-springer-preis.de\/07-2-preis-in.html\">Dr. Florian G\u00fc\u00dfgen<\/a>\/ Hamburg \u201eOffline &#8211; \u00fcber die Dialektik zwischen digitaler Existenz und kleing\u00e4rtnerischer Erdung\u201c<\/h3>\n<p>\u201e&#8230; weil es etwas Tolles ist, wenn man dem digitalen Wahnsinn mit einem Radieschenbeet oder einer Kopfsalatreihe vom Typ Casanova trotzen kann.\u201c Der Journalist und Kleing\u00e4rtner Dr. Florin G\u00fc\u00dfgen arbeitet f\u00fcr stern.de, zuerst als Parlamentskorrespondent im Berliner B\u00fcro, dann als Politikchef, seit 2010 als freier Autor.<\/p>\n<h3>24.7.2012 20 Uhr: <a href=\"http:\/\/en.wikipedia.org\/wiki\/David_E._Cooper\">Prof. Dr. David E. Cooper<\/a> \/ University of Durham UK \u201eGarden and \u201eThe Way of Things\u201c<\/h3>\n<p>Der Journalist und Autor Martin Rasper ist ein kundiger F\u00fchrer durch die urbane Gartenszene und ihren vielf\u00e4ltigen Initiativen. Aber er erz\u00e4hlt auch von der tiefen Verwurzelung des Gartens in unserer Kultur, von der bedrohten Vielfalt der Obst- und Gem\u00fcsesorten, vom Garten als \u00d6kosystem und seinem wichtigsten Bestandteil, einem lebendigen Boden.<\/p>\n<h3>5.8.2012 19 Uhr: Lesung \u201eVon letzten G\u00e4rten und dunklen Blumen \u2013 eine schattige Lesung\u201c mit<a href=\"http:\/\/de.wikipedia.org\/wiki\/Rainer_Schepper\"> Rainer Schepper<\/a><\/h3>\n<p>Wunderbar: Rainer Schepper ist wieder Gast in der Freien Gartenakademie, seit mehr als 30 Jahren arbeitet er sprachlautgewandt als Botschafter des literarischen Wortes in dieser Stadt.<\/p>\n<h3>10.8.2012 21 Uhr: Seminar mit Film: 40 Jahre \u201eLautlos im Weltraum &#8211; <a href=\"http:\/\/de.wikipedia.org\/wiki\/Lautlos_im_Weltraum\">Silent Running<\/a>\u201c danach Nachtgespr\u00e4ch mit Dr. Hans Gerhold \/ M\u00fcnster<\/h3>\n<p>&#8230; gehypt von einem \u201ePangalaktischen Donnergurgler\u201c &#8211; .. Silent Running &#8211; ein Science Fiction Klassiker, der vor genau 40 Jahren das erste Mal die Leinwand erblickt hat. Unter eine gro\u00dfen Glaskuppel werden die letzten von der Erde geretteten Pfl anzen gepflegt .. Dr. Hans Gerhold ist Filmkolumnist der Westf\u00e4lischen Nachrichten M\u00fcnster.<\/p>\n<h3>19.8.2012 15 Uhr: Eine Lesewanderung zur Nachhaltigkeit mit <a href=\"http:\/\/de.wikipedia.org\/wiki\/Ulrich_Grober\">Ulrich Grober <\/a>\/ Marl<\/h3>\n<p>Ulrich Grober \u2013 Journalist und Autor \u2013 gilt als Experte f\u00fcr \u201eNachhaltigkeit\u201c, aber auch die Kunst des Wanderns hat schon in einer Publikation bei Rowohlt seinen Niederschlag gefunden. Ulrich Grober, Die Entdeckung der Nachhaltigkeit. Kulturgeschichte eines Begriffs. Kunstmann Verlag, M\u00fcnchen 2010<\/p>\n<h3>29.8.2012 20 Uhr: <a href=\"http:\/\/www.ruhr-uni-bochum.de\/ifm\/institut\/mitarbeiterinnen\/prof_rieger.html\">Prof. Dr. Stefan Rieger<\/a> \/ Bochum \u201e Das Wuchern der Pflanzen. Ein Florilegium des Wissens\u201c<\/h3>\n<p>Indem aus wilden Pflanzen Kulturpflanzen werden, wird der Mensch selbst von einem wilden zu einem kulturellen Wesen &#8230; Prof. Dr. Stefan Rieger ist Professor f\u00fcr Mediengeschichte und Kommunikationstheorie an der Ruhr-Universit\u00e4t Bochum. Das Buch erschien in der edition suhrkamp.<\/p>\n<h3>31.8.2012 20 Uhr: <a href=\"http:\/\/www.dasblaueeinhorn.de\/\">DAS BLAUE EINHORN<\/a> mit ihrer neuesten CD \u201eAnkunft im Paradies\u201c Konzert und Abschlussfest der 7. Freien Gartenakademie 2012<\/h3>\n<p>\u201eDas blaue Einhorn\u201c &#8211; eine der profiliertesten Formationen f\u00fcr Lieder aus aller Welt &#8230; Das Quartett aus Dresden besteht seit mehr als 20 Jahren und hat mit Liedern, Chansons und St\u00e4dtische Folklore in atemberaubender Virtuosit\u00e4t, satten Grooves und mitunter Schwindel erregendem Tempo gro\u00dfe Erfolge zu verzeichnen.# ANKUNFT IM PARADIES &#8211; Spiel und Musik mit Hoffnung &#8211; In diesem Konzertprogramm dreht sich alles um die Sehnsucht, Vision und Realit\u00e4t vom Paradies: das eigene Paradies, verlorene Paradiese, das Paradies auf Erden\u2026 Das blaue Einhorn : Paul Hoorn &#8211; Gesang, Akkordeon, Trompete, Chalumeau # Florian Mayer &#8211; Violine, Bass, Gesang # Dietrich Z\u00f6llner &#8211; Kontrabass, Th\u00fcringer Waldzither, Bauchgeige, Tuba # Andreas Z\u00f6llner &#8211; Gitarre, Bouzuki, Ud, Posaune, Gesang.<strong> Aktuelle Info:<\/strong> Nach 23 Jahren im realen Musikerleben ist das Einhorn nun wieder Legende. Am 23.11.2013 fand das letzte Konzert statt.<\/p>\n<h3 style=\"text-align: center;\">\u00a0Einige Bilder aus dem Jahre 2012<\/h3>\n<p style=\"text-align: center;\"><a href=\"http:\/\/www.gartenakademie.org\/wp-content\/uploads\/2014\/01\/IMG_5603_Gr\u00f6\u00dfenver\u00e4nderung.jpg\"><img loading=\"lazy\" class=\" wp-image-1232 aligncenter\" alt=\"IMG_5603_Gr\u00f6\u00dfenver\u00e4nderung\" src=\"http:\/\/www.gartenakademie.org\/wp-content\/uploads\/2014\/01\/IMG_5603_Gr\u00f6\u00dfenver\u00e4nderung.jpg\" width=\"188\" height=\"141\" \/><\/a><\/p>\n<p style=\"text-align: center;\">Er22.6.2012 Er\u00f6ffnung mit Prof. Dr. Peter Cornelius Mayer-Tasch<\/p>\n<p style=\"text-align: center;\"><a href=\"http:\/\/www.gartenakademie.org\/wp-content\/uploads\/2014\/01\/IMG_5938_Gr\u00f6\u00dfenver\u00e4nderung.jpg\"><img loading=\"lazy\" class=\"size-full wp-image-1233 aligncenter\" alt=\"IMG_5938_Gr\u00f6\u00dfenver\u00e4nderung\" src=\"http:\/\/www.gartenakademie.org\/wp-content\/uploads\/2014\/01\/IMG_5938_Gr\u00f6\u00dfenver\u00e4nderung.jpg\" width=\"188\" height=\"141\" \/><\/a><\/p>\n<p style=\"text-align: center;\">2.7.2012 Premiere \u201eDer letzte Garten\u201c ROCHUS AUST \/ Ensemble RELOAD FUTURA \/ COMPAGNIE 2K_FAR<\/p>\n<p style=\"text-align: center;\"><a href=\"http:\/\/www.gartenakademie.org\/wp-content\/uploads\/2014\/01\/IMG_6245_Gr\u00f6\u00dfenver\u00e4nderung.jpg\"><img loading=\"lazy\" class=\"size-full wp-image-1234 aligncenter\" alt=\"IMG_6245_Gr\u00f6\u00dfenver\u00e4nderung\" src=\"http:\/\/www.gartenakademie.org\/wp-content\/uploads\/2014\/01\/IMG_6245_Gr\u00f6\u00dfenver\u00e4nderung.jpg\" width=\"188\" height=\"141\" \/><\/a>24.7.2012 Prof. Dr. David E. Cooper \/ University of Durham UK<\/p>\n","protected":false},"excerpt":{"rendered":"<p>\u00a0 erstaunlich dass Mensch sich bis heute \u00fcberlebt hat sich selbst trotzend als des Menschen bester Feind mit seinem ersten<\/p>\n","protected":false},"author":2,"featured_media":1216,"parent":52,"menu_order":0,"comment_status":"open","ping_status":"open","template":"","meta":[],"_links":{"self":[{"href":"https:\/\/www.gartenakademie.org\/index.php?rest_route=\/wp\/v2\/pages\/1214"}],"collection":[{"href":"https:\/\/www.gartenakademie.org\/index.php?rest_route=\/wp\/v2\/pages"}],"about":[{"href":"https:\/\/www.gartenakademie.org\/index.php?rest_route=\/wp\/v2\/types\/page"}],"author":[{"embeddable":true,"href":"https:\/\/www.gartenakademie.org\/index.php?rest_route=\/wp\/v2\/users\/2"}],"replies":[{"embeddable":true,"href":"https:\/\/www.gartenakademie.org\/index.php?rest_route=%2Fwp%2Fv2%2Fcomments&post=1214"}],"version-history":[{"count":11,"href":"https:\/\/www.gartenakademie.org\/index.php?rest_route=\/wp\/v2\/pages\/1214\/revisions"}],"predecessor-version":[{"id":1273,"href":"https:\/\/www.gartenakademie.org\/index.php?rest_route=\/wp\/v2\/pages\/1214\/revisions\/1273"}],"up":[{"embeddable":true,"href":"https:\/\/www.gartenakademie.org\/index.php?rest_route=\/wp\/v2\/pages\/52"}],"wp:featuredmedia":[{"embeddable":true,"href":"https:\/\/www.gartenakademie.org\/index.php?rest_route=\/wp\/v2\/media\/1216"}],"wp:attachment":[{"href":"https:\/\/www.gartenakademie.org\/index.php?rest_route=%2Fwp%2Fv2%2Fmedia&parent=1214"}],"curies":[{"name":"wp","href":"https:\/\/api.w.org\/{rel}","templated":true}]}}