{"id":1304,"date":"2014-02-12T10:42:40","date_gmt":"2014-02-12T08:42:40","guid":{"rendered":"http:\/\/www.gartenakademie.org\/?page_id=1304"},"modified":"2014-02-13T15:35:12","modified_gmt":"2014-02-13T13:35:12","slug":"guerilla-gardening-2","status":"publish","type":"page","link":"https:\/\/www.gartenakademie.org\/?page_id=1304","title":{"rendered":"Guerilla Gardening"},"content":{"rendered":"<h2 style=\"text-align: center;\">Guerilla Gardening und Wilm Weppelmann<\/h2>\n<p style=\"text-align: center;\"><a href=\"http:\/\/www.orange-press.com\/programm\/alle-titel\/guerilla-gardening.html\">Richard Reynolds in &#8222;On Guerilla Gardening &#8211; A Handbook for Gardening without Boundaries&#8220; London 2008 , p. 16 :<\/a><\/p>\n<h3 style=\"text-align: center;\">&#8222;This is guerilla gardening: THE ILLICIT CULTIVATION OF SOMEONE ELSE\u00b4S LAND.&#8220;<\/h3>\n<p>&nbsp;<\/p>\n<p style=\"text-align: center;\"><strong><em>Vorspiel:<\/em> <\/strong><strong>&#8222;The World Garden Project &#8211; an artivsm by Wilm Weppelmann&#8220; von 2007 bis 2009\u00a0 <\/strong><\/p>\n<p style=\"text-align: left;\"><em>Bericht in der Zeitschrift \u201c\u2018Gartenfreund\u201d vom Juni 2007:<\/em> \u201cWorld Garden Project\u201d vereint G\u00e4rten der Welt # Das &#8222;World Garden Project\u201d von Wilm Weppelmann ist der neueste Baustein der 2. Freien Gartenakademie 2007.\u00a0 Start ist am 21. Juni 2007: Gartenfreunde in der ganzen Weit werden aufgefordert an \u00f6ffentlichen Pl\u00e4tzen, z. B. auch Schulen oder auf Niemandsland, kleine oder gro\u00dfe Nutzg\u00e4rten anzulegen und zu pflegen. Wer teilnimmt, \u201cdurchl\u00e4uft\u201d mit seinem Projekt drei Phasen: \u2022 seed (s\u00e4en) \u2022 growing (wachsen) \u2022 harvest (ernten) und dokumentiert diese Aktivit\u00e4ten &#8230;.<\/p>\n<p style=\"text-align: center;\"><a href=\"http:\/\/www.gartenakademie.org\/wp-content\/uploads\/2014\/02\/Plakat-sehr-klein.jpg\"><img loading=\"lazy\" class=\" wp-image-1309 aligncenter\" alt=\"Plakat-sehr-klein\" src=\"http:\/\/www.gartenakademie.org\/wp-content\/uploads\/2014\/02\/Plakat-sehr-klein.jpg\" width=\"850\" height=\"601\" srcset=\"https:\/\/www.gartenakademie.org\/wp-content\/uploads\/2014\/02\/Plakat-sehr-klein.jpg 1417w, https:\/\/www.gartenakademie.org\/wp-content\/uploads\/2014\/02\/Plakat-sehr-klein-300x212.jpg 300w, https:\/\/www.gartenakademie.org\/wp-content\/uploads\/2014\/02\/Plakat-sehr-klein-1024x724.jpg 1024w\" sizes=\"(max-width: 850px) 100vw, 850px\" \/><\/a><\/p>\n<p style=\"text-align: center;\"><strong>Plakat &#8222;World Garden Project&#8220; 2007<\/strong><\/p>\n<h2 style=\"text-align: center;\"><a href=\"http:\/\/www.gartenakademie.org\/wp-content\/uploads\/2014\/02\/50-WN-21.9.20071.jpg\"><img loading=\"lazy\" class=\"wp-image-1319 aligncenter\" alt=\"50-WN-21.9.20071\" src=\"http:\/\/www.gartenakademie.org\/wp-content\/uploads\/2014\/02\/50-WN-21.9.20071.jpg\" width=\"330\" height=\"300\" srcset=\"https:\/\/www.gartenakademie.org\/wp-content\/uploads\/2014\/02\/50-WN-21.9.20071.jpg 472w, https:\/\/www.gartenakademie.org\/wp-content\/uploads\/2014\/02\/50-WN-21.9.20071-300x272.jpg 300w\" sizes=\"(max-width: 330px) 100vw, 330px\" \/><\/a><\/h2>\n<p style=\"text-align: center;\"><strong>Artikel in den Westf\u00e4lischen Nachrichten \/ M\u00fcnster\u00a0 vom 21<\/strong><strong>.9.2007<\/strong><\/p>\n<p style=\"text-align: left;\"><strong>Premiere:<\/strong> Am 3. Juli 2009 stellte <strong>der englische Kultautor und Gartenaktivist Richard Reynolds<\/strong> <a href=\"http:\/\/www.telegraph.co.uk\/gardening\/8993038\/Meet-Britains-most-influential-gardeners.html\">(&#8222;&#8230; one of Britains most influential gardeners&#8220; &#8211; The Telegraph 05 Jan 2012)<\/a> die deutsche \u00dcbersetzung seines Buches \u201cGuerilla Gardening\u201d in der 4. Freie Gartenakademie 2009 M\u00fcnster vor. Am gleichen Abend bepflanzten Richard Reynolds und Wilm Weppelmann gemeinsam zu n\u00e4chtlicher Stunde eine Verkehrsinsel vor der Justizvollzugsanstalt an der Gartenstrasse in M\u00fcnster.\u00a0 Die Internetplattform <a href=\"http:\/\/www.guerrillagardening.org\/\">www.guerrillagardening.org\u00a0<\/a> von Richard Reynolds ist Sprachrohr und Motor dieser Bewegung. Aus diesem Abend ist eine Freundschaft gewachsen, die durch j\u00e4hrliches gemeinsames G\u00e4rtnern an der Londoner Underground Station &#8222;Elephant &amp; Castle&#8220; immer wieder neue Nahrung bekommt.<\/p>\n<p style=\"text-align: center;\"><a href=\"http:\/\/www.gartenakademie.org\/wp-content\/uploads\/2014\/02\/Richard-Reynolds-klein.jpg\"><img loading=\"lazy\" class=\"size-full wp-image-1310 aligncenter\" alt=\"Richard-Reynolds-klein\" src=\"http:\/\/www.gartenakademie.org\/wp-content\/uploads\/2014\/02\/Richard-Reynolds-klein.jpg\" width=\"354\" height=\"236\" srcset=\"https:\/\/www.gartenakademie.org\/wp-content\/uploads\/2014\/02\/Richard-Reynolds-klein.jpg 354w, https:\/\/www.gartenakademie.org\/wp-content\/uploads\/2014\/02\/Richard-Reynolds-klein-300x200.jpg 300w\" sizes=\"(max-width: 354px) 100vw, 354px\" \/><\/a><\/p>\n<p style=\"text-align: center;\"><strong>Deutschlandpremiere:<\/strong> 3. Juli 2009 Richard Reynolds stellte sein Buch &#8222;Guerilla Gardening&#8220;\u00a0 in der Freien Gartenakademie vor<\/p>\n<p style=\"text-align: center;\">Dokumentation: <a href=\"http:\/\/www.youtube.com\/watch?v=AK8hTflC47M\">WDR 3 Fernsehen west.art 7.7.2009<\/a><\/p>\n<h3 style=\"text-align: center;\">Wilm Weppelmann und &#8222;Guerilla Gardening&#8220;<\/h3>\n<h3 style=\"text-align: center;\"><a href=\"http:\/\/www.gartenakademie.org\/wp-content\/uploads\/2014\/02\/Muenster-2-Steinfurter-Str._Gr\u00f6\u00dfenver\u00e4nderung.jpg\"><img loading=\"lazy\" class=\" wp-image-1311 aligncenter\" alt=\"Muenster-2-Steinfurter-Str._Gr\u00f6\u00dfenver\u00e4nderung\" src=\"http:\/\/www.gartenakademie.org\/wp-content\/uploads\/2014\/02\/Muenster-2-Steinfurter-Str._Gr\u00f6\u00dfenver\u00e4nderung.jpg\" width=\"720\" height=\"540\" srcset=\"https:\/\/www.gartenakademie.org\/wp-content\/uploads\/2014\/02\/Muenster-2-Steinfurter-Str._Gr\u00f6\u00dfenver\u00e4nderung.jpg 1200w, https:\/\/www.gartenakademie.org\/wp-content\/uploads\/2014\/02\/Muenster-2-Steinfurter-Str._Gr\u00f6\u00dfenver\u00e4nderung-300x225.jpg 300w, https:\/\/www.gartenakademie.org\/wp-content\/uploads\/2014\/02\/Muenster-2-Steinfurter-Str._Gr\u00f6\u00dfenver\u00e4nderung-1024x768.jpg 1024w\" sizes=\"(max-width: 720px) 100vw, 720px\" \/><\/a>2011 &#8211; guerilla gardening spot in M\u00fcnster Steinfurter Str.\u00a0 Germany<\/h3>\n<p><strong>&#8222;In meiner k\u00fcnstlerischer Auseinandersetzung mit dem Thema Garten, dem urbanen Raum und dem Menschen ist diese Form urbanen G\u00e4rtnerns nur ein kleiner Erfahrungs- und Aktionsbaustein, aber ein sehr wichtiger. &#8220;\u00a0 Wilm Weppelmann in einem Interview NDR 2 \/ Juli 2010.<\/strong><\/p>\n<p>Fernsehen, Radio und Zeitschriften (Auswahl) &#8211; Doku mit Wilm Weppelmann : <a href=\"http:\/\/www.youtube.com\/watch?v=AK8hTflC47M\">WDR 3 Fernsehen west.art 7.7.2009<\/a> # <a href=\"http:\/\/www.youtube.com\/watch?v=WVFkm084upA\">ARD Morgenmagazin 6.7.2010 <\/a># <a href=\"http:\/\/www.youtube.com\/watch?v=trgEfcqT9U8\">WDR 3 Fernsehen 20.7.2011<\/a><strong> #\u00a0<\/strong> <a href=\"http:\/\/www.youtube.com\/watch?v=-qO2B06d8jU\">RTL 15.10.2011 <\/a><strong># <\/strong><a href=\"http:\/\/www.wandermagazin.de\/page.asp?pageID=2731\">Wandermagazin 2012\/2 S. 83 bis 85 &#8222;Wilde Triebe&#8220; <\/a><\/p>\n<p style=\"text-align: center;\"><strong>\u00a0Weitere Guerilla Gardening Aktionen und Projekte von Wilm Weppelmann:<\/strong> &#8222;World Garden Project&#8220;\u00a0 2007 bis 2009 # &#8222;Your intention 2010: You plant garlic in front of your bank&#8220; #\u00a0 2011 &#8222;Eat the town&#8220; # 2011 London gardenstreet.de No. 2 # 2012 &#8222;Zur\u00fcck auf die Strasse, zur\u00fcck in die Zukunft &#8211;\u00a0 von Stra\u00dfenk\u00f6tern und wilden G\u00e4rtnern. Eine Deklamation von Wilm Weppelmann&#8220; # 2012 &#8222;V\u00f6lker aller G\u00e4rtner vereinigt euch&#8220; # 2013 &#8222;The Adventures of Rod Cabbage II &#8211; Chelsea Flower Show&#8220;<\/p>\n<p><a href=\"http:\/\/www.gartenakademie.org\/wp-content\/uploads\/2014\/02\/Warding-off-devil.jpg\"><img loading=\"lazy\" class=\" wp-image-1312 aligncenter\" alt=\"Warding-off-devil\" src=\"http:\/\/www.gartenakademie.org\/wp-content\/uploads\/2014\/02\/Warding-off-devil.jpg\" width=\"492\" height=\"464\" srcset=\"https:\/\/www.gartenakademie.org\/wp-content\/uploads\/2014\/02\/Warding-off-devil.jpg 820w, https:\/\/www.gartenakademie.org\/wp-content\/uploads\/2014\/02\/Warding-off-devil-300x283.jpg 300w\" sizes=\"(max-width: 492px) 100vw, 492px\" \/><\/a><em><strong>Spring 2011 Kommentar von Richard Reynolds auf der Blog-Webseite <a href=\"http:\/\/www.guerrillagardening.org\/\">guerillagardening.org <\/a>:<\/strong><\/em> &#8222;My guerrilla gardening friend Wilm from M\u00fcnster in Germany visited me in London recently and came bearing gifts. First a garden gnome made entirely from biscuit (which you can see) Wilm was about to destroy to make our pudding until I intervened and gave the gnome a stay of execution (sadly mould got him in the end). Second, a new idea to use guerilla gardening to ward off evil. Wilm is distributing gloves of\u00a0 garlic (a traditional deterrent of evil forces) for guerrilla gardeners to plant outside banks to help prevent them causing any further economic calamities. What a great idea. But so far I\u00b4ve struggled to find any patches of soil anywhere near my local banks, they all seem to exist in the most sterile of environments.&#8220;<\/p>\n<p style=\"text-align: center;\"><strong>WDR.de Online vom 23.8.2009: &#8222;Kohlrabi kann die Welt ver\u00e4ndern&#8220;<\/strong><br \/>\nUnterwegs mit dem Guerilla-G\u00e4rtner<\/p>\n<p>Bewaffnet mit Hacke, Schaufel und Gr\u00fcnkohl macht er sich nachts auf den Weg: Wilm Weppelmann ist K\u00fcnstler und in M\u00fcnster als Guerilla-G\u00e4rtner unterwegs. Mit Kohlrabi und Co. will er in der Stadt Zeichen setzen &#8211; und ist damit nicht allein.<\/p>\n<p>Wilm Weppelmann ist zufrieden: Der Salat, den er vor einigen Wochen heimlich an einer Stra\u00dfe in der m\u00fcnsterischen Innenstadt angepflanzt hat, gedeiht pr\u00e4chtig, und auch der Kohlrabi macht sich gut. Weppelmann greift nach der Wasserflasche in seiner Tasche . &#8222;Bei dieser Hitze fahre ich einmal am Tag durch die Stadt und gie\u00dfe das Gem\u00fcse.&#8220;<\/p>\n<p>Das etwa ein Quadratmeter gro\u00dfe Gem\u00fcsebeet am Stra\u00dfenrand ist nur eins von vielen in der Stadt. Der Aktions-G\u00e4rtner hat illegal Beete angelegt, um die Aufmerksamkeit auf die Brachfl\u00e4chen in der Stadt zu lenken. &#8222;Ein Fu\u00dfg\u00e4nger oder Radfahrer, der hier vorbeikommt, wird sich zun\u00e4chst einmal \u00fcber das Gem\u00fcse wundern, dann aber vielleicht merken, dass der Stra\u00dfenrand mehr sein kann als nur \u00f6de Fl\u00e4che. Hier ist vieles m\u00f6glich, zum Beispiel dieses Gem\u00fcsebeet.&#8220; Kohlrabi als Zeichen des Protests gegen unwirtliche Innenst\u00e4dte?<\/p>\n<p><strong>Gr\u00fcnkohl in der Gro\u00dfstadt<\/strong><\/p>\n<p>Weppelmann macht sich auf den Weg zum n\u00e4chsten Beet mit jungen Gr\u00fcnkohlPflanzen. Die hat der Gro\u00dfstadt-G\u00e4rtner erst vor kurzem angepflanzt, sch\u00f6n in Reih&#8216; und Glied, wie in einem echten Gem\u00fcsegarten. Doch hier auf einem Gr\u00fcnstreifen zwischen B\u00fcrgersteig und Stra\u00dfe ist offiziell kein Gem\u00fcsegarten, hier ist st\u00e4dtisches Gel\u00e4nde, um das sich eigentlich das Gr\u00fcnfl\u00e4chenamt der Stadt k\u00fcmmern m\u00fcsste. &#8222;Wenn das Gem\u00fcse erst einmal da ist, dann macht die Beh\u00f6rde in der Regel keine Schwierigkeiten. Wahrscheinlich ist sie sogar froh, dass jemand die Fl\u00e4che in Ordnung h\u00e4lt&#8220;, meint der Gem\u00fcse-Liebhaber Weppelmann.<\/p>\n<p><strong>Gem\u00fcseanbau bei Nacht und Nebel<\/strong><\/p>\n<p>Menschen wie Weppelmann gibt es inzwischen \u00fcberall im Land. Sie bauen bei Nacht und Nebel Gem\u00fcse, Kr\u00e4uter und Blumen an. Dabei ist ihr Acker die Stadt mit ihren vielen \u00f6den Fl\u00e4chen: Gr\u00fcnstreifen\/ Stra\u00dfenr\u00e4ndern B\u00fcrgersteige, Verkehrsinseln. &#8222;In Berlin haben GartenGuerillas sogar schon einmal das Rollfeld eines Flughafens bepflanzt&#8220;, erz\u00e4hlt\u00a0 Weppelmann. &#8222;Sie wollten damit ein Zeichen setzen, gegen Urbanisierung und Naturzerst\u00f6rung.&#8220; Illegales G\u00e4rtnern kann politisch sein. F\u00fcr den m\u00fcnsterischen K\u00fcnstler Wilm Weppelmann hat es vor allem sozialen Charakter. &#8222;Ich pflanze Zucchini an die Stra\u00dfe, ein Nachbar sieht es und setzt Erdbeer-Pflanzen daneben. Ein anderer greift zur Gie\u00dfkanne, ein Dritter j\u00e4tet Unkraut. Das passiert spontan, ohne Absprache. Die Leute kennen sich nicht, tun aber alle dasselbe: Sie \u00fcbernehmen Verantwortung f\u00fcr ihre Umwelt, sie gestalten sie. Das ist toll!&#8220;<\/p>\n<p>&#8222;Guerilla gardening&#8220; &#8211; ein weltweites Ph\u00e4nomen<\/p>\n<p>Weppelmann kam vor f\u00fcnf Jahren auf die Idee . &#8222;Ich bekam eine Pflanze geschenkt, hatte f\u00fcr sie zu Hause aber keinen Platz. Also setzte ich sie an den Stra\u00dfenrand.&#8220; Inzwischen ist der m\u00fcnsterische K\u00fcnstler ein Garten-Profi. Alle seine Aktionen ranken sich um das Thema Garten. Vor kurzem war bei ihm der Engl\u00e4nder Richard Reynolds zu Gast. Der gilt inzwischen als Kopf der weltweiten Bewegung, die sich &#8222;Guerilla gardening&#8220; nennt, und sich zum Ziel gesetzt hat, die \u00f6de Umwelt zu versch\u00f6nern. Das taten auch die beiden K\u00fcnstler, als sie sich neulich in M\u00fcnster trafen. Mitten in der Nacht griffen sie zu Forke, Spaten und Kohlrabi-Pflanzen und legten auf einer verwahrlosten Fl\u00e4che am Stra\u00dfenrand ein weiteres Gem\u00fcsebeet an. Was sonst?<\/p>\n<p><strong>Erg\u00e4nzt wurde der Artikel durch Kommentare von Wilm Weppelmann am <\/strong><strong>24.8.2009 auf wdr.de :<br \/>\n<\/strong><\/p>\n<p>Gerade erst den Artikel gesehen und ich muss hier doch ein paar Worte verlieren, bevor die Kommentare weiter verfransen. In meiner k\u00fcnstlerischer Auseinandersetzung mit dem Thema Garten, dem urbanen Raum und dem Menschen ist diese Form urbanen G\u00e4rtnerns nur ein kleiner Erfahrungs- und Aktionsbaustein. M\u00fcnster ist sicher als Stadtraum mehr eine gr\u00fcne Illusion, die Stadt hat eher Probleme einer Mittelstadt, als die einer aus den Fugen geratenen Gro\u00dfstadt oder Megastadt, aber man f\u00e4ngt dort an wo man lebt, \u00fcberall auf der Weit gibt es diese kleinsten und gr\u00f6\u00dferen gepflanzten Interventionen im \u00f6ffentlichen und auch privaten Raum, ob sie sich selber Guerrilla Gardener also zur &#8222;unerlaubten Kultivierung von Land, das jemand anderem geh\u00f6rt.&#8220; bekennen oder nicht ist absolut zweitrangig, Hauptsache es wird getan. Also diese Aktivit\u00e4ten sind nicht neu, werden zyklisch mal mehr mal weniger von den Medien gestreichelt.<\/p>\n<p>Aber auf jeden Fall hat Richard das Thema in seinem Buch &#8222;Guerrilla Gardening- ein botanisches Manifest&#8220; aktuell auf den Punkt gebracht und mit seiner Webseite (Anm. d. Red.: link gel\u00f6scht) ein Forum geschaffen, damit die Welt sieht wie sie w\u00e4chst und wachsen m\u00fcsste. Auch K\u00fcnstlerkollegen wie Fritz Haeg \u00fcbernehmen da eine &#8222;Vorg\u00e4rtnerrolle&#8220;. \u00dcbrigens die Flughafenaktion war nicht in Berlin sondern London &#8230; ! Mich hat immer der Typus &#8222;Besser wissen aber nichts selbst tun wollen&#8220; oder . &#8222;Ich denke also tue ich lieber nichts&#8220;, &#8222;Ich bin Gutmensch alle anderen sind der Fehler&#8220;, &#8222;Ich bin so klein die Welt ist nicht mein&#8220; und &#8222;Alle Verantwortung tragen die anderen&#8220; genervt und von dieser G\u00fcteklasse, werden sich noch einige hier im Forum sammeln und kl\u00e4ffen, und wenn es dann ernst wird, ziehen sie sich in ihre trauten vier W\u00e4nde zur\u00fcck und schmollen dort hinter dem Sofatisch \u00fcber die Misslichkeit der Welt.<\/p>\n<p>Guerrilla Gardening ist keine Idee, hier geht es um Jetzt-und-hier-machen, und nicht morgen, also adhoc . &#8222;Adhocism is the art of living and doing things ad hoctackling problems at once, using the materials at hand, rather than waiting for the perfect moment or . proper approach&#8220; , (Charles Jencks \/ Nathan Silver .Adhocism &#8211; The Case for Improvisation&#8220; New York 1973) also in diesem Sinne fangen wir an Leben lebenswert mit aller Konsequenz, Verantwortung und Naivit\u00e4t &#8230; wunderbar verwundbar .. <strong>Wilm Weppelmann<\/strong><\/p>\n","protected":false},"excerpt":{"rendered":"<p>Guerilla Gardening und Wilm Weppelmann Richard Reynolds in &#8222;On Guerilla Gardening &#8211; A Handbook for Gardening without Boundaries&#8220; London 2008<\/p>\n","protected":false},"author":2,"featured_media":1301,"parent":56,"menu_order":0,"comment_status":"open","ping_status":"open","template":"","meta":[],"_links":{"self":[{"href":"https:\/\/www.gartenakademie.org\/index.php?rest_route=\/wp\/v2\/pages\/1304"}],"collection":[{"href":"https:\/\/www.gartenakademie.org\/index.php?rest_route=\/wp\/v2\/pages"}],"about":[{"href":"https:\/\/www.gartenakademie.org\/index.php?rest_route=\/wp\/v2\/types\/page"}],"author":[{"embeddable":true,"href":"https:\/\/www.gartenakademie.org\/index.php?rest_route=\/wp\/v2\/users\/2"}],"replies":[{"embeddable":true,"href":"https:\/\/www.gartenakademie.org\/index.php?rest_route=%2Fwp%2Fv2%2Fcomments&post=1304"}],"version-history":[{"count":13,"href":"https:\/\/www.gartenakademie.org\/index.php?rest_route=\/wp\/v2\/pages\/1304\/revisions"}],"predecessor-version":[{"id":1318,"href":"https:\/\/www.gartenakademie.org\/index.php?rest_route=\/wp\/v2\/pages\/1304\/revisions\/1318"}],"up":[{"embeddable":true,"href":"https:\/\/www.gartenakademie.org\/index.php?rest_route=\/wp\/v2\/pages\/56"}],"wp:featuredmedia":[{"embeddable":true,"href":"https:\/\/www.gartenakademie.org\/index.php?rest_route=\/wp\/v2\/media\/1301"}],"wp:attachment":[{"href":"https:\/\/www.gartenakademie.org\/index.php?rest_route=%2Fwp%2Fv2%2Fmedia&parent=1304"}],"curies":[{"name":"wp","href":"https:\/\/api.w.org\/{rel}","templated":true}]}}