{"id":131,"date":"2013-04-06T17:31:29","date_gmt":"2013-04-06T15:31:29","guid":{"rendered":"http:\/\/www.gartenakademie.org\/?page_id=131"},"modified":"2020-10-06T06:25:54","modified_gmt":"2020-10-06T04:25:54","slug":"wilm-weppelmann","status":"publish","type":"page","link":"https:\/\/www.gartenakademie.org\/?page_id=131","title":{"rendered":"Wilm Weppelmann"},"content":{"rendered":"<p><strong>Wilm Weppelmann und die Freie Gartenakademie<\/strong><\/p>\n<p>Der M\u00fcnsteraner K\u00fcnstler Wilm Weppelmann gr\u00fcndete 2006 die Freie Gartenakademie. Ein Kuriosum: Der Ort der Veranstaltungen ist Weppelmanns (Schreber-)Garten in M\u00fcnster. Wilm Weppelmann gestaltet die Programmarbeit und \u00fcbernimmt die organisatorische Leitung der Freien Gartenakademie.\u00a0 Er ist auch Vorsitzender des Tr\u00e4gervereins &#8222;<a href=\"http:\/\/www.kuturgruen.org\">Kulturgr\u00fcn e. V.&#8220;.<\/a><\/p>\n<p><strong>Art is important impossible # wilm weppelmann\u00a0 artist <\/strong><\/p>\n<p><!-- [if gte mso 9]><xml>\n<w:WordDocument>\n<w:View>Normal<\/w:View>\n<w:Zoom>0<\/w:Zoom>\n<w:HyphenationZone>21<\/w:HyphenationZone>\n<w:Compatibility>\n<w:BreakWrappedTables\/>\n<w:SnapToGridInCell\/>\n<w:ApplyBreakingRules\/>\n<w:WrapTextWithPunct\/>\n<w:UseAsianBreakRules\/>\n<w:UseFELayout\/>\n<\/w:Compatibility>\n<w:BrowserLevel>MicrosoftInternetExplorer4<\/w:BrowserLevel>\n<\/w:WordDocument>\n<\/xml><![endif]--><\/p>\n<p><!-- [if gte mso 10]>\n\n\n\n<style>\n \/* Style Definitions *\/<br \/>\n table.MsoNormalTable<br \/>\n\t{mso-style-name:\"Normale Tabelle\";<br \/>\n\tmso-tstyle-rowband-size:0;<br \/>\n\tmso-tstyle-colband-size:0;<br \/>\n\tmso-style-noshow:yes;<br \/>\n\tmso-style-parent:\"\";<br \/>\n\tmso-padding-alt:0cm 5.4pt 0cm 5.4pt;<br \/>\n\tmso-para-margin:0cm;<br \/>\n\tmso-para-margin-bottom:.0001pt;<br \/>\n\tmso-pagination:widow-orphan;<br \/>\n\tfont-size:10.0pt;<br \/>\n\tfont-family:\"Times New Roman\";}<br \/>\n<\/style>\n\n<![endif]--><\/p>\n<p class=\"MsoNormal\"><b>Kurzinfo:<\/b> Wilm Weppelmann wurde 1957 in L\u00fcdinghausen geboren\u00a0 als Sohn einer westf\u00e4lischen Handwerksfamilie, aufgewachsen ist er in dem kleinen Dorf Ottmarsbocholt. Nach den \u00fcblichen Schulstufen studierte er in M\u00fcnster Germanistik, Publizistik und Philosophie. Seine berufliche Laufbahn im Kultursektor begann als Dramaturgie-Assistent am Zimmertheater in M\u00fcnster (heute: Wolfgang-Borchert-Theater). Sp\u00e4ter entwickelte er im Management von verschiedenen mittelst\u00e4ndischen Verlagsh\u00e4usern ( u.a. Harenberg Verlag Dortmund) eine besondere Affinit\u00e4t zum Medium Buch. 2001 lie\u00df er den kommerziellen Buchmarkt\u00a0 hinter sich und \u00f6ffnete sich <span style=\"mso-spacerun: yes;\">\u00a0<\/span>als freischaffender K\u00fcnstler und Autor neuen Themen und Arbeitsweisen mit den Schwerpunkten Konzeptkunst und Fotografie. Seit 2005 nimmt die k\u00fcnstlerische Auseinandersetzung mit dem Thema Garten einen wachsenden Raum ein.<\/p>\n<p class=\"MsoNormal\"><strong>Einzelausstellungen:<\/strong> u.a. Stadtmuseum M\u00fcnster, Museum f\u00fcr Sepulkralkultur\/Kassel\u00a0 &#8211; Projekte<strong>:<\/strong> Freie Gartenakademie # <a href=\"http:\/\/www.afarm.de\">aFARM <\/a>eine Installation von Wilm Weppelmann\u00a0 # The Faces of the Photographer # Der erste Winterschlaf von Wilm Weppelmann # The Hunger Garden # <a href=\"http:\/\/www.gardenstreet.de\" target=\"_blank\" rel=\"noopener noreferrer\">gardenstreet.de<\/a> # u.a.<\/p>\n<p class=\"MsoNormal\">weiterf\u00fchrende Links: <a href=\"http:\/\/www.weppelmann.de\">\u00a0Wilm Weppelmann Webseite<\/a> # <a href=\"http:\/\/www.muensterwiki.de\/index.php\/Wilm_Weppelmann\">Der K\u00fcnstler und die Stadt M\u00fcnster\u00a0 <\/a># <a href=\"http:\/\/www.welt.de\/welt_print\/vermischtes\/article8113462\/Zwischen-Kant-und-Kuerbis.html\">Welt am Sonntag Artike<\/a>l #\u00a0 <a href=\"http:\/\/www.youtube.com\/results?search_query=wilm+weppelmann&amp;oq=wilm+weppelmann\">Youtube Videos <\/a><\/p>\n<p style=\"text-align: center;\"><a href=\"http:\/\/www.gartenakademie.org\/wp-content\/uploads\/2013\/04\/18-Finissage.jpg\"><img loading=\"lazy\" class=\"size-medium wp-image-185 aligncenter\" src=\"http:\/\/www.gartenakademie.org\/wp-content\/uploads\/2013\/04\/18-Finissage-200x300.jpg\" alt=\"18 Finissage\" width=\"200\" height=\"300\" srcset=\"https:\/\/www.gartenakademie.org\/wp-content\/uploads\/2013\/04\/18-Finissage-200x300.jpg 200w, https:\/\/www.gartenakademie.org\/wp-content\/uploads\/2013\/04\/18-Finissage.jpg 236w\" sizes=\"(max-width: 200px) 100vw, 200px\" \/><\/a><\/p>\n<p style=\"text-align: center;\"><em>Wilm Weppelmann &#8211;\u00a0 Performance zum Abschluss des Projekts &#8222;The Hunger Garden II&#8220; 2012\u00a0 &#8211; Fotografie: Bernhard Kils &#8211; alle Rechte vorbehalten<\/em><\/p>\n","protected":false},"excerpt":{"rendered":"<p>Wilm Weppelmann und die Freie Gartenakademie Der M\u00fcnsteraner K\u00fcnstler Wilm Weppelmann gr\u00fcndete 2006 die Freie Gartenakademie. Ein Kuriosum: Der Ort<\/p>\n","protected":false},"author":2,"featured_media":0,"parent":0,"menu_order":0,"comment_status":"closed","ping_status":"closed","template":"","meta":[],"_links":{"self":[{"href":"https:\/\/www.gartenakademie.org\/index.php?rest_route=\/wp\/v2\/pages\/131"}],"collection":[{"href":"https:\/\/www.gartenakademie.org\/index.php?rest_route=\/wp\/v2\/pages"}],"about":[{"href":"https:\/\/www.gartenakademie.org\/index.php?rest_route=\/wp\/v2\/types\/page"}],"author":[{"embeddable":true,"href":"https:\/\/www.gartenakademie.org\/index.php?rest_route=\/wp\/v2\/users\/2"}],"replies":[{"embeddable":true,"href":"https:\/\/www.gartenakademie.org\/index.php?rest_route=%2Fwp%2Fv2%2Fcomments&post=131"}],"version-history":[{"count":25,"href":"https:\/\/www.gartenakademie.org\/index.php?rest_route=\/wp\/v2\/pages\/131\/revisions"}],"predecessor-version":[{"id":2770,"href":"https:\/\/www.gartenakademie.org\/index.php?rest_route=\/wp\/v2\/pages\/131\/revisions\/2770"}],"wp:attachment":[{"href":"https:\/\/www.gartenakademie.org\/index.php?rest_route=%2Fwp%2Fv2%2Fmedia&parent=131"}],"curies":[{"name":"wp","href":"https:\/\/api.w.org\/{rel}","templated":true}]}}