{"id":152,"date":"2013-04-07T16:25:08","date_gmt":"2013-04-07T14:25:08","guid":{"rendered":"http:\/\/www.gartenakademie.org\/?page_id=152"},"modified":"2020-10-05T08:18:54","modified_gmt":"2020-10-05T06:18:54","slug":"der-verein-2","status":"publish","type":"page","link":"https:\/\/www.gartenakademie.org\/?page_id=152","title":{"rendered":"Kulturgr\u00fcn e. V."},"content":{"rendered":"<p style=\"text-align: center;\"><strong><a href=\"http:\/\/www.gartenakademie.org\/wp-content\/uploads\/2013\/03\/kulturgr\u00fcn2.jpg\"><img loading=\"lazy\" class=\"size-medium wp-image-150 aligncenter\" src=\"http:\/\/www.gartenakademie.org\/wp-content\/uploads\/2013\/03\/kulturgr\u00fcn2-300x131.jpg\" alt=\"kulturgr\u00fcn\" width=\"300\" height=\"131\" srcset=\"https:\/\/www.gartenakademie.org\/wp-content\/uploads\/2013\/03\/kulturgr\u00fcn2-300x131.jpg 300w, https:\/\/www.gartenakademie.org\/wp-content\/uploads\/2013\/03\/kulturgr\u00fcn2.jpg 591w\" sizes=\"(max-width: 300px) 100vw, 300px\" \/><\/a>Tr\u00e4ger der \u201cFreien Gartenakademie\u201d\u00a0<\/strong><strong> ist der Verein \u201cKulturgr\u00fcn e. V.\u201d\u00a0 M\u00fcnster.<br \/>\n<\/strong><\/p>\n<p><strong>Kulturgr\u00fcn e. V.\u00a0 M\u00fcnster (Westfalen)<br \/>\n<\/strong><\/p>\n<ul>\n<li>Briefadresse: Kulturgr\u00fcn e. V.\u00a0\u00a0 Postfach 8404\u00a0\u00a0\u00a0\u00a0 48045 M\u00fcnster Germany<\/li>\n<li>Hausadresse: Kulturgr\u00fcn e. V.\u00a0\u00a0 Schmale Str. 21\u00a0\u00a0 48149 M\u00fcnster Germany<\/li>\n<li>1. Vorsitzender Wilm Weppelmann<\/li>\n<li>Tel. 0251\/25211 Fax 0251\/25212\u00a0 <a href=\"http:\/\/www.kuturgruen.org\">www.kulturgruen.org <\/a><\/li>\n<li>info@kulturgruen.org<\/li>\n<li>Vereinsregister M\u00fcnster Nr. 4693 und vom Finanzamt als gemeinn\u00fctzig anerkannt.<\/li>\n<li>Alle Rechte vorbehalten\u00a0 <strong><strong>\u00a9 wilm@weppelmann.de<\/strong><\/strong><\/li>\n<\/ul>\n<p><strong>weitere gef\u00f6rderte Projekte von \u201cKulturgr\u00fcn e. V.\u201d :<\/strong> <a href=\"http:\/\/www.britnic.de\">Britnic \u2013 the picnic <\/a># <a href=\"http:\/\/www.worldgardener.de\">V\u00f6lker aller G\u00e4rtner<\/a> # <a href=\"http:\/\/www.gartennah.de\">GARTENNAH &#8211; G\u00e4rtnern lieben lernen<\/a>\u00a0 # The Hunger Garden II\u00a0 # <a href=\"http:\/\/ wiega.org\">WIEGA &#8211; der Aktivgarten<\/a><\/p>\n<p><b>Konzept und Selbstverst\u00e4ndnis von \u201eKulturgr\u00fcn e. V.\u201c M\u00fcnster <\/b><\/p>\n<p><b>1. Entwicklung<\/b><\/p>\n<p>Am 17.4.2007 wurde der Verein \u201eFreie Gartenakademie e. V.\u201c in M\u00fcnster gegr\u00fcndet und als gemeinn\u00fctzig anerkannt. Im Mittelpunkt der Vereinsarbeit stand die Durchf\u00fchrung und Tr\u00e4gerschaft f\u00fcr die j\u00e4hrlich stattfindende \u201eFreie Gartenakademie\u201c. Mit gro\u00dfem Erfolg und internationaler Beteiligung hat sich dieses kleine Kulturformat einen guten Ruf erobert und ist auch weit \u00fcber Nordrhein-Westfalen bekannt geworden. Unz\u00e4hlige Medienberichte begleiten die Entwicklung der \u201eFreien Gartenakademie\u201c. Mit den Jahren entwickelte der Verein auch andere Veranstaltungsprojekte, die au\u00dferhalb der \u201eFreien Gartenakademie\u201c stattfanden, so dass es auf der Hand lag, den Vereinsnamen neu, also offener aber auch klarer zu positionieren. Mit dem 31.3.2012 beschloss die Mitgliederversammlung einstimmig eine Umbenennung des Vereins in \u201eKulturgr\u00fcn e. V.\u201c vorzunehmen, alle angegliederten Projekte wie \u201eFreie Gartenakademie\u201c und \u201eThe Britnic\u201c behalten dabei ihre eigene Identit\u00e4t und Kraft.<\/p>\n<p><b>2. Aufgabe<\/b><\/p>\n<p>Der Verein \u201eKulturgr\u00fcn e. V.\u201c sieht sich als <b>Tr\u00e4ger- und Dachverein<\/b>, Initiator und organisatorischer Kreativpartner f\u00fcr die Suche nach neuen, innovativen kulturellen Darstellungsformen und Themenblickwinkel im st\u00e4dtischen Raum und ihrer entsprechenden Umsetzung. Ein besonderer Schwerpunkt sind dabei Umwelt- und Gartenthemen. \u201eKulturgr\u00fcn e. V.\u201c hat sich dabei einem besonderen gesellschaftlichen und sozialen Engagement verschrieben, das auch international Akzente setzen will. \u201eKulturgr\u00fcn e. V.\u201c entwickelt sich zur Heimat der unterschiedlichsten Kreativprojekte. Die Durchf\u00fchrung von Open Air Veranstaltungen im \u00f6ffentlichen Raum steht im Mittelpunkt. Stadtraum wird Kulturort, Stadtraum wird Kulturgr\u00fcn.<\/p>\n<p><b>\u201eKulturgr\u00fcn\u201c m\u00f6chte <\/b>aktivieren, elektrisieren, initiieren, agieren, organisieren, am\u00fcsieren, kultivieren, inspirieren, moderieren, rezipieren, analysieren, argumentieren, botanisieren, dechiffrieren, schockieren, debattieren, desillusionieren, dialogisieren, differenzieren, diskutieren, dokumentieren, studieren, dramatisieren, fabulieren, skizzieren, experimentieren, fabulieren, illuminieren, interpretieren, irritieren, konfrontieren, konkretisieren, kooperieren, akzentuieren, koordinieren, kultivieren, orientieren, phantasieren, protestieren, diagnostizieren, pulsieren, recherchieren, revoltieren, sensibilisieren, stimulieren \u2026 und noch viel mehr.<\/p>\n<p><b>Grundlage <\/b>der Vereinsarbeit ist das Prinzip Hoffnung, eine humanistische Wertsch\u00e4tzung und das Wissen, um eine weitreichende ethische und \u00f6kologische Verantwortung f\u00fcr den Handlungsspielraum des Menschen.<\/p>\n<p><b>3. Organisation<\/b><\/p>\n<p>Die Anzahl der Vereinsmitglieder war immer sehr \u00fcberschaubar. Die konkrete Projektarbeit verteilte sich auf wenige Schultern. Fast alle Veranstaltungen waren auf Basis von freiwilligen Kostenbeitr\u00e4gen, das reichte aber bei weitem nicht aus um die Sachkosten zu decken. Durch \u00f6ffentliche F\u00f6rderung und Sponsoren wurde dann die Realisierung der Projekte gew\u00e4hrleistet. Ab 2019 \u00f6ffnet sich der Verein st\u00e4rker nach au\u00dfen und intensiviert die Mitgliederwerbung, die sich in Projektgruppen organisieren. Auch werden Projekte entwickelt, die langfristig die Existenz des Vereins finanziell absichern helfen, denn es kann nicht davon ausgegangen werden, dass die \u00f6ffentliche Hand besseren Zeiten entgegengeht.<\/p>\n<p><b>M\u00fcnster, den 3.03.2013 \u201cKulturgr\u00fcn e. V.\u201d <\/b><\/p>\n<p style=\"text-align: center;\"><em>\u00a0<\/em><\/p>\n<figure id=\"attachment_153\" aria-describedby=\"caption-attachment-153\" style=\"width: 295px\" class=\"wp-caption aligncenter\"><a href=\"http:\/\/www.gartenakademie.org\/wp-content\/uploads\/2013\/04\/DSCF0189-bearbeitet.jpg\"><img loading=\"lazy\" class=\"wp-image-153 size-full\" src=\"http:\/\/www.gartenakademie.org\/wp-content\/uploads\/2013\/04\/DSCF0189-bearbeitet.jpg\" alt=\"\" width=\"295\" height=\"221\" \/><\/a><figcaption id=\"caption-attachment-153\" class=\"wp-caption-text\">Gr\u00fcndungsteam des Vereins am 17.4.2007<\/figcaption><\/figure>\n","protected":false},"excerpt":{"rendered":"<p>Tr\u00e4ger der \u201cFreien Gartenakademie\u201d\u00a0 ist der Verein \u201cKulturgr\u00fcn e. V.\u201d\u00a0 M\u00fcnster. Kulturgr\u00fcn e. V.\u00a0 M\u00fcnster (Westfalen) Briefadresse: Kulturgr\u00fcn e. V.\u00a0\u00a0<\/p>\n","protected":false},"author":2,"featured_media":0,"parent":0,"menu_order":0,"comment_status":"closed","ping_status":"closed","template":"","meta":[],"_links":{"self":[{"href":"https:\/\/www.gartenakademie.org\/index.php?rest_route=\/wp\/v2\/pages\/152"}],"collection":[{"href":"https:\/\/www.gartenakademie.org\/index.php?rest_route=\/wp\/v2\/pages"}],"about":[{"href":"https:\/\/www.gartenakademie.org\/index.php?rest_route=\/wp\/v2\/types\/page"}],"author":[{"embeddable":true,"href":"https:\/\/www.gartenakademie.org\/index.php?rest_route=\/wp\/v2\/users\/2"}],"replies":[{"embeddable":true,"href":"https:\/\/www.gartenakademie.org\/index.php?rest_route=%2Fwp%2Fv2%2Fcomments&post=152"}],"version-history":[{"count":12,"href":"https:\/\/www.gartenakademie.org\/index.php?rest_route=\/wp\/v2\/pages\/152\/revisions"}],"predecessor-version":[{"id":2752,"href":"https:\/\/www.gartenakademie.org\/index.php?rest_route=\/wp\/v2\/pages\/152\/revisions\/2752"}],"wp:attachment":[{"href":"https:\/\/www.gartenakademie.org\/index.php?rest_route=%2Fwp%2Fv2%2Fmedia&parent=152"}],"curies":[{"name":"wp","href":"https:\/\/api.w.org\/{rel}","templated":true}]}}