{"id":1881,"date":"2015-08-24T06:56:13","date_gmt":"2015-08-24T04:56:13","guid":{"rendered":"http:\/\/www.gartenakademie.org\/?page_id=1881"},"modified":"2015-09-02T06:41:12","modified_gmt":"2015-09-02T04:41:12","slug":"10-freie-gartenakademie-2015-2","status":"publish","type":"page","link":"https:\/\/www.gartenakademie.org\/?page_id=1881","title":{"rendered":"10. Freie Gartenakademie 2015"},"content":{"rendered":"<h2 style=\"text-align: center;\"><a href=\"http:\/\/www.gartenakademie.org\/wp-content\/uploads\/2014\/01\/Plakatmotiv-klein.jpg\"><img loading=\"lazy\" class=\" wp-image-1646 aligncenter\" src=\"http:\/\/www.gartenakademie.org\/wp-content\/uploads\/2014\/01\/Plakatmotiv-klein.jpg\" alt=\"Plakatmotiv-klein\" width=\"423\" height=\"302\" srcset=\"https:\/\/www.gartenakademie.org\/wp-content\/uploads\/2014\/01\/Plakatmotiv-klein.jpg 354w, https:\/\/www.gartenakademie.org\/wp-content\/uploads\/2014\/01\/Plakatmotiv-klein-300x214.jpg 300w\" sizes=\"(max-width: 423px) 100vw, 423px\" \/><\/a><\/h2>\n<h2 style=\"text-align: center;\">Das Programm der 10. Freien Gartenakademie 2015<\/h2>\n<h3 style=\"text-align: center;\">Meine Stadt ist mein Garten<\/h3>\n<ul>\n<li>Programm und Organisation: Wilm Weppelmann<\/li>\n<li>Technische Assistenz: Christoph Otto Hetzel<\/li>\n<li>Ton: Andreas Wilting<\/li>\n<li>Tr\u00e4ger: Kulturgr\u00fcn e. V.<\/li>\n<li>mit freundlicher Unterst\u00fctzung durch: <a href=\"http:\/\/www.muenster.de\/stadt\/kulturamt\/\">Kulturamt der Stadt M\u00fcnster<\/a>, <a href=\"http:\/\/www.gartenreisen-laade.de\/\">Gartenreise Laade<\/a>, <a href=\"http:\/\/www.kleingarten.de\/\">Landesverband Westfalen und Lippe der Kleing\u00e4rtner e.V.<\/a><\/li>\n<\/ul>\n<p><strong>1. Er\u00f6ffnung Sa 13.6.2015<\/strong> 20 Uhr Vortrag mit Dr. Florentina Hausknotz (Ottensheim \u00d6sterreich) \u201eStadt denken \u2013 \u00dcber die Praxis der Freiheit im urbanen Zeitalter\u201c<\/p>\n<p>2. <strong><em>Freie Gartenakademie EXTRA<\/em><\/strong>\u00a0 <strong>in Kooperation mit \u201eFlurst\u00fccke 015 \u2013 Internationales Festival\u201c Veranstaltungsort: 48149 M\u00fcnster Steinfurter Str. 72 \u2013<\/strong> Fr 19. und Sa 20.6.2015 10 bis 20 Uhr mit: 19.6. 10 Uhr Vernissage \u2013 Installation von Wilm Weppelmann \u201eURBAN RESTRUCTION SITE I\u201c # Ausstellung \u201eDie Produktive Stadt \/Carrot City \u2013 Designing for Urban Agriculture\u201c # \u201e19.6. und 20.6 jeweils 16 Uhr \u201eIss Deine Stadt !! \u2013 Strosscoch\u00e4\u201c mit Maurice Maggi (Z\u00fcrich \/Schweiz) # 19.6 und 20.6. jeweils 14.00 \u2013 20.00 Paul Plamper \u201eDer Kauf I\u201c H\u00f6rspiel f\u00fcr Stadtbrachen # 19.6. 11.00 \u2013 13.00 Uhr Severin Halder (Berlin) \u201eGardening for young urbanists \u2013 Wissen wuchern lassen\u201c Workshop # 19.6. 14 \u2013 15 Uhr Dr. Philipp Stierand (Dortmund) \u201eZwischen urbanem Garten und Supermarkt: die Ern\u00e4hrungsrevolution beginnt in der Stadt\u201c # 20.6. 10.00 \u2013 11.00 Dr. Thomas H\u00f6velmann \u201eDie Welt ohne (mit) uns \u2013 Pionierpflanzen der Stadt\u201c Botanische F\u00fchrung<\/p>\n<p><strong>3. Die 30.6. 20 Uhr Kat Menschik (Berlin) \u201eDer goldene Grubber \u2013 Von gro\u00dfen Momenten und kleinen Niederlagen im Gartenjahr\u201c<\/strong> Making-Of \u2013 Die Kultillustratorin Kat Menschik redet \u00fcber ihr Buch und ihre Liebe zum Garten. \u201eDeutscher Gartenbuchpreis 2015\u201c \u201eStiftung Buchkunst \u2013 eines der sch\u00f6nsten deutschen B\u00fccher 2014\u201c<\/p>\n<p><strong>4. Do 2.7. 20 Uhr Konzertperformance \u201eHouston Westphalia \u2013 Rocket in Garden\u201c Trio RKet feat. Achim K\u00e4mper m<\/strong>it Jan Klare \u2013 Alt- und Basssaxophon # Luc Ex \u2013 Bassgitarre # Michael Vatcher \u2013 Drums # live mit Achim K\u00e4mper \u2013 Filmperformance<\/p>\n<p><strong>5. Die 7.7. 20 Uhr Lesung Peter W\u00fcrth (Hamburg) liest aus seinem Buch: \u00bbGr\u00fcne Liebe\u00ab<\/strong> Sch\u00f6ffling Verlag 2015<\/p>\n<p><strong>6. Sa 11.7. 20 Uhr Vortrag (englisch) Richard Reynolds (London UK) \u201eThe Growing Story of Guerilla Gardening\u201c<\/strong> und\u00a0 <strong>So 12.7. 11 Uhr Workshop mit Lyla und Richard Reynolds \u201eStreet Gardening\u201c #<\/strong> der Ort f\u00fcr Workshop wird noch bekanntgegeben, Voranmeldung ab 22.6. auf der Webseite www.gartenakademie.org<\/p>\n<p><strong>7. Do 16.7. 20 Uhr Lesung Ulla Lenze (Berlin)<\/strong> aus ihrem Buch \u201eDie endlose Stadt\u201c Frankfurter Verlagsanstalt, Frankfurt 2015<\/p>\n<p><strong>8. Mo 20.7. 20 Uhr Vortrag Dr. Elisabeth Meyer-Renschhausen (Berlin) \u201eDie Hauptstadtg\u00e4rtner\u201c<\/strong> Jaron Verlag 2015<\/p>\n<p><strong>9. Mo 27.7. 21 Uhr Filmabend mit Dr. Hans Gerhold (M\u00fcnster)<\/strong> \u201eStadtlandschaften von Metropolis bis Matrix -ein filmhistorischer Kameraschwenk von Dr. Hans Gerhold\u201c<\/p>\n<p><strong>10. Fr 31.7. 20 Uhr Vortrag Almut Jirku (Berlin)<\/strong> \u201eStadtGr\u00fcn \u2013 eine Positionsbestimmung der st\u00e4dtischen Freiraumplanung\u201c<\/p>\n<p><strong>11. Fr 7.8. 20 Uhr Sean Murray (Ashington UK) \u201eThe Story of my Garden Challenge Garden \u2013 The RHS Great Chelsea\u201c<\/strong> Sean Murray ist der Gewinner der Sendereihe BBC Two \u201eThe Great Chelsea Garden Challenge\u201c und sein Gartenentwurf wurde auf der Chelsea Flower Show 2015 verwirklicht \u2013 ein Beitrag zur Kampagne \u201eGreening Grey Britain\u201c<\/p>\n<p><strong>12. Fr 14.8. 20 Uhr\u00a0 Vortrag Joel Bird (London) \u201eAmazing Spaces in the City \u2013 The UK Shed of the Year\u201c<\/strong><\/p>\n<p>siehe Artikel Spiegel Online: <a href=\"http:\/\/www.spiegel.de\/panorama\/schuppen-des-jahres-wettbewerb-gewinner-im-interview-a-1036784.html\">Der Schuppen des Jahres Gewinner im Interview <\/a><\/p>\n<p><strong>13. So 16.8. 15 Uhr Nils Aulike (Kiel) liest aus dem Bilderbuch \u201eDer neugierige Garten\u201c von Peter Brown \u2013 ein Garten-Kinder-Nachmittag mit Nils Aulike und dem gr\u00fcnen Daumen von Marc Palancher (M\u00fcnster)<\/strong><\/p>\n<p><strong>14. Mi 19.8. 19 Uhr Vortrag mit Ute Scheub (Berlin) \u201eTerra Preta \u2013 neue Erde f\u00fcr die Stadt\u201c #<\/strong><\/p>\n<p><strong>15. Fr 21.8. 20 Uhr Vortrag Werner Heidemann (L\u00fcnen) \u201eStadt braucht Kleingarten \u2013<\/strong> Kleingarten braucht Stadt \u201c Werner Heidemann ist Pr\u00e4sidiumsmitglied des \u201eBundesverbands Deutscher Gartenfreunde e. V.\u201c Berlin und Gesch\u00e4ftsf\u00fchrer des Landesverbandes Westfalen und Lippe der Kleing\u00e4rtner.<\/p>\n<p><strong>16. Abschlussfest So\u00a0 23.8. 19 Uhr Konzert \u201eFAVO feat. Sander de Winne\u201c<\/strong> mit Volker Schlott (Berlin)- Sopransaxophon, Falk Breitkreuz (Berlin) \u2013 Bassklarinette, Sander de Winne \u2013 Gesang<br \/>\n\u201c Au\u00dfergew\u00f6hnliche \u201eBlasmusik\u201c mit der <strong>\u201ekleinsten groovenden Kapelle Berlins\u201c<\/strong><\/p>\n<p>&nbsp;<\/p>\n","protected":false},"excerpt":{"rendered":"<p>Das Programm der 10. Freien Gartenakademie 2015 Meine Stadt ist mein Garten Programm und Organisation: Wilm Weppelmann Technische Assistenz: Christoph<\/p>\n","protected":false},"author":2,"featured_media":0,"parent":0,"menu_order":0,"comment_status":"closed","ping_status":"closed","template":"","meta":[],"_links":{"self":[{"href":"https:\/\/www.gartenakademie.org\/index.php?rest_route=\/wp\/v2\/pages\/1881"}],"collection":[{"href":"https:\/\/www.gartenakademie.org\/index.php?rest_route=\/wp\/v2\/pages"}],"about":[{"href":"https:\/\/www.gartenakademie.org\/index.php?rest_route=\/wp\/v2\/types\/page"}],"author":[{"embeddable":true,"href":"https:\/\/www.gartenakademie.org\/index.php?rest_route=\/wp\/v2\/users\/2"}],"replies":[{"embeddable":true,"href":"https:\/\/www.gartenakademie.org\/index.php?rest_route=%2Fwp%2Fv2%2Fcomments&post=1881"}],"version-history":[{"count":3,"href":"https:\/\/www.gartenakademie.org\/index.php?rest_route=\/wp\/v2\/pages\/1881\/revisions"}],"predecessor-version":[{"id":1897,"href":"https:\/\/www.gartenakademie.org\/index.php?rest_route=\/wp\/v2\/pages\/1881\/revisions\/1897"}],"wp:attachment":[{"href":"https:\/\/www.gartenakademie.org\/index.php?rest_route=%2Fwp%2Fv2%2Fmedia&parent=1881"}],"curies":[{"name":"wp","href":"https:\/\/api.w.org\/{rel}","templated":true}]}}