{"id":201,"date":"2013-04-10T14:42:07","date_gmt":"2013-04-10T12:42:07","guid":{"rendered":"http:\/\/www.gartenakademie.org\/?page_id=201"},"modified":"2020-10-01T19:04:00","modified_gmt":"2020-10-01T17:04:00","slug":"der-garten","status":"publish","type":"page","link":"https:\/\/www.gartenakademie.org\/?page_id=201","title":{"rendered":"Der Garten"},"content":{"rendered":"<h3 style=\"text-align: center;\">The Allotment of Wilm Weppelmann &#8211; der Garten von Wilm Weppelmann<\/h3>\n<address style=\"text-align: center;\">\u201c.. and here\u00b4s a marvellous convenient place for our rehearsal. This green plot shall be our stage, this hawthorn-brake our tiring-house; and we will do it in action ..\u201d\u00a0 William Shakespeare\u00a0 \u201cA Midsummer Night\u00b4s Dream\u201d<\/address>\n<address style=\"text-align: center;\">\u201c Und hier ist ein wunderbar bequemer Platz zu unserer Probe. Dieser gr\u00fcne Fleck soll unsere B\u00fchne sein, diese Wei\u00dfdornhecke unsere Ankleidekammer; und wir wollen es richtig als Aktion machen..\u201d\u00a0\u00a0 William Shakespeare \u201cSommernachtstraum\u201d\u00a0 \u00dcbersetzung: Erich Fried<\/address>\n<address style=\"text-align: center;\">\u00a0<\/address>\n<address style=\"text-align: center;\"><a href=\"http:\/\/www.gartenakademie.org\/wp-content\/uploads\/2013\/04\/Der-Garten-1.jpg\"><img loading=\"lazy\" class=\"size-medium wp-image-204 aligncenter\" src=\"http:\/\/www.gartenakademie.org\/wp-content\/uploads\/2013\/04\/Der-Garten-1-300x225.jpg\" alt=\"Der Garten 1\" width=\"300\" height=\"225\" srcset=\"https:\/\/www.gartenakademie.org\/wp-content\/uploads\/2013\/04\/Der-Garten-1-300x225.jpg 300w, https:\/\/www.gartenakademie.org\/wp-content\/uploads\/2013\/04\/Der-Garten-1.jpg 773w\" sizes=\"(max-width: 300px) 100vw, 300px\" \/><\/a><\/address>\n<address style=\"text-align: center;\">Gro\u00dfplakat im Garten von Wilm Weppelmann<\/address>\n<address style=\"text-align: center;\">\u00a0<\/address>\n<address style=\"text-align: center;\"><a href=\"http:\/\/www.gartenakademie.org\/wp-content\/uploads\/2013\/04\/Richard-Reynolds04.07.2009-19-28-03_073_resize.jpg\"><img loading=\"lazy\" class=\"size-medium wp-image-210 aligncenter\" src=\"http:\/\/www.gartenakademie.org\/wp-content\/uploads\/2013\/04\/Richard-Reynolds04.07.2009-19-28-03_073_resize-300x199.jpg\" alt=\"Freie Gartenakademie\" width=\"300\" height=\"199\" srcset=\"https:\/\/www.gartenakademie.org\/wp-content\/uploads\/2013\/04\/Richard-Reynolds04.07.2009-19-28-03_073_resize-300x199.jpg 300w, https:\/\/www.gartenakademie.org\/wp-content\/uploads\/2013\/04\/Richard-Reynolds04.07.2009-19-28-03_073_resize.jpg 778w\" sizes=\"(max-width: 300px) 100vw, 300px\" \/><\/a><\/address>\n<address style=\"text-align: center;\">Kulturgarten mit Beamer &#8211; Richard Reynolds 2009<\/address>\n<address style=\"text-align: center;\">\u00a0<a href=\"http:\/\/www.gartenakademie.org\/wp-content\/uploads\/2013\/04\/P1010035_resize.jpg\"><img loading=\"lazy\" class=\"size-medium wp-image-209 aligncenter\" src=\"http:\/\/www.gartenakademie.org\/wp-content\/uploads\/2013\/04\/P1010035_resize-300x224.jpg\" alt=\"Freie Gartenakademie\" width=\"300\" height=\"224\" srcset=\"https:\/\/www.gartenakademie.org\/wp-content\/uploads\/2013\/04\/P1010035_resize-300x224.jpg 300w, https:\/\/www.gartenakademie.org\/wp-content\/uploads\/2013\/04\/P1010035_resize.jpg 410w\" sizes=\"(max-width: 300px) 100vw, 300px\" \/><\/a><\/address>\n<address style=\"text-align: center;\">\u00a0.. hier w\u00e4chst nicht nur Kultur<\/address>\n<p style=\"text-align: left;\">Rund 400 qm Schrebergarten reichen aus, um die Gartenwelt nach M\u00fcnster zu locken. Fast 150 Veranstaltungen haben dort stattgefunden. Tausende Besucher lie\u00dfen sich schon in diesem K\u00fcnstlergarten\u00a0 inspirieren.\u00a0 Trotz der umfangreichen Vorbereitungsarbeiten f\u00fcr die Freie Gartenakademie bleibt\u00a0 die eigentliche Erdarbeit f\u00fcr Wilm Weppelmann nicht auf der Strecke, denn Jahr f\u00fcr Jahr erntet er reichlich. Auch sein Lieblingsgem\u00fcse der Rotkohl taucht in allen Beeten auf, selbst in den Blumenreihen schimmern des Rotkohls violett blaue T\u00f6ne durch. &#8222;Ich wachse mit meinem Garten.&#8220; sagt er und meint damit auch die geistige Nahrung, die er aus seiner k\u00fcnstlerischen Gartenwelt zieht. Er versteht sich als Kulturg\u00e4rtner,\u00a0 begeisterter Kleing\u00e4rtner, aber auch G\u00e4rtner mit einem wilden Herzen, das beweist er Jahr f\u00fcr Jahr mit seinen Gem\u00fcsestrassenbeeten im Stadtbild von M\u00fcnster. Im Mittelpunkt steht aber seine Schrebergartenscholle, der er immer wieder neue Gartenabenteuer abgewinnt. 400 qm Anst\u00f6sse f\u00fcr ein aufregendes Gartenleben, denn jeder Kleingarten ist so gro\u00df, wie man selber ist.<\/p>\n<p>weiterf\u00fchrende Links: &#8222;Hochkultur im Kleingarten. &#8220; in Stadtgefl\u00fcster M\u00e4rz 2010\u00a0\u00a0 # &#8222;Zwischen Kant und K\u00fcrbis&#8220; <a href=\"http:\/\/www.welt.de\/welt_print\/vermischtes\/article8113462\/Zwischen-Kant-und-Kuerbis.html\" target=\"_blank\" rel=\"noopener noreferrer\">Welt am Sonntag 20.6.2010<\/a>\u00a0\u00a0 # &#8222;Blechbl\u00e4ser im Kartoffelbeet&#8220; in Stefan Leppert <a href=\"http:\/\/www.amazon.de\/Paradies-mit-Laube-Deutschlands-Schreberg%C3%A4rten\/dp\/3421036896\">&#8222;Paradies mit Laube&#8220; <\/a>M\u00fcnchen dva Verlag 2009.\u00a0 S. 109 ff.<\/p>\n","protected":false},"excerpt":{"rendered":"<p>The Allotment of Wilm Weppelmann &#8211; der Garten von Wilm Weppelmann \u201c.. and here\u00b4s a marvellous convenient place for our<\/p>\n","protected":false},"author":2,"featured_media":0,"parent":47,"menu_order":0,"comment_status":"closed","ping_status":"closed","template":"","meta":[],"_links":{"self":[{"href":"https:\/\/www.gartenakademie.org\/index.php?rest_route=\/wp\/v2\/pages\/201"}],"collection":[{"href":"https:\/\/www.gartenakademie.org\/index.php?rest_route=\/wp\/v2\/pages"}],"about":[{"href":"https:\/\/www.gartenakademie.org\/index.php?rest_route=\/wp\/v2\/types\/page"}],"author":[{"embeddable":true,"href":"https:\/\/www.gartenakademie.org\/index.php?rest_route=\/wp\/v2\/users\/2"}],"replies":[{"embeddable":true,"href":"https:\/\/www.gartenakademie.org\/index.php?rest_route=%2Fwp%2Fv2%2Fcomments&post=201"}],"version-history":[{"count":14,"href":"https:\/\/www.gartenakademie.org\/index.php?rest_route=\/wp\/v2\/pages\/201\/revisions"}],"predecessor-version":[{"id":2740,"href":"https:\/\/www.gartenakademie.org\/index.php?rest_route=\/wp\/v2\/pages\/201\/revisions\/2740"}],"up":[{"embeddable":true,"href":"https:\/\/www.gartenakademie.org\/index.php?rest_route=\/wp\/v2\/pages\/47"}],"wp:attachment":[{"href":"https:\/\/www.gartenakademie.org\/index.php?rest_route=%2Fwp%2Fv2%2Fmedia&parent=201"}],"curies":[{"name":"wp","href":"https:\/\/api.w.org\/{rel}","templated":true}]}}