{"id":2106,"date":"2016-08-26T11:06:30","date_gmt":"2016-08-26T09:06:30","guid":{"rendered":"http:\/\/www.gartenakademie.org\/?page_id=2106"},"modified":"2017-07-15T08:08:01","modified_gmt":"2017-07-15T06:08:01","slug":"12-freie-gartenakademie-2017","status":"publish","type":"page","link":"https:\/\/www.gartenakademie.org\/?page_id=2106","title":{"rendered":"12. Freie Gartenakademie 2017"},"content":{"rendered":"<p><strong>Das Gesamtprogramm 2017 &#8211; &#8222;Quer ins Beet &#8211; ein anregende Kulturlese&#8220;<\/strong><\/p>\n<p>Die 13.6. 20 Uhr Er\u00f6ffnungsvortrag des franz\u00f6sischen Ethnologen und Anthropologen Marc Aug\u00e9 (Paris\/Frankreich) \u201eLieux et non-lieux \u2013 une observation ethnologique\u201c &#8211;<br \/>\nFr 16.6. 16 Uhr Gastspiel Theater M\u00fcnster: Junges Theater Mobil \u2013 Mike Kenny \u201eDer G\u00e4rtner \/ DE G\u00c4\u00d6RNER\u201c (Theater f\u00fcr alle ab 4 Jahre) mit Hannes Demming und Manuel Herwig<\/p>\n<p>So 18.6. 19 Uhr Vortrag (Englisch) Yuko Tanabe Nagamura (Kumamoto-shi, Japan) \u201eIn der ganzen (Garten)Welt zu Hause &#8211; die japanische Landschaftsg\u00e4rtnerin Yuko Tanabe Nagamura\u201c<\/p>\n<p>Sa 24.6. 20 Uhr Vortrag Frank Sch\u00e4fer (Braunschweig) \u201eHenry David Thoreau &#8211; Waldg\u00e4nger und Rebell. Eine Biographie\u201c<\/p>\n<p>So 25.6. 19 Uhr Dr. Elisabeth Meyer-Renschhausen (Berlin) \u201eG\u00e4rtnern f\u00fcr alle &#8211; die sozialen Dimensionen des G\u00e4rtnerns\u201c<\/p>\n<p>Do 29.6. 20 Uhr Konzert mit dem Quartett \u201e1000\u201c: \u201e1000 Anthems to avoid Nationalism\u201c<br \/>\nBesetzung: Joode \/ Vatcher \/ Maris \/ Klare<br \/>\nJuli<br \/>\nSa 1.7. 16 Uhr \u201eTherapie f\u00fcr Gartenhasser &#8211; am\u00fcsantes Gartentherapeutikum\u201c mit Gabi Sutter<br \/>\nDo 6.7. 20 Uhr Lesung mit dem \u00dcbersetzer Rainer G. Schmidt (Berlin) \u201eDie Tageb\u00fccher von Henry David Thoreau\u201c<br \/>\nDie 11.7. 20 Uhr Eric Erbacher (M\u00fcnster) \u201eLeo Marx &#8211; Technologie und das pastorale Ideal in Amerika\u201c Vortrag<br \/>\nDo 20.7. 19 Uhr Ulrich Grober (Marl) \u201eVom leisen Atem der Zukunft\u201c Vortrag<br \/>\nFr 28.7. 20 Uhr Timm Ulrichs (Hannover) \u201e\u00dcber die Fortpflanzung von Ideen II \u2013 Ein Gartengespr\u00e4ch zur Kunst im \u00f6ffentlichen Raum\u201c<br \/>\nAugust<br \/>\nDo 24.8. 20 Uhr Vortrag Elke Strauchenbruch (Wittenberg) \u201eLuthers Paradiesgarten\u201c Vortrag<br \/>\nSo 27.8. 16 Uhr Rochus Aust (K\u00f6ln) \u201eRESONATING SUITCASE &#8211; HAUSKONZERT-MINIATUREN &#8211; Klangpflanzung\u201c Performance Treffpunkt: M\u00fcnster Kreuzung Langemarckstr. \/ Wermelingstr.<br \/>\nMi 30.8. 20 Uhr Dr. Ralf Hammecke (M\u00fcnster) \u201eDer letzte Garten \u2013 eine Kulturgeschichte\u201c<br \/>\nSeptember<br \/>\nSo 3.9. 20 Uhr Der Abschluss der 12. Freien Gartenakademie 2017<\/p>\n<p><strong>Veranstaltungsort:<\/strong> Gartenanlage Langemarckstr. 73 in M\u00fcnster (Westfalen), bei jedem Wetter und mit einemleichten Regenzeltschutz, Eintritt: frei(willig), begrenztes Platzangebot, keine Reservierung m\u00f6glich, Einlass eine halbe Stunde vor Beginn Programmarbeit und Organisation: Wilm Weppelmann &#8211; wilm@weppelmann.de &#8211; alle<br \/>\nRechte vorbehalten Tr\u00e4ger: Kulturgr\u00fcn e. V. Postfach 8404 48045 M\u00fcnster www.gartenakademie.org info@gartenakademie.org Tel. 0251\/25211 Fax 0251 \/25212<\/p>\n<p><span style=\"color: #ff0000;\">Vorank\u00fcndigung:\u00a0 (jetzt im Vorverkauf im WN-Ticket-Shop und online unter www.dieausgrabung.de ) <\/span><\/p>\n<p><span style=\"color: #ff0000;\"><strong>Vom 4.7. bis 16.7. die Urauff\u00fchrung im Schlossgarten M\u00fcnster:<\/strong><\/span><br \/>\n<span style=\"color: #ff0000;\"><strong>Die Ausgrabung \u2013 Operation Thoreau Aussteiger,<\/strong><\/span><\/p>\n<p>Naturfreund, Freigeist und Rebell: Henry David Thoreau (1817-1862)<br \/>\nDarsteller: Carsten Bender und Stefan N\u00e1szay # Regie: Manfred Kerklau # Dramaturgie und Produktion: Wilm Weppelmann<br \/>\n# Eine Produktions-Kooperation: Kulturgr\u00fcn e. V. und MA\u00a4KE Theaterproduktion # Vorverkauf ab 6. Juni im WN-Ticket-Shop und online unter <a href=\"http:\/\/www.gartenakademie.org\/?nltr=MzM7MTtodHRwOi8vd3d3LmRpZWF1c2dyYWJ1bmcuZGU7OzcxMWYyOGI3ZDE5ZTEyOWJjMTVhNDU2MmYxZjgzZDk2\">www.dieausgrabung.de<\/a><\/p>\n<p>&nbsp;<\/p>\n<p>&nbsp;<\/p>\n","protected":false},"excerpt":{"rendered":"<p>Das Gesamtprogramm 2017 &#8211; &#8222;Quer ins Beet &#8211; ein anregende Kulturlese&#8220; Die 13.6. 20 Uhr Er\u00f6ffnungsvortrag des franz\u00f6sischen Ethnologen und<\/p>\n","protected":false},"author":2,"featured_media":0,"parent":0,"menu_order":0,"comment_status":"closed","ping_status":"closed","template":"","meta":[],"_links":{"self":[{"href":"https:\/\/www.gartenakademie.org\/index.php?rest_route=\/wp\/v2\/pages\/2106"}],"collection":[{"href":"https:\/\/www.gartenakademie.org\/index.php?rest_route=\/wp\/v2\/pages"}],"about":[{"href":"https:\/\/www.gartenakademie.org\/index.php?rest_route=\/wp\/v2\/types\/page"}],"author":[{"embeddable":true,"href":"https:\/\/www.gartenakademie.org\/index.php?rest_route=\/wp\/v2\/users\/2"}],"replies":[{"embeddable":true,"href":"https:\/\/www.gartenakademie.org\/index.php?rest_route=%2Fwp%2Fv2%2Fcomments&post=2106"}],"version-history":[{"count":17,"href":"https:\/\/www.gartenakademie.org\/index.php?rest_route=\/wp\/v2\/pages\/2106\/revisions"}],"predecessor-version":[{"id":2215,"href":"https:\/\/www.gartenakademie.org\/index.php?rest_route=\/wp\/v2\/pages\/2106\/revisions\/2215"}],"wp:attachment":[{"href":"https:\/\/www.gartenakademie.org\/index.php?rest_route=%2Fwp%2Fv2%2Fmedia&parent=2106"}],"curies":[{"name":"wp","href":"https:\/\/api.w.org\/{rel}","templated":true}]}}