{"id":2329,"date":"2018-09-25T13:22:42","date_gmt":"2018-09-25T11:22:42","guid":{"rendered":"http:\/\/www.gartenakademie.org\/?page_id=2329"},"modified":"2018-09-25T13:22:42","modified_gmt":"2018-09-25T11:22:42","slug":"13-freie-gartenakademie-2018","status":"publish","type":"page","link":"https:\/\/www.gartenakademie.org\/?page_id=2329","title":{"rendered":"13. Freie Gartenakademie 2018"},"content":{"rendered":"\n<p><strong>13. Freie Gartenakademie 2018: \u201eVon verlorenen G\u00e4rten\u201c \u2013 \u00a014.6. bis 31.8. 2018<\/strong><\/p>\n\n\n\n<p><strong>\u201eIn einem Garten ging das Paradies verloren,<br\/>in einem Garten wird es wiedergefunden.\u201c<br\/><\/strong>nach Blaise Pascal \u201cPens\u00e9es\u201d<br\/><\/p>\n\n\n\n<ol><li>Er\u00f6ffnung am Donnerstag, den 14.6. 20 Uhr Prof. Dr. Ludwig Fischer (Kirchwalsede) \u201e\u00dcber Natur. Vom Umgang mit Paradoxien\u201c<\/li><li>Freitag, den 15.6. 21 Uhr Volker Gerling (Berlin) \u201eDaumenkinographie\u201c<\/li><li>Mittwoch, den 20.6 20 Uhr Torsten Matschiess \u00a0(Br\u00fcggen) \u00a0\u201eAvantgardening: Pl\u00e4doyer f\u00fcr gegenw\u00e4rtiges G\u00e4rtnern\u201c<\/li><li>Sonntag, den 24.6. 19 Uhr J\u00f6rg Pfenningschmidt (Hamburg) \u201eHier w\u00e4chst nichts \u2013 Notizen aus dem Garten\u201c<\/li><li>Mittwoch, den 11.7. 19 Uhr Eva Eberwein (Gaienhofen)\u00a0\u201eDer Garten von Hermann Hesse \u2013\u00a0Von der Wiederentdeckung einer verlorenen Welt \u201e<\/li><li>Freitag, den 20.7. 20 Uhr Stefan Leppert \u201eLost Gardens of Heligan\u201c<\/li><li>\u00a0Freitag, den 27.7. 21 Uhr (Totale Mondfinsternis) \u00a0\u201eAus dem Mondgarten\u201c eine Lesung mit Carsten Bender<\/li><li>Sonntag, den 29.7. 20 Uhr \u201eKlang und Stille\u201c ein Konzert mit Hilmar Hajek und\u00a0J\u00f6rg Kerll (Osnabr\u00fcck<\/li><li>Mittwoch, den 1.8. 20 Uhr Doroth\u00e9e Waechter (Essen)\u00a0\u201eVerloren im Garten? \u2013 \u00a0Von Anf\u00e4ngergl\u00fcck und kleinen Niederlagen\u201c<\/li><li>Samstag, den 4.8. 16 Uhr Sigrid Tinz \u201eSelbst ist die Pflanze\u201c<\/li><li>Freitag, den 24.8. 20 Uhr Prof. Dr. Gert Gr\u00f6ning (Berlin) \u201eVon verlorenen G\u00e4rten\u201c<\/li><li>Freitag, den 31.8. 20 Uhr \u2013 Abschlusskonzert mit Gudula Rosa (Blockfl\u00f6te),\u00a0Marko Kassl (Akkordeon)-\u00a0Gudula Rosa (Hochschule f\u00fcr Musik M\u00fcnster) sowie Marko Kassl \u00a0(Hochschule f\u00fcr Musik Detmold)\u00a0sind\u00a0Preistr\u00e4ger zahlreicher internationaler Musikwettbewerbe.<\/li><\/ol>\n","protected":false},"excerpt":{"rendered":"<p>13. Freie Gartenakademie 2018: \u201eVon verlorenen G\u00e4rten\u201c \u2013 \u00a014.6. bis 31.8. 2018 \u201eIn einem Garten ging das Paradies verloren,in einem<\/p>\n","protected":false},"author":2,"featured_media":0,"parent":0,"menu_order":0,"comment_status":"closed","ping_status":"closed","template":"","meta":[],"_links":{"self":[{"href":"https:\/\/www.gartenakademie.org\/index.php?rest_route=\/wp\/v2\/pages\/2329"}],"collection":[{"href":"https:\/\/www.gartenakademie.org\/index.php?rest_route=\/wp\/v2\/pages"}],"about":[{"href":"https:\/\/www.gartenakademie.org\/index.php?rest_route=\/wp\/v2\/types\/page"}],"author":[{"embeddable":true,"href":"https:\/\/www.gartenakademie.org\/index.php?rest_route=\/wp\/v2\/users\/2"}],"replies":[{"embeddable":true,"href":"https:\/\/www.gartenakademie.org\/index.php?rest_route=%2Fwp%2Fv2%2Fcomments&post=2329"}],"version-history":[{"count":1,"href":"https:\/\/www.gartenakademie.org\/index.php?rest_route=\/wp\/v2\/pages\/2329\/revisions"}],"predecessor-version":[{"id":2330,"href":"https:\/\/www.gartenakademie.org\/index.php?rest_route=\/wp\/v2\/pages\/2329\/revisions\/2330"}],"wp:attachment":[{"href":"https:\/\/www.gartenakademie.org\/index.php?rest_route=%2Fwp%2Fv2%2Fmedia&parent=2329"}],"curies":[{"name":"wp","href":"https:\/\/api.w.org\/{rel}","templated":true}]}}