{"id":257,"date":"2013-04-11T15:21:19","date_gmt":"2013-04-11T13:21:19","guid":{"rendered":"http:\/\/www.gartenakademie.org\/?page_id=257"},"modified":"2013-04-11T15:38:13","modified_gmt":"2013-04-11T13:38:13","slug":"impressum","status":"publish","type":"page","link":"https:\/\/www.gartenakademie.org\/?page_id=257","title":{"rendered":"Impressum"},"content":{"rendered":"<p style=\"text-align: center;\"><a href=\"http:\/\/www.gartenakademie.org\/wp-content\/uploads\/2013\/03\/kulturgr\u00fcn2.jpg\"><img loading=\"lazy\" class=\"size-medium wp-image-150 aligncenter\" alt=\"kulturgr\u00fcn\" src=\"http:\/\/www.gartenakademie.org\/wp-content\/uploads\/2013\/03\/kulturgr\u00fcn2-300x131.jpg\" width=\"300\" height=\"131\" srcset=\"https:\/\/www.gartenakademie.org\/wp-content\/uploads\/2013\/03\/kulturgr\u00fcn2-300x131.jpg 300w, https:\/\/www.gartenakademie.org\/wp-content\/uploads\/2013\/03\/kulturgr\u00fcn2.jpg 591w\" sizes=\"(max-width: 300px) 100vw, 300px\" \/><\/a><\/p>\n<p style=\"text-align: center;\"><strong>Tr\u00e4ger der \u201cFreien Gartenakademie\u201d ist der Verein \u201cKulturgr\u00fcn e.V.\u201d M\u00fcnster.<\/strong><\/p>\n<p style=\"text-align: center;\"><strong>Kulturgr\u00fcn e. V. M\u00fcnster (Westfalen)<\/strong><\/p>\n<p>Briefadresse: Kulturgr\u00fcn e. V. Postfach 8404 48045 M\u00fcnster Germany<br \/>\nHausadresse: Kulturgr\u00fcn e. V. Schmale Str. 21 48149 M\u00fcnster Germany<br \/>\n1. Vorsitzender Wilm Weppelmann<br \/>\nTel. 0251\/25211 Fax 0251\/25212 <a href=\"http:\/\/www.kuturgruen.org\">www.kulturgruen.org<\/a><br \/>\ninfo@kulturgruen.org<br \/>\nVereinsregister M\u00fcnster Nr. 4693 und vom Finanzamt als gemeinn\u00fctzig anerkannt.<br \/>\nAlle Rechte vorbehalten<a href=\"mailto: wilm@weppelmann.de\"> \u00a9 wilm@weppelmann.de<\/a> Bitte beachten Sie die Urheberrechtsvermerke und Nutzungseinschr\u00e4nkungen auch bei den einzelnen Beitr\u00e4gen.<\/p>\n<p><!--[if gte mso 9]><xml>\n<w:WordDocument>\n<w:View>Normal<\/w:View>\n<w:Zoom>0<\/w:Zoom>\n<w:HyphenationZone>21<\/w:HyphenationZone>\n<w:Compatibility>\n<w:BreakWrappedTables\/>\n<w:SnapToGridInCell\/>\n<w:ApplyBreakingRules\/>\n<w:WrapTextWithPunct\/>\n<w:UseAsianBreakRules\/>\n<w:UseFELayout\/>\n<\/w:Compatibility>\n<w:BrowserLevel>MicrosoftInternetExplorer4<\/w:BrowserLevel>\n<\/w:WordDocument>\n<\/xml><![endif]--><\/p>\n<p><!--[if gte mso 10]>\n\n\n\n<style>\n \/* Style Definitions *\/\n table.MsoNormalTable\n\t{mso-style-name:\"Normale Tabelle\";\n\tmso-tstyle-rowband-size:0;\n\tmso-tstyle-colband-size:0;\n\tmso-style-noshow:yes;\n\tmso-style-parent:\"\";\n\tmso-padding-alt:0cm 5.4pt 0cm 5.4pt;\n\tmso-para-margin:0cm;\n\tmso-para-margin-bottom:.0001pt;\n\ttext-align:justify;\n\ttext-justify:inter-ideograph;\n\tline-height:18.0pt;\n\tmso-pagination:none;\n\tmso-layout-grid-align:none;\n\tfont-size:10.0pt;\n\tfont-family:\"Times New Roman\";\n\tmso-fareast-language:DE;}\n<\/style>\n\n<![endif]--><\/p>\n<p class=\"MsoNormal\" style=\"text-align: center;\"><b>Externe Links<\/b><\/p>\n<p class=\"MsoNormal\">Diese Website enth\u00e4lt Verkn\u00fcpfungen zu Websites Dritter (&#8222;externe Links&#8220;). Diese Websites unterliegen der Haftung der jeweiligen Betreiber. Der Anbieter hat bei der erstmaligen Verkn\u00fcpfung der externen Links die fremden Inhalte daraufhin \u00fcberpr\u00fcft, ob etwaige Rechtsverst\u00f6\u00dfe bestehen. Zu dem Zeitpunkt waren keine Rechtsverst\u00f6\u00dfe ersichtlich. Der Anbieter hat keinerlei Einfluss auf die aktuelle und zuk\u00fcnftige Gestaltung und auf die Inhalte der verkn\u00fcpften Seiten. Das Setzen von externen Links bedeutet nicht, dass sich der Anbieter die hinter dem Verweis oder Link liegenden Inhalte zu Eigen macht. Eine st\u00e4ndige Kontrolle der externen Links ist f\u00fcr den Anbieter ohne konkrete Hinweise auf Rechtsverst\u00f6\u00dfe nicht zumutbar. Bei Kenntnis von Rechtsverst\u00f6\u00dfen werden jedoch derartige externe Links unverz\u00fcglich gel\u00f6scht.<\/p>\n<p>&nbsp;<\/p>\n","protected":false},"excerpt":{"rendered":"<p>Tr\u00e4ger der \u201cFreien Gartenakademie\u201d ist der Verein \u201cKulturgr\u00fcn e.V.\u201d M\u00fcnster. Kulturgr\u00fcn e. V. M\u00fcnster (Westfalen) Briefadresse: Kulturgr\u00fcn e. V. Postfach<\/p>\n","protected":false},"author":2,"featured_media":0,"parent":47,"menu_order":0,"comment_status":"open","ping_status":"open","template":"","meta":[],"_links":{"self":[{"href":"https:\/\/www.gartenakademie.org\/index.php?rest_route=\/wp\/v2\/pages\/257"}],"collection":[{"href":"https:\/\/www.gartenakademie.org\/index.php?rest_route=\/wp\/v2\/pages"}],"about":[{"href":"https:\/\/www.gartenakademie.org\/index.php?rest_route=\/wp\/v2\/types\/page"}],"author":[{"embeddable":true,"href":"https:\/\/www.gartenakademie.org\/index.php?rest_route=\/wp\/v2\/users\/2"}],"replies":[{"embeddable":true,"href":"https:\/\/www.gartenakademie.org\/index.php?rest_route=%2Fwp%2Fv2%2Fcomments&post=257"}],"version-history":[{"count":7,"href":"https:\/\/www.gartenakademie.org\/index.php?rest_route=\/wp\/v2\/pages\/257\/revisions"}],"predecessor-version":[{"id":260,"href":"https:\/\/www.gartenakademie.org\/index.php?rest_route=\/wp\/v2\/pages\/257\/revisions\/260"}],"up":[{"embeddable":true,"href":"https:\/\/www.gartenakademie.org\/index.php?rest_route=\/wp\/v2\/pages\/47"}],"wp:attachment":[{"href":"https:\/\/www.gartenakademie.org\/index.php?rest_route=%2Fwp%2Fv2%2Fmedia&parent=257"}],"curies":[{"name":"wp","href":"https:\/\/api.w.org\/{rel}","templated":true}]}}