{"id":2665,"date":"2020-09-01T17:19:34","date_gmt":"2020-09-01T15:19:34","guid":{"rendered":"http:\/\/www.gartenakademie.org\/?page_id=2665"},"modified":"2020-09-01T17:19:34","modified_gmt":"2020-09-01T15:19:34","slug":"14-freie-gartenakademie-2019","status":"publish","type":"page","link":"https:\/\/www.gartenakademie.org\/?page_id=2665","title":{"rendered":"14. Freie Gartenakademie 2019"},"content":{"rendered":"<h2>14. Freie Gartenakademie 21.6.2019 bis 30.8.2019<\/h2>\n<h2>Nachbars Garten \u2013 De tuin van de buren \u2013 Niederlande<\/h2>\n<div>1.\u00a0Freitag 21.6.2019\u00a020 Uhr Er\u00f6ffnung der 14. Freien Gartenakademie 2019: \u201eDer niederl\u00e4ndische Schriftsteller Gerbrand Bakker liest aus seinem Werk\u201c<\/div>\n<div>Neuerscheinung Mai 2019\u00a0im Suhrkamp Verlag: Gerbrand Bakker \u201eEchte B\u00e4ume weinen nicht \u2013 Warum wir die Natur Natur sein lassen sollten\u201c<\/div>\n<div>2. Sonntag 23.6.2091 14 Uhr\u00a0\u00a0Prof. Dr. Paul Ke\u00dfler (Direktor \u201eHortus Botanicus Leiden) \u201eBotanische G\u00e4rten in den Niederlanden: Lange Geschichte und bl\u00fchende Zukunft\u201c anschlie\u00dfend Publikumsgespr\u00e4ch zusammen mit Prof. Dr. Kai M\u00fcller (Direktor Botanischer Garten M\u00fcnster)<\/div>\n<div>3. Mittwoch 26.6.2019 20 UhrDr. Petra Marx \u201eMiniatur-Paradiese auf Erden. Die sp\u00e4tmittelalterlichen \u201eBesloten Hofjes\u201c aus Mechelen\u201c\u00a0 Dr. Petra Marx ist Kuratorin f\u00fcr die Kunst des Mittelalters im LWL-Museum f\u00fcr Kunst und Kultur M\u00fcnster<\/div>\n<div>4. EXTRA f\u00fcr Zuschauer ab 4 Jahren \u2013 \u00a0Sonntag 30.6.2019 15 Uhr ein Figurentheaterspiel von Hendrikje Winter: \u201eOver een kleine mol, die wil weten, wie er op zijn kop gepoept heeft\u201c \u00a0\u201eVom kleinen Maulwurf, der wissen wollte, wer ihm auf den Kopf gemacht hat\u201c nach dem Buch von W. Holzwarth &amp; W. Erlbruch<\/div>\n<div>5. Freitag 5.7.2019 20 Uhr Konzert mit dem Trio \u201eKlare, Buhrs, Mulder\u201c \u00a0\u2013 der Saxophonist Jan Klare (M\u00fcnster), der S\u00e4nger Han Buhrs (Amsterdam) und die Pianistin Nora Mulder (Amsterdam)<\/div>\n<div>6.\u00a0Sonntag 21.7.2019\u00a019 Uhr Klaus Bender &amp; Manfred Lucenz \u00a0(Bedburg-Hau) Vortrag \u201eNachbars G\u00e4rten \u2013 Niederl\u00e4ndische und deutsche Gartenkultur in ihren Wechselwirkungen\u201c<\/div>\n<div>7. Freitag 26.7.2019 20 Uhr \u00a0Han van der Horst (Schidam) \u00a0\u201eNeue Z\u00e4une? \u2013 Niederlande zwischen gestern und morgen\u201c<\/div>\n<div>8.\u00a0Donnerstag 1.8.2019\u00a020 Uhr Ans Hobbelink (Utrecht) aus dem Vorstand \u00a0\u201eAlgemeen Verbond van Volkstuinders Verenigingen in Nederland\u201c Bildvortrag \u00a0\u201eWir lieben Kleingarten \u2013 die Niederl\u00e4nder und ihr Garten\u201c \u00a0(Englisch) anschlie\u00dfend Diskussion mit Werner Heidemann (Pr\u00e4sidiumsmitglied des BDG, Berlin)<\/div>\n<div>9. Mittwoch 14.8.2019 20 Uhr Lesung Julia Trompeter (K\u00f6ln) mit ihrer Neuerscheinung \u201eFr\u00fchling in Utrecht\u201c \u00a0anschlie\u00dfend Autorengespr\u00e4ch<\/div>\n<div>10.\u00a0Freitag 16.8.2019\u00a020 Uhr Annemieke Hendriks (Amsterdam) \u201eTomaten: Die wahre Identit\u00e4t unseres Frischgem\u00fcses\u201c<\/div>\n<div>11. Samstag 17.8.2019 19 Uhr Prof. Dr. Nils B\u00fcttner (Stuttgart) \u201eRembrandt\u201c<\/div>\n<div>12.\u00a0Freitag 23.8.2019 20 Uhr\u00a0Drs. Leo den Dulk (Haarlem)\u00a0\u00a0\u201eMien Ruys, auf der Suche nach der klaren Linie \u2013 Die Geschichte der bedeutendsten Landschaftsarchitektin des 20. Jahrhunderts\u201c \u2013 Mien Ruys\u00a0(1904\u20131999)\u00a0\u2013 die gro\u00dfe Dame der niederl\u00e4ndischen Gartenarchitektur<\/div>\n<div>13. Samstag 24.8.2019 19 Uhr (neue Anfangszeit) der K\u00fcnstler und Komponist Burkhardt S\u00f6ll \/ Leiden stellt seine Arbeit vor<\/div>\n<div>14.\u00a0Freitag 30.8.2019\u00a0\u00a019 Uhr Abschlusskonzert mit \u00a0dem \u201eValerius Ensemble\u201c \u00a0aus Enschede<\/div>\n","protected":false},"excerpt":{"rendered":"<p>14. Freie Gartenakademie 21.6.2019 bis 30.8.2019 Nachbars Garten \u2013 De tuin van de buren \u2013 Niederlande 1.\u00a0Freitag 21.6.2019\u00a020 Uhr Er\u00f6ffnung<\/p>\n","protected":false},"author":2,"featured_media":0,"parent":52,"menu_order":0,"comment_status":"closed","ping_status":"closed","template":"","meta":[],"_links":{"self":[{"href":"https:\/\/www.gartenakademie.org\/index.php?rest_route=\/wp\/v2\/pages\/2665"}],"collection":[{"href":"https:\/\/www.gartenakademie.org\/index.php?rest_route=\/wp\/v2\/pages"}],"about":[{"href":"https:\/\/www.gartenakademie.org\/index.php?rest_route=\/wp\/v2\/types\/page"}],"author":[{"embeddable":true,"href":"https:\/\/www.gartenakademie.org\/index.php?rest_route=\/wp\/v2\/users\/2"}],"replies":[{"embeddable":true,"href":"https:\/\/www.gartenakademie.org\/index.php?rest_route=%2Fwp%2Fv2%2Fcomments&post=2665"}],"version-history":[{"count":1,"href":"https:\/\/www.gartenakademie.org\/index.php?rest_route=\/wp\/v2\/pages\/2665\/revisions"}],"predecessor-version":[{"id":2666,"href":"https:\/\/www.gartenakademie.org\/index.php?rest_route=\/wp\/v2\/pages\/2665\/revisions\/2666"}],"up":[{"embeddable":true,"href":"https:\/\/www.gartenakademie.org\/index.php?rest_route=\/wp\/v2\/pages\/52"}],"wp:attachment":[{"href":"https:\/\/www.gartenakademie.org\/index.php?rest_route=%2Fwp%2Fv2%2Fmedia&parent=2665"}],"curies":[{"name":"wp","href":"https:\/\/api.w.org\/{rel}","templated":true}]}}