{"id":2667,"date":"2020-09-01T17:20:23","date_gmt":"2020-09-01T15:20:23","guid":{"rendered":"http:\/\/www.gartenakademie.org\/?page_id=2667"},"modified":"2020-10-01T18:59:55","modified_gmt":"2020-10-01T16:59:55","slug":"15-freie-gartenakademie-2019","status":"publish","type":"page","link":"https:\/\/www.gartenakademie.org\/?page_id=2667","title":{"rendered":"15. Freie Gartenakademie 2020"},"content":{"rendered":"<h3><strong><a href=\"http:\/\/www.gartenakademie.org\/wp-content\/uploads\/2019\/10\/heckenstunde-Postkarte-Kopie.jpg\"><img loading=\"lazy\" class=\" wp-image-2532 alignleft\" src=\"http:\/\/www.gartenakademie.org\/wp-content\/uploads\/2019\/10\/heckenstunde-Postkarte-Kopie-300x214.jpg\" alt=\"\" width=\"601\" height=\"429\" srcset=\"https:\/\/www.gartenakademie.org\/wp-content\/uploads\/2019\/10\/heckenstunde-Postkarte-Kopie-300x214.jpg 300w, https:\/\/www.gartenakademie.org\/wp-content\/uploads\/2019\/10\/heckenstunde-Postkarte-Kopie-1024x730.jpg 1024w, https:\/\/www.gartenakademie.org\/wp-content\/uploads\/2019\/10\/heckenstunde-Postkarte-Kopie-768x548.jpg 768w, https:\/\/www.gartenakademie.org\/wp-content\/uploads\/2019\/10\/heckenstunde-Postkarte-Kopie-1536x1096.jpg 1536w, https:\/\/www.gartenakademie.org\/wp-content\/uploads\/2019\/10\/heckenstunde-Postkarte-Kopie.jpg 1772w\" sizes=\"(max-width: 601px) 100vw, 601px\" \/><\/a><\/strong><\/h3>\n<h3><\/h3>\n<h3><\/h3>\n<h3><\/h3>\n<h3><\/h3>\n<h3><\/h3>\n<h3><\/h3>\n<h3><\/h3>\n<h3><\/h3>\n<h3><\/h3>\n<h3><\/h3>\n<h3><strong>15. Freie Gartenakademie 2020 vom 27.6. bis 29.8.2020<\/strong><\/h3>\n<h3><strong>Die Heckenstunde &#8211; hinter jeder Hecke wartet eine neue Aussicht<br \/>\n<\/strong><\/h3>\n<div><strong>Samstag, 27. Juni 2020<\/strong> 18.45 Uhr Er\u00f6ffnung \u201eDie Heckenstunde \u2013\u00a0\u00a0Freie Gartenakademie Spezial 2020\u201c Solokonzert Gudula Rosa<\/div>\n<div>\u201eAmarilli mia bella\u201c Werke von Jakob van Eyck (* 1590, \u2020 1657) und eigene Improvisationen<\/div>\n<div><strong>Freitag, 3. Juli 2020<\/strong> 18.45 Uhr \u201eWir hecken aus\u201c Dr. Elisabeth Meyer-Renschhausen\u00a0 &amp; Wilm Weppelmann \u2013 Zwei Pioniere des Urban Gardening im Gespr\u00e4ch \u00fcber die Zukunft der Vergangenheit des Gartens im st\u00e4dtischen Raum<\/div>\n<div><strong>Sonntag, 5. Juli 2020<\/strong> 15.45 Uhr\u00a0 MAULWURFDISCO (Law-and-Order-Version 2020) Eine K\u00fcnstlerintervention des Komponisten und Klangk\u00fcnstlers Rochus Aust (K\u00f6ln)<\/div>\n<div><strong>Samstag, 11. Juli 2020<\/strong> 18.45 Uhr\u00a0Solokonzert Jan Klare\u00a0 \u201e10 comprovisations for the early times of dual reality (divided into escapist and non-escapist parameters)<\/div>\n<div><strong>Mittwoch, 29. Juli 2020<\/strong> 18.45 Uhr Dr. Heidi Lorey\u00a0\u00a0(Steinhagen) Vortrag \u201eKartoffelwelten\u201c<\/div>\n<div><strong>August<\/strong><\/div>\n<div><strong>Samstag, 1. August 2020<\/strong> 18.45 Uhr Solokonzert Martje Salj\u00e9\u00a0 \u201eJeden Morgen in meinem Garten\u201c, \u00a0gesungen zur Gitarre:\u00a0 Vertontes von Matthias Claudius, Sarah Kirsch, Hermann Hesse, Ludwig H. C. H\u00f6lty, Friedrich R\u00fcckert, J\u00f6rg Siegert (MS) und Wilm Weppelmann<\/div>\n<div><strong>Donnerstag,\u00a0 6. August 2020<\/strong> 18.45 Uhr \u201eMein Antarktisgem\u00fcsegarten \u2013 365 Tage in der Antarktis, davon 257 Tage abgeschnitten von der Au\u00dfenwelt \u2013 Der Antarktisg\u00e4rtner Paul Zabel vom Deutschen Zentrum f\u00fcr Luft- und Raumfahrt (DLR) berichtet von seinem Leben und seinen Aufgaben auf dem siebten Kontinent\u201c<\/div>\n<div><strong>Sonntag, 9. August 2020<\/strong> 14.45 Uhr Carsten Bender (Lesung)\u00a0 mit dem Lektorat des Daedalus Verlags (M\u00fcnster) \u201eFliegende W\u00f6rter in kleinem Garten\u201c In Memoriam von Hiltrud Herbst (der Herausgeberin des Kalenders \u201eFliegende W\u00f6rter\u201c Juli 2021 im 27. Jahrgang)<\/div>\n<div><strong>Donnerstag, 13.\u00a0 August 2020<\/strong> 18.45 Uhr Gabriele Br\u00fcning &amp; Manfred Kerklau \u201eDas Herbarium der Rosa Luxemburg\u201c Lesung<\/div>\n<div><strong>Samstag, 29. August 2020<\/strong>\u00a0 18.45 Uhr \u201eHeckenschnitt mit musikalischem Biss\u201c Abschlussfest mit Eva-Maria Jazdzejewski\u00a0 und Jakob Reinhardt<\/div>\n","protected":false},"excerpt":{"rendered":"<p>15. Freie Gartenakademie 2020 vom 27.6. bis 29.8.2020 Die Heckenstunde &#8211; hinter jeder Hecke wartet eine neue Aussicht Samstag, 27.<\/p>\n","protected":false},"author":2,"featured_media":0,"parent":52,"menu_order":0,"comment_status":"closed","ping_status":"closed","template":"","meta":[],"_links":{"self":[{"href":"https:\/\/www.gartenakademie.org\/index.php?rest_route=\/wp\/v2\/pages\/2667"}],"collection":[{"href":"https:\/\/www.gartenakademie.org\/index.php?rest_route=\/wp\/v2\/pages"}],"about":[{"href":"https:\/\/www.gartenakademie.org\/index.php?rest_route=\/wp\/v2\/types\/page"}],"author":[{"embeddable":true,"href":"https:\/\/www.gartenakademie.org\/index.php?rest_route=\/wp\/v2\/users\/2"}],"replies":[{"embeddable":true,"href":"https:\/\/www.gartenakademie.org\/index.php?rest_route=%2Fwp%2Fv2%2Fcomments&post=2667"}],"version-history":[{"count":4,"href":"https:\/\/www.gartenakademie.org\/index.php?rest_route=\/wp\/v2\/pages\/2667\/revisions"}],"predecessor-version":[{"id":2739,"href":"https:\/\/www.gartenakademie.org\/index.php?rest_route=\/wp\/v2\/pages\/2667\/revisions\/2739"}],"up":[{"embeddable":true,"href":"https:\/\/www.gartenakademie.org\/index.php?rest_route=\/wp\/v2\/pages\/52"}],"wp:attachment":[{"href":"https:\/\/www.gartenakademie.org\/index.php?rest_route=%2Fwp%2Fv2%2Fmedia&parent=2667"}],"curies":[{"name":"wp","href":"https:\/\/api.w.org\/{rel}","templated":true}]}}