{"id":269,"date":"2013-04-11T15:52:23","date_gmt":"2013-04-11T13:52:23","guid":{"rendered":"http:\/\/www.gartenakademie.org\/?page_id=269"},"modified":"2020-10-01T18:57:07","modified_gmt":"2020-10-01T16:57:07","slug":"network","status":"publish","type":"page","link":"https:\/\/www.gartenakademie.org\/?page_id=269","title":{"rendered":"Network"},"content":{"rendered":"<h3 style=\"text-align: center;\"><strong>network and friendly links<br \/>\n<\/strong><\/h3>\n<p>Diese Auswahl von Internetlinks ist nicht repr\u00e4sentativ, nicht vollst\u00e4ndig und auch nicht eine Spur objektiv, aber hoffentlich interessant und n\u00fctzlich. Die Reihenfolge der Links ist willk\u00fcrlich und nicht mit einer Wertung verbunden.\u00a0 Stand: 1.5.2020<\/p>\n<p>\u00dcbrigens: Es gibt keine M\u00f6glichkeit und Notwendigkeit f\u00fcr einen Linktausch.<\/p>\n<p style=\"text-align: center;\"><strong>K\u00fcnstler und Aktivisten<\/strong><\/p>\n<p style=\"text-align: left;\"><a href=\"http:\/\/www.fritzhaeg.com\/\">Fritz Haeg<\/a> American artist whose work spans a range of disciplines and media including gardens, dance, performance &#8230;<a href=\"http:\/\/www.fritzhaeg.com\/\">.<\/a><\/p>\n<p><a href=\"http:\/\/www.guerrillagardening.org\/index.html\">My friend Richard Reynolds:<\/a> The Robin Hood of Gardeners &#8230;<\/p>\n<p><a href=\"http:\/\/www.theyesmen.org\/\">The Yes Men\u00a0 <\/a>are a culture jamming activist duo and network of supporters created by Jacques Servin and Igor Vamos &#8230;<\/p>\n<p>Greenmuseum.org This online museum emerged from our own experiences making environmental art and from seeing firsthand some of the challenges facing artists, community groups, nonprofit organizations and arts institutions when it came to presenting and discussing environmental art.<\/p>\n<p style=\"text-align: center;\"><strong>G\u00e4rten und G\u00e4rtner # My great four<br \/>\n<\/strong><\/p>\n<p style=\"text-align: left;\"><strong><a href=\"https:\/\/en.wikipedia.org\/wiki\/Allotment_gardening\">The allotment gardeners of the world<\/a>\u00a0 <\/strong>with more than three million vegetable gardeners in Europe\u00a0 &#8230;<strong><br \/>\n<\/strong><\/p>\n<p><strong>Hojo-Teien <a href=\"http:\/\/www.ryoanji.jp\/top.html\">Ry\u014dan-ji\u00a0 <span lang=\"ja-Hani\" xml:lang=\"ja-Hani\">\u9f8d\u5b89\u5bfa Kyoto, Japan<\/span><\/a><\/strong><span lang=\"ja-Hani\" xml:lang=\"ja-Hani\">\u00a0\u00a0 &#8230; the breath of stone inside <\/span><span lang=\"ja-Hani\" xml:lang=\"ja-Hani\">the landscape of soul &#8230;<\/span><\/p>\n<p><strong>Tim Smit with <a href=\"http:\/\/heligan.com\">&#8222;The Lost Gardens of Heligan&#8220;<\/a> and <a href=\"http:\/\/www.edenproject.com\/\">&#8222;Eden Project&#8220;\u00a0<\/a> <\/strong>two sides of a medall &#8230; a must see &#8230;<\/p>\n<p><strong>Derek Jarman\u00b4s Garden &#8222;Prospect Cottage&#8220;<\/strong> The garden at the fifth quarter, a <span class=\"st\">post-apocalyptic <em>garden<\/em><\/span> in Dungeness, Kent UK # Video: <a href=\"https:\/\/www.nowness.com\/series\/great-gardens\/derek-jarmans-prospect-cottage\">NOWNESS Series Great Gardens<\/a> # Literatur: Derek Jarman, Keith Collins &#8222;Derek Jarman&#8217;s Garden&#8220;. London 1995, Thames and Hudson.<\/p>\n<p style=\"text-align: center;\"><strong>Festivals, Ausstellungen und andere \u00f6ffentliche Veranstaltungen<\/strong><\/p>\n<p><a href=\"http:\/\/www.chelseafringe.com\">Chelsea Fringe London 15th to 23rd May 2021 <\/a>\u00a0The freedom of the urban garden ..<\/p>\n<p><a href=\"https:\/\/howthelightgetsin.iai.tv\/\">How the light get\u00b4s virtual reality festival will stream live in May 2021 <\/a>\u00a0The Philosophy and Music Festival at Hay-on-Wye, Wales and in London &#8211; \u00a0I think, therefore I am &#8230;<\/p>\n<p><a href=\"http:\/\/www.domaine-chaumont.fr\/en_festival_festival?cat=2&amp;expandable=0\">29. Festival international des jardins de Chaumont-sur-Loire 2020\u00a0 \u00a0<\/a>\u00a0 An artist needs a garden &#8230;<\/p>\n<p style=\"text-align: center;\"><strong>Organisationen<\/strong><\/p>\n<p><a href=\"http:\/\/anstiftung.de\/urbane-gaerten\/links-und-blog\">\u00dcberblick Links und Blogs Urbane G\u00e4rten<\/a><br \/>\n<a href=\"https:\/\/anstiftung.de\/\">anstiftung &#8211; Stiftungsgemeinschaft anstiftung &amp; ertomis<\/a><br \/>\n<a href=\"http:\/\/prinzessinnengarten.net\/\">Prinzessinneng\u00e4rten Berlin<\/a><br \/>\n<a href=\"http:\/\/www.allmende-kontor.de\/\">Allmende-Kontor<\/a><br \/>\n<a href=\"https:\/\/www.arche-noah.at\/\">Arche NOAH<\/a><br \/>\n<a href=\"https:\/\/www.nutzpflanzenvielfalt.de\/\">Verein zur Erhaltung der Nutzpflanzenvielfalt e. V.<\/a><br \/>\n<a href=\"http:\/\/www.stadtacker.net\">Stadtacker.net<\/a>\u00a0 ist eine Online-Wissenssammlung und interaktive Plattform f\u00fcr alle Themen rund um die urbane Landwirtschaft und G\u00e4rten in der Stadt . Sie dient der Information, Vernetzung und gegenseitigen Unterst\u00fctzung von Aktiven und Interessierten.<br \/>\n<a href=\"http:\/\/www.mobilegardeners.org\">http:\/\/www.mobilegardeners.org<\/a>\/<br \/>\nRUAF Foundation &#8211; NL &#8211; <a href=\"http:\/\/www.ruaf.org\">www.ruaf.org<\/a> &#8211; Die RUAF Foundation ist ein globales Netzwerk mit Mitgliedsorganisationen in Afrika, Asien, dem Mittleren Osten, Lateinamerika und Europa zusammen, die eine f\u00fchrende Kompetenzzentrum auf dem Gebiet der urbanen Landwirtschaft und \u00a0Ern\u00e4hrungsstrategien bilden. Die folgenden Organisationen sind derzeit Teil des RUAF Foundation: die International Water Management Institute, das Institut f\u00fcr Geographische Wissenschaften und Naturressourcen Forschung der Chinesischen Akademie der Wissenschaften und ETC-Stiftung.<br \/>\n<a href=\"http:\/\/www.greenguerillas.org\/\">green guerillas<\/a><br \/>\n<a href=\"http:\/\/www.speiseraeume.de\">www.speiseraeume.de<\/a><\/p>\n<p style=\"text-align: center;\"><strong>Kleingarten Schrebergarten<\/strong><\/p>\n<p><a href=\"http:\/\/www.jardins-familiaux.org\/\">Office International du Coin de Terre et des Jardins Familiaux<\/a> a.s.b.l.<\/p>\n<p style=\"text-align: center;\"><strong>B\u00fccher und Zeitschriften als Open-Access-PDF<\/strong><\/p>\n<p><a href=\"https:\/\/www.transcript-verlag.de\/media\/pdf\/dd\/05\/91\/oa97838394236775b19d9527f2e0.pdf\">Stadt der Commonisten<\/a> &#8211; Neue urbane R\u00e4ume des Do it yourself<br \/>\n<a href=\"http:\/\/www.ruaf.org\/publications\/urban-agriculture-magazine-english-0\">Urban Agriculture Magazine<\/a> &#8211; Editor: RUAF &#8211; Netherlands<br \/>\n<a href=\"http:\/\/www.agspak.de\/wissenwuchernlassen\/wissen_wuchern_lassen_neu_cc.pdf\">Severin Halder et al. (Hrsg). Wissen wuchern lassen.<\/a> Ein Handbuch zum Lernen in urbanen G\u00e4rten<\/p>\n<p><strong>Zeitschriften und Magazin &#8211; national international<\/strong><\/p>\n<p><a href=\"http:\/\/www.ruaf.org\/publications\/magazines\">Urban Agriculture Magazine<\/a> &#8211; Editor: RUAF &#8211; Netherlands<\/p>\n<p><a href=\"http:\/\/www.theplant.info\/\">The Plant <\/a>&#8211; Publisher: The Plant S.C.P &#8211; Barcelona, Spain &#8211; A journal about ordinary plants and other greenery<\/p>\n<p><a href=\"http:\/\/www.mkshft.org\">Makeshift <\/a>&#8211; Publisher: Makeshift Media &amp; Institute New York; NY &#8211; Makeshift is a field guide to hidden creativity, we believe ingenuity can be found everywhere if you know where to look. &#8211;<strong> Leider wurde dieses Magazin nach der 15. Ausgabe eingestellt ..<\/strong><\/p>\n<p>\u00dcberblick mit deutschen Fernseh- und Radiobeitr\u00e4gen <a href=\"http:\/\/www.gartenlinksammlung.de\/\">www.gartenlinksammlung.de<\/a> zum Thema Garten und<br \/>\n\u00dcberblick mit allen deutschen Gartenzeitschriften auf der Webseite<br \/>\nbesondere Empfehlung: Gr\u00fcner Anzeiger<\/p>\n<p style=\"text-align: center;\"><strong>Buchhandlungen<\/strong><\/p>\n<p><a href=\"http:\/\/www.pro-qm.de\/\">Pro qm (Berlin)<\/a> &#8211; Thematische Buchhandlung zu Stadt, Politik, Pop, \u00d6konomiekritik, Architektur, Design, Kunst &amp; Theorie<\/p>\n<p><a href=\"http:\/\/zabriskie.de\/\">Zabriskie (Berlin)<\/a> &#8211; Buchhandlung f\u00fcr Kultur und Natur<\/p>\n<p style=\"text-align: center;\"><strong>Externe Links<\/strong><\/p>\n<p>Diese Website enth\u00e4lt Verkn\u00fcpfungen zu Websites Dritter (\u201eexterne Links\u201c). Diese Websites unterliegen der Haftung der jeweiligen Betreiber. Der Anbieter hat bei der erstmaligen Verkn\u00fcpfung der externen Links die fremden Inhalte daraufhin \u00fcberpr\u00fcft, ob etwaige Rechtsverst\u00f6\u00dfe bestehen. Zu dem Zeitpunkt waren keine Rechtsverst\u00f6\u00dfe ersichtlich. Der Anbieter hat keinerlei Einfluss auf die aktuelle und zuk\u00fcnftige Gestaltung und auf die Inhalte der verkn\u00fcpften Seiten. Das Setzen von externen Links bedeutet nicht, dass sich der Anbieter die hinter dem Verweis oder Link liegenden Inhalte zu Eigen macht. Eine st\u00e4ndige Kontrolle der externen Links ist f\u00fcr den Anbieter ohne konkrete Hinweise auf Rechtsverst\u00f6\u00dfe nicht zumutbar. Bei Kenntnis von Rechtsverst\u00f6\u00dfen werden jedoch derartige externe Links unverz\u00fcglich gel\u00f6scht.<\/p>\n","protected":false},"excerpt":{"rendered":"<p>network and friendly links Diese Auswahl von Internetlinks ist nicht repr\u00e4sentativ, nicht vollst\u00e4ndig und auch nicht eine Spur objektiv, aber<\/p>\n","protected":false},"author":2,"featured_media":0,"parent":0,"menu_order":0,"comment_status":"closed","ping_status":"closed","template":"","meta":[],"_links":{"self":[{"href":"https:\/\/www.gartenakademie.org\/index.php?rest_route=\/wp\/v2\/pages\/269"}],"collection":[{"href":"https:\/\/www.gartenakademie.org\/index.php?rest_route=\/wp\/v2\/pages"}],"about":[{"href":"https:\/\/www.gartenakademie.org\/index.php?rest_route=\/wp\/v2\/types\/page"}],"author":[{"embeddable":true,"href":"https:\/\/www.gartenakademie.org\/index.php?rest_route=\/wp\/v2\/users\/2"}],"replies":[{"embeddable":true,"href":"https:\/\/www.gartenakademie.org\/index.php?rest_route=%2Fwp%2Fv2%2Fcomments&post=269"}],"version-history":[{"count":30,"href":"https:\/\/www.gartenakademie.org\/index.php?rest_route=\/wp\/v2\/pages\/269\/revisions"}],"predecessor-version":[{"id":2737,"href":"https:\/\/www.gartenakademie.org\/index.php?rest_route=\/wp\/v2\/pages\/269\/revisions\/2737"}],"wp:attachment":[{"href":"https:\/\/www.gartenakademie.org\/index.php?rest_route=%2Fwp%2Fv2%2Fmedia&parent=269"}],"curies":[{"name":"wp","href":"https:\/\/api.w.org\/{rel}","templated":true}]}}