{"id":2774,"date":"2020-10-06T06:40:03","date_gmt":"2020-10-06T04:40:03","guid":{"rendered":"http:\/\/www.gartenakademie.org\/?page_id=2774"},"modified":"2021-06-23T09:40:46","modified_gmt":"2021-06-23T07:40:46","slug":"16-freie-gartenakademie-2021","status":"publish","type":"page","link":"https:\/\/www.gartenakademie.org\/?page_id=2774","title":{"rendered":"16. Freie Gartenakademie 2021"},"content":{"rendered":"<p><a href=\"http:\/\/www.gartenakademie.org\/wp-content\/uploads\/2019\/10\/VIG02_04-Schwarz-Reckteck-mit-Text-16-Kopie-scaled.jpg\"><img loading=\"lazy\" class=\"alignnone wp-image-2527\" src=\"http:\/\/www.gartenakademie.org\/wp-content\/uploads\/2019\/10\/VIG02_04-Schwarz-Reckteck-mit-Text-16-Kopie-300x26.jpg\" sizes=\"(max-width: 681px) 100vw, 681px\" srcset=\"http:\/\/www.gartenakademie.org\/wp-content\/uploads\/2019\/10\/VIG02_04-Schwarz-Reckteck-mit-Text-16-Kopie-300x26.jpg 300w, http:\/\/www.gartenakademie.org\/wp-content\/uploads\/2019\/10\/VIG02_04-Schwarz-Reckteck-mit-Text-16-Kopie-1024x89.jpg 1024w, http:\/\/www.gartenakademie.org\/wp-content\/uploads\/2019\/10\/VIG02_04-Schwarz-Reckteck-mit-Text-16-Kopie-768x67.jpg 768w, http:\/\/www.gartenakademie.org\/wp-content\/uploads\/2019\/10\/VIG02_04-Schwarz-Reckteck-mit-Text-16-Kopie-1536x134.jpg 1536w, http:\/\/www.gartenakademie.org\/wp-content\/uploads\/2019\/10\/VIG02_04-Schwarz-Reckteck-mit-Text-16-Kopie-2048x179.jpg 2048w\" alt=\"\" width=\"681\" height=\"59\" \/><\/a><\/p>\n<p><a href=\"http:\/\/www.gartenakademie.org\/wp-content\/uploads\/2019\/10\/Motiv-2021-Kopie.jpg\"><img loading=\"lazy\" class=\" wp-image-2528 alignleft\" src=\"http:\/\/www.gartenakademie.org\/wp-content\/uploads\/2019\/10\/Motiv-2021-Kopie-300x214.jpg\" sizes=\"(max-width: 725px) 100vw, 725px\" srcset=\"http:\/\/www.gartenakademie.org\/wp-content\/uploads\/2019\/10\/Motiv-2021-Kopie-300x214.jpg 300w, http:\/\/www.gartenakademie.org\/wp-content\/uploads\/2019\/10\/Motiv-2021-Kopie-1024x730.jpg 1024w, http:\/\/www.gartenakademie.org\/wp-content\/uploads\/2019\/10\/Motiv-2021-Kopie-768x548.jpg 768w, http:\/\/www.gartenakademie.org\/wp-content\/uploads\/2019\/10\/Motiv-2021-Kopie-1536x1096.jpg 1536w, http:\/\/www.gartenakademie.org\/wp-content\/uploads\/2019\/10\/Motiv-2021-Kopie.jpg 1772w\" alt=\"\" width=\"725\" height=\"517\" \/><\/a><\/p>\n<h3><strong>16. Freie Gartenakademie\u00a0 2021 \u201eKleiner Garten \u2013 gro\u00dfe Welt\u00a0 # Small Garden \u2013 Big World\u201c <\/strong><\/h3>\n<p>\u201c Willst du dich am Ganzen erquicken, so musst du das Ganze im Kleinsten erblicken\u201c Johann Wolfgang von Goethe\u00a0\u00a0\u00a0 \u2013\u00a0 Quelle: Goethe, Gedichte (Ausgabe letzter Hand. 1827) \u201eGott, Gem\u00fct und Welt\u201c<\/p>\n<p>Die Mikrowelt des Gartens hat seine kosmopolitischen Dimensionen, Analogien und Bez\u00fcge. Dort wuchern miteinander Pflanzen aus aller Welt, Menschen aller Nationen tummeln sich friedlich in gr\u00fcnen Oasen und versuchen f\u00fcr eine bessere Welt zu g\u00e4rtnern, im religions\u00fcbergreifenden Paradiesmythos entwickeln und verwickeln sich Visionen und Utopien. Die Freie Gartenakademie macht sich 2021 auf eine Entdeckungsreise, um aus kleiner Welt gro\u00dfe Erfahrungen abzuleiten. Gerade der g\u00e4rtnerische Kosmos des Kleingartens bietet da \u00fcberraschende Perspektiven.<\/p>\n<h3 data-pm-slice=\"1 1 []\" data-en-clipboard=\"true\"><strong>Das Programm 2021:<\/strong><\/h3>\n<div data-pm-slice=\"1 1 []\" data-en-clipboard=\"true\"><\/div>\n<div data-pm-slice=\"1 1 []\" data-en-clipboard=\"true\">11.6.2021 19 Uhr wird die 16. Freie Gartenakademie\u00a0 2021 mit einem Vortrag des deutschen Wissenschaftshistorikers und Wissenschaftspublizisten <strong>Prof. Dr. Ernst Peter Fischer (Heidelberg) \u201eHinter dem Gartenzaun \u2013 Ein Blick in zwei Richtungen\u201c\u00a0 er\u00f6ffnet\u00a0<\/strong><\/div>\n<div><\/div>\n<div><strong>20.6. 2021 16 Uhr\u00a0 Lesung von Carsten Bender aus Alphonse Karr \u201eReise um meinen Garten\u201c<\/strong> \u2013 2020 in der \u00dcbersetzung von Caroline Vollmann in der \u201eAnderen Bibliothek\u201cerschienen\u00a0\u00a0 \u2026 Der franz\u00f6sischer Journalist,\u00a0 Schriftsteller\u00a0 und Satiriker <strong>Alphonse Karr <\/strong> (1808\u20131890)\u00a0 gilt auch als Begr\u00fcnder der Blumenriviera, die in jedem Jahr am 3. Wochenende im Juni mit einem gro\u00dfen Blumenfest (Bottiglieri dei Fiori in Ventimiglia)\u00a0 gefeiert wird<\/div>\n<div><\/div>\n<div><strong>Vortrag verschoben- Ausweichtermin liegt noch nicht vor:\u00a0 Mikroorgasmen \u00fcberall \u2013 Dominik Eulberg \u00a0 \u2013 <\/strong>Von der Raffinesse und Mannigfaltigkeit der Natur vor unserer Haust\u00fcr<\/div>\n<div>Dominik Eulberg, geboren 1978 im Westerwald, ist studierter Biologe, international gebuchter Musiker und stiller Beobachter heimischer Flora und Fauna gleicherma\u00dfen. Er erhielt den Preis der deutschen Schallplattenkritik und wurde 2005 zum Produzenten des Jahres gew\u00e4hlt. Mit seinem letzten Album \u201eMannigfaltig\u201c schafft er es mit rein instrumentaler elektronischer Musik in die deutschen Charts.<\/div>\n<div><\/div>\n<div><strong>24.6.2021 19 Uhr Konzert Avantgarde \u201eM.K.Q.T\u00a0 Meat.Karaoke.Quality.Time.\u201c<\/strong> (mit Jan Klare &amp; Florian Walter &amp; Karl-F. Degenhardt) \u201eKo\u0308nnte sein, dass zuku\u0308nftige Generationen darin mal die einzig mo\u0308gliche Zukunft von Musik erkennen.\u201c \u2013 Westzeit (5\/5*)<\/div>\n<div><\/div>\n<div><strong>9.7.2021\u00a0 19Uhr Lesung Ulla Hahn (Hamburg) \u201eGedichte\u201c<\/strong><\/div>\n<div><\/div>\n<div><strong>10.7.2021 19 Uhr\u00a0\u00a0 \u201eDer Flieder im Garten von Combray\u201c zum 150. Geburtstag von Marcel Proust<\/strong> \u2013 Lesung Carsten\u00a0 Bender (M\u00fcnster) und Vortrag von Prof. Dr. Karin Westerwelle (M\u00fcnster) zum 150. Geburtstag von Marcel Proust<\/div>\n<div><\/div>\n<div><strong>16.7.2021 19 Uhr Christiane Habermalz<\/strong> (Berlin) \u201eAnstiftung zum g\u00e4rtnerischen Ungehorsam\u201c<\/div>\n<div><\/div>\n<div><strong>24.7.2021\u00a0 19 Uhr Prof. Dr. Gert Gr\u00f6ning\u00a0 (Berlin)<\/strong> \u201eMein weltweiter Garten\u201c<\/div>\n<div><\/div>\n<div><strong>8.8.2021 15 Uhr Dr. Renate H\u00fccking (Hamburg)\u00a0 \u201eUnterwegs zu den G\u00e4rten der Welt\u201c<\/strong><\/div>\n<div><\/div>\n<div><strong>14.8.2021 18 Uhr Ilona Koglin (Hamburg) \u201eG\u00e4rtnern f\u00fcr eine bessere Welt\u201c<\/strong><\/div>\n<div><\/div>\n<div><strong>22.8.2021\u00a0 19\u00a0 Uhr\u00a0 Abschlussfest mit dem Duo \u201eKLEINGARTENANLAGE\u201c\u00a0<\/strong> (Guldental) <a href=\"http:\/\/duo-kleingartenanlage.de\/\" rev=\"en_rl_none\">http:\/\/duo-kleingartenanlage.de\/<\/a><\/div>\n","protected":false},"excerpt":{"rendered":"<p>16. Freie Gartenakademie\u00a0 2021 \u201eKleiner Garten \u2013 gro\u00dfe Welt\u00a0 # Small Garden \u2013 Big World\u201c \u201c Willst du dich am<\/p>\n","protected":false},"author":2,"featured_media":0,"parent":0,"menu_order":0,"comment_status":"closed","ping_status":"closed","template":"","meta":[],"_links":{"self":[{"href":"https:\/\/www.gartenakademie.org\/index.php?rest_route=\/wp\/v2\/pages\/2774"}],"collection":[{"href":"https:\/\/www.gartenakademie.org\/index.php?rest_route=\/wp\/v2\/pages"}],"about":[{"href":"https:\/\/www.gartenakademie.org\/index.php?rest_route=\/wp\/v2\/types\/page"}],"author":[{"embeddable":true,"href":"https:\/\/www.gartenakademie.org\/index.php?rest_route=\/wp\/v2\/users\/2"}],"replies":[{"embeddable":true,"href":"https:\/\/www.gartenakademie.org\/index.php?rest_route=%2Fwp%2Fv2%2Fcomments&post=2774"}],"version-history":[{"count":4,"href":"https:\/\/www.gartenakademie.org\/index.php?rest_route=\/wp\/v2\/pages\/2774\/revisions"}],"predecessor-version":[{"id":2856,"href":"https:\/\/www.gartenakademie.org\/index.php?rest_route=\/wp\/v2\/pages\/2774\/revisions\/2856"}],"wp:attachment":[{"href":"https:\/\/www.gartenakademie.org\/index.php?rest_route=%2Fwp%2Fv2%2Fmedia&parent=2774"}],"curies":[{"name":"wp","href":"https:\/\/api.w.org\/{rel}","templated":true}]}}