{"id":49,"date":"2013-04-03T07:18:46","date_gmt":"2013-04-03T05:18:46","guid":{"rendered":"http:\/\/www.gartenakademie.org\/?page_id=49"},"modified":"2019-09-03T13:52:55","modified_gmt":"2019-09-03T11:52:55","slug":"8-freie-gartenakademie-2013","status":"publish","type":"page","link":"https:\/\/www.gartenakademie.org\/?page_id=49","title":{"rendered":"8. Freie Gartenakademie 2013"},"content":{"rendered":"<p style=\"text-align: center;\"><a href=\"http:\/\/www.gartenakademie.org\/wp-content\/uploads\/2013\/03\/Vorderseite-klein.jpg\"><img loading=\"lazy\" class=\"size-medium wp-image-10 aligncenter\" src=\"http:\/\/www.gartenakademie.org\/wp-content\/uploads\/2013\/03\/Vorderseite-klein-300x213.jpg\" alt=\"Vorderseite klein\" width=\"319\" height=\"226\" srcset=\"https:\/\/www.gartenakademie.org\/wp-content\/uploads\/2013\/03\/Vorderseite-klein-300x213.jpg 300w, https:\/\/www.gartenakademie.org\/wp-content\/uploads\/2013\/03\/Vorderseite-klein-155x110.jpg 155w, https:\/\/www.gartenakademie.org\/wp-content\/uploads\/2013\/03\/Vorderseite-klein-350x248.jpg 350w\" sizes=\"(max-width: 319px) 100vw, 319px\" \/><\/a><\/p>\n<p style=\"text-align: center;\">&#8222;Unges\u00e4te Saat geht nicht auf. &#8222;\u8494\u304b\u306c\u7a2e\u306f\u751f\u3048\u306c\u3002 <i>Makanu tane wa haenu&#8220; Japanisches Sprichwort<br \/>\n<\/i><\/p>\n<p style=\"text-align: center;\"><b>\u00a08. Freie Gartenakademie 2013<\/b><\/p>\n<p style=\"text-align: center;\"><b>Die Kultur der Natur \u2013 N\u00e4herungen Japan <\/b><\/p>\n<div style=\"text-align: center;\">\u7b2c8\u56de\u30d5\u30e9\u30a4\u30a8\u30fb\u30ac\u30eb\u30c6\u30f3\u30a2\u30ab\u30c7\u30df\u30fc2013 \u30df\u30e5\u30f3\u30b9\u30bf\u30fc \uff5e \u6587\u5316\u304c\u80b2\u3064\u5834\u6240<\/div>\n<div style=\"text-align: center;\">\u81ea\u7136\u3068\u3044\u3046\u6587\u5316\u3000\uff0d\u3000\u65e5\u672c\u3078\u306e\u30a2\u30d7\u30ed\u30fc\u30c1<\/div>\n<p>Die Freie Gartenakademie l\u00e4dt Sie in diesem Jahr ein, die Faszination und die fremde N\u00e4he Japans zu ersp\u00fcren und Ihrem eigenen Verst\u00e4ndnis von Natur und Kultur irritierende neue Aspekte und Ideen hinzuzuf\u00fcgen. Eine Reise von fast 9000 km &#8211; aber doch wieder zur\u00fcck zu den eigenen Wurzeln. Mehr als 20 Abende mit Lesungen, Vortr\u00e4gen und Konzerten warten auf Ihre Neugier, mit einem Programm f\u00fcr alle, aber nicht f\u00fcr jeden.<\/p>\n<p style=\"text-align: center;\"><strong>Y\u00f4koso irasshaimashita <\/strong>\u2013 Herzlich Willkommen in der 8. Freien Gartenakademie 2013.<\/p>\n<p style=\"text-align: center;\"><strong>G\u00e4ste 2013:<\/strong> Prof. Dr. Irmela Hijiya-Kirschnereit, Prof. Dr. Max J. Kobbert, Prof. Dr. Erwin-Josef Speckmann, Dr. Hildegard Speckmann, Zensho Shimokawa, Prof. Dr. Gert Gr\u00f6ning, Beate Reker, Hideaki Bunno, Michinobu Kato, Noriaki Ishii, Naoyuki Manabe, Heinz-Dieter Reese, Boris Hegenbart, **** , Gudula Rosa, Dr. Lydia Br\u00fcll, Dr. Hans Gerhold, Benno Fritzen, Gabriele Br\u00fcning, Werner M. Busch, Sandra Freitag, Prof. Dr. Christine Thomas, Tsutomu Ozeki, Armin Biermann, Yumiko Okano, Elisabeth Rave, Prof. Dr. Lisette Gebhardt, Beatrice Kromp und Naoko Kikuchi<\/p>\n<p><strong>8. Freie Gartenakademie 2013 <\/strong><\/p>\n<ul>\n<li>Programm und Organisation: Wilm Weppelmann<\/li>\n<li>Technische Assistenz: Christoph Otto Hetzel<\/li>\n<li>Ton: Andreas Wilting<\/li>\n<li>Presse : Yumiko Okano \u5ca1\u91ce\u6709\u7f8e\u5b50<\/li>\n<li>Tr\u00e4ger: Kulturgr\u00fcn e. V.<\/li>\n<li>mit freundlicher Unterst\u00fctzung durch: <a href=\"http:\/\/www.muenster.de\/stadt\/kulturamt\/\">Kulturamt der Stadt M\u00fcnster<\/a>, <a href=\"http:\/\/www.gartenreisen-laade.de\/\">Gartenreise Laade<\/a>, <a href=\"http:\/\/www.kleingarten.de\/\">Landesverband Westfalen und Lippe der Kleing\u00e4rtner e.V.<\/a><\/li>\n<\/ul>\n<h3 style=\"text-align: center;\">Juni 2013<\/h3>\n<p>1. <a href=\"http:\/\/www.gartenakademie.org\/?p=398\">Sa 15.6. 20 Uhr \u201eFr\u00f6sche und Bildschirmflimmern\u201c Er\u00f6ffnungsvortrag <\/a>von Prof. Dr. Irmela Hijiya-Kirschnereit \/Berlin zum 250. Geburtstag des japanischen Haiku-Dichters Kobayashi Issa\u201d<\/p>\n<p>Links: <a href=\"http:\/\/de.wikipedia.org\/wiki\/Irmela_Hijiya-Kirschnereit\">http:\/\/de.wikipedia.org\/wiki\/Irmela_Hijiya-Kirschnereit<\/a><br \/>\n<a href=\"http:\/\/de.wikipedia.org\/wiki\/Kobayashi_Issa\">http:\/\/de.wikipedia.org\/wiki\/Kobayashi_Issa<\/a><br \/>\n<a href=\"http:\/\/de.wikipedia.org\/wiki\/Haiku\">http:\/\/de.wikipedia.org\/wiki\/Haiku<\/a><\/p>\n<p><a href=\"http:\/\/www.gartenakademie.org\/?p=420\">2. Do 20.6. 20 Uhr Prof. Dr. Max J. Kobbert (Haiku-Dichtung) und Prof. Dr. Erwin-Josef Speckmann (Tuschpinselmalerei)<\/a> \u201eHaiku \u2013 Eingefangene Momente\u201c<br \/>\nLinks: <a href=\"http:\/\/de.wikipedia.org\/wiki\/Max_J._Kobbert\">http:\/\/de.wikipedia.org\/wiki\/Max_J._Kobbert<\/a><br \/>\n<a href=\"http:\/\/de.wikipedia.org\/wiki\/Erwin-Josef_Speckmann\">http:\/\/de.wikipedia.org\/wiki\/Erwin-Josef_Speckmann<\/a><br \/>\n<a href=\"http:\/\/www.daedalus-verlag.de\/front_content.php?idart=253\">http:\/\/www.daedalus-verlag.de\/front_content.php?idart=253<\/a><\/p>\n<p><a href=\"http:\/\/www.gartenakademie.org\/?p=467\">3. Sa 22.6. 20 Uhr Zensho Shimokawa \/Landshut <\/a>\u201eJapanische Gartenkunst\u201c<br \/>\nLinks: <a href=\"http:\/\/www.sansui-en.de\">www.sansui-en.de<\/a><\/p>\n<p><a href=\"http:\/\/www.gartenakademie.org\/?p=476\">4. Do 27.6. 20 Uhr Prof. Dr. Gert Gr\u00f6ning <\/a>\/Berlin \u201eKuraingaruten und Shimin-nou-en \u2013 ein deutscher Blick auf Kleing\u00e4rten in Japan\u201c<br \/>\nLinks: <a href=\"http:\/\/www.arch.udk-berlin.de\/groening\/index.php?pageid=2\">http:\/\/www.arch.udk-berlin.de\/groening\/index.php?pageid=2<\/a><\/p>\n<h3 style=\"text-align: center;\">\u00a0Juli 2013<\/h3>\n<p><a href=\"http:\/\/www.gartenakademie.org\/?p=488\">5. So 7.7.2013 # 15 Uhr Zum Tanabata-Fest: <\/a>Lesung mit Beate Reker \u201eVom W\u00fcnschen und Lieben\u201c Japanische Gespenster- und Geistergeschichten<br \/>\n<a href=\"http:\/\/de.wikipedia.org\/wiki\/Tanabata\">http:\/\/de.wikipedia.org\/wiki\/Tanabata<\/a><br \/>\n<a href=\"http:\/\/www.beatereker.de\/\">http:\/\/www.beatereker.de\/<\/a><\/p>\n<p><a href=\"http:\/\/www.gartenakademie.org\/?p=507\">6. Mo 8.7.2013\u00a0 # 20 Uhr Konzert \u201eGagaku Ensemble\u201c <\/a>mit Hideaki Bunno, Michinobu Kato, Noriaki Ishii, Naoyuki Manabe \/ Yokohama Tokio &#8211; Einf\u00fchrung durch: Heinz-Dieter Reese (The Japan Foundation, K\u00f6ln)<br \/>\nLinks: <a href=\"http:\/\/www.wdr3.de\/musik\/musikkulturenbeiwdr3\/vorlage-konzert157.html\">http:\/\/www.wdr3.de\/musik\/musikkulturenbeiwdr3\/vorlage-konzert157.html<\/a><br \/>\n<a href=\"http:\/\/de.wikipedia.org\/wiki\/Gagaku\">http:\/\/de.wikipedia.org\/wiki\/Gagaku<\/a><\/p>\n<p><a href=\"http:\/\/www.gartenakademie.org\/?p=540\">7. Sa 13.7.2013 # 20 Uhr Boris Hegenbart \/Berlin<\/a> \u201esoyo soyo \u2013 eine elektroakustische Soundperformance\u201c<br \/>\nLinks: <a href=\"http:\/\/www.soundblocks.de\">http:\/\/www.soundblocks.de<\/a><br \/>\n<a href=\"http:\/\/www.galeriemazzoli.com\/deutsch\/boris.htm\">http:\/\/www.galeriemazzoli.com\/deutsch\/boris.htm<\/a><\/p>\n<p>8. So 14.7.2013 #19 Uhr\u00a0 \u201eDer Weg zum Zen\u201c <span style=\"text-decoration: underline;\">und<\/span> Mo 15.7.2013\u00a0 # 6 Uhr morgens (Einlass bis 5.55 Uhr) \u201eMorgen-Zen im Garten\u201c (bis 7 Uhr)<\/p>\n<p><a href=\"http:\/\/www.gartenakademie.org\/?p=574\">9. Fr 19.7.2013 # 20 Uhr Konzert<\/a> mit Gudula Rosa und Dr. Lydia Br\u00fcll \u201eL\u00e4rm und Stille\u201c<br \/>\nLinks: <a href=\"http:\/\/www.gudularosa.de\/\">http:\/\/www.gudularosa.de\/<\/a><br \/>\n<a href=\"http:\/\/www.muenster.de\/stadt\/musikschule\/gundula-rosa.html\">http:\/\/www.muenster.de\/stadt\/musikschule\/gundula-rosa.html<\/a><br \/>\n<a href=\"http:\/\/www.lydia-bruell.de\">http:\/\/www.lydia-bruell.de<\/a><br \/>\n<a href=\"http:\/\/www.lydia-bruell.de\/publikationen01.html\">http:\/\/www.lydia-bruell.de\/publikationen01.html<\/a><\/p>\n<h4><a href=\"http:\/\/www.gartenakademie.org\/?p=583\">\u00a0\u201cDie Tage der Tage\u201c vom 21.7. bis 27.7. # nach den Bedeutungen der japanischen Wochentagen<\/a><\/h4>\n<h4><a href=\"http:\/\/de.wikipedia.org\/wiki\/Japanische_Zeitrechnung\">http:\/\/de.wikipedia.org\/wiki\/Japanische_Zeitrechnung<\/a><\/h4>\n<p><a href=\"http:\/\/www.gartenakademie.org\/?p=594\">10. So 21.7.2013 # 21 Uhr Sonntag, der Tag der Sonne:<\/a> Film \u201eSolntse \u201c Regie: Aleksandr Sokurow # Filmseminar begleitet von Dr. Hans Gerhold<br \/>\nLinks: <a href=\"http:\/\/de.wikipedia.org\/wiki\/Alexander_Nikolajewitsch_Sokurow\">http:\/\/de.wikipedia.org\/wiki\/Alexander_Nikolajewitsch_Sokurow<\/a><\/p>\n<p><a href=\"http:\/\/www.gartenakademie.org\/?p=609\">11. Mo 22.7.2013 # 22 Uhr Montag, der Tag des Mondes: <\/a>Eine gespenstische Vollmond-Lesung mit Beate Reker # japanische Geister- und Gespenstergeschichten<br \/>\nLinks: <a href=\"http:\/\/www.beatereker.de\/\">http:\/\/www.beatereker.de\/<\/a><\/p>\n<p><a href=\"http:\/\/www.gartenakademie.org\/?p=621\">12. Die 23.7.2013 # 20 Uhr Dienstag \u2013 der Tag des Feuers:<\/a> \u201eMit Feuer und Flamme auf der Gartenbank\u201c Benno Fritzen, der Leiter der Feuerwehr M\u00fcnster, im Gespr\u00e4ch mit Wilm Weppelmann<br \/>\nLinks: <a href=\"http:\/\/www.muenster.de\/stadt\/feuerwehr\/kontakt.html\">http:\/\/www.muenster.de\/stadt\/feuerwehr\/kontakt.html<\/a><\/p>\n<p><a href=\"http:\/\/www.gartenakademie.org\/?p=643\">13. Mi 24.7.2013 # 20 Uhr Mittwoch, der Tag des Wassers: <\/a>\u201eFremde Wasser \u2013 japanische Literatur\u201c Lesung mit Gabriele Br\u00fcning # Die 100. Veranstaltung der Freien Gartenakademie<\/p>\n<p><a href=\"http:\/\/www.gartenakademie.org\/?p=648\">14. Do 25.7.2013 # 20 Uhr Donnerstag, der Tag des Baumes: <\/a>\u201eDie Welt des Bonsai\u201c Werner M. Busch, Leiter des Bonsai-Museums D\u00fcsseldorf<br \/>\n<a href=\"http:\/\/www.bonsai-museum.de\">http:\/\/www.bonsai-museum.de<\/a><\/p>\n<p><a href=\"http:\/\/www.gartenakademie.org\/?p=648\">15. Fr 26.7.2013 # 20 Uhr Freitag, der Tag des Goldes:<\/a> \u201eEin Blatt Gold\u201c \u2013 Sandra Freitag \u2013 Vergoldermeisterin<br \/>\nLinks: <a href=\"http:\/\/www.vergolderatelier.de\/\">http:\/\/www.vergolderatelier.de\/<\/a><\/p>\n<p><a href=\"http:\/\/www.gartenakademie.org\/?p=679\">16. Sa 27.7.2013 # 20 Uhr Samstag, der Tag der Erde:<\/a> \u201eDie Erde bebt\u201c \u2013 Prof. Dr. Christine Thomas<br \/>\nLinks: <a href=\"https:\/\/www.uni-muenster.de\/Physik.GP\/Seismologie\/\">https:\/\/www.uni-muenster.de\/Physik.GP\/Seismologie\/<\/a><\/p>\n<h3 style=\"text-align: center;\">\u00a0noch im Juli 2013<\/h3>\n<p><a href=\"http:\/\/www.gartenakademie.org\/?p=696\">17. Mi 31.7.2013 # 20 Uhr \u201eTadayou-mono \u2013 das Schwebende\u201c <\/a>Eine Tanzperformance von Tsutomu Ozeki und Armin Biermann<br \/>\nLinks: <a href=\"http:\/\/tsutomuohzeki.web.fc2.com\/d-index.html\">http:\/\/tsutomuohzeki.web.fc2.com\/d-index.html<\/a><\/p>\n<h3 style=\"text-align: center;\">\u00a0August 2013<\/h3>\n<p><a href=\"http:\/\/www.gartenakademie.org\/?p=720\">18. Mo 5.8.2013 # 21 Uhr Film \u201eHana Gerira \u2013 Blumen Guerilla\u201c<\/a> Regie: Koji Kawano \u2013 Filmseminar begleitet von Wilm Weppelmann und Yumiko Okano<br \/>\nLinks: <a href=\"http:\/\/ja.wikipedia.org\/wiki\/%E8%8A%B1%E3%82%B2%E3%83%AA%E3%83%A9\">Film auf Wikipedia<\/a><\/p>\n<p><a href=\"http:\/\/www.gartenakademie.org\/?p=735\">19. Mi 7.8.2013 # 20 Uhr Elisabeth Rave \u201eShakkei, die geborgte Landschaft\u201c<\/a> Vortrag Gartenkultur<br \/>\nLinks: <a href=\"http:\/\/en.wikipedia.org\/wiki\/Borrowed_scenery\">http:\/\/en.wikipedia.org\/wiki\/Borrowed_scenery<\/a><\/p>\n<p><a href=\"http:\/\/www.gartenakademie.org\/?p=743\">20. Fr 9.8.2013 # 21 Uhr Film \u201eYume\u201c Regie: Akira Kurosawa<\/a> \u2013 Filmseminar begleitet von Dr. Hans Gerhold<br \/>\nLinks:<a href=\"http:\/\/de.wikipedia.org\/wiki\/Akira_Kurosawas_Tr%C3%A4ume\"> http:\/\/de.wikipedia.org\/wiki\/Akira_Kurosawas_Tr%C3%A4ume<\/a><\/p>\n<p><a href=\"http:\/\/www.gartenakademie.org\/?p=775\">21. Do 15.8.2013 # 20 Uhr Prof. Dr. Lisette Gebhardt \/<\/a>Frankfurt Vortrag zur \u201eTextintiative Fukushima\u201c<br \/>\n<a href=\"http:\/\/www.textinitiative-fukushima.de\/\">http:\/\/www.textinitiative-fukushima.de\/<\/a><br \/>\n<a href=\"http:\/\/www.textinitiative-fukushima.de\/\">http:\/\/www.japanologie.uni-frankfurt.de\/japlehre\/geb\/index.htm<\/a>l<br \/>\n<a href=\"http:\/\/www.ebv-berlin.de\/Lesebuch-Fukushima\">http:\/\/www.ebv-berlin.de\/Lesebuch-Fukushima<\/a><\/p>\n<p><a href=\"http:\/\/www.gartenakademie.org\/?p=783\">22. So 18.8.2013 # 19 Uhr Naoko Kikuchi \/Frankfurt \u2013 \u201eKoto \u2013 Solo Konzert<\/a>\u201d \u2013 und Abschlussfest<br \/>\n<a href=\"http:\/\/www.naokokikuchi.com\/e\/index.html\">http:\/\/www.naokokikuchi.com\/e\/index.html<\/a><br \/>\n<a href=\"http:\/\/www.naokokikuchi.com\/e\/index.html\">http:\/\/de.wikipedia.org\/wiki\/Koto<\/a><\/p>\n<p><strong>erg\u00e4nzende Veranstaltungen im Museum f\u00fcr Lackkunst M\u00fcnster: <\/strong><\/p>\n<p><a href=\"http:\/\/www.gartenakademie.org\/?p=456\"><strong>20. Juni, 4. Juli und 8. August <\/strong>jeweils 16.30 Uhr:<\/a><br \/>\n\u201eSusuki, Hagi &amp; Co. \u2013 Japans Pflanzen in Lack\u201c F\u00fchrungen im \u201eMuseum f\u00fcr Lackkunst\u201c M\u00fcnster<br \/>\nWindthorststra\u00dfe 26 Eintritt: 3 Euro # F\u00fchrung: Beatrice Kromp<br \/>\n<a href=\"http:\/\/www.museum-fuer-lackkunst.de\/\">http:\/\/www.museum-fuer-lackkunst.de\/<\/a><\/p>\n<p style=\"text-align: center;\"><a href=\"http:\/\/www.gartenakademie.org\/wp-content\/uploads\/2013\/03\/VIG02_04-Schwarz-Reckteck-mit-Text-Kultur.jpg\"><img loading=\"lazy\" class=\" wp-image-27 aligncenter\" src=\"http:\/\/www.gartenakademie.org\/wp-content\/uploads\/2013\/03\/VIG02_04-Schwarz-Reckteck-mit-Text-Kultur.jpg\" alt=\"Signet Freie Gartenakademie\" width=\"290\" height=\"128\" \/><\/a><\/p>\n<h3 style=\"text-align: center;\">\u00dcber 70 verschiedene Medienberichte begleiten die 8. Freie Gartenakademie 2013:<\/h3>\n<p style=\"text-align: center;\">Beispielartikel in den Westf\u00e4lischen Nachrichten vom 10.7.2013 : &#8220; Vogelzwitschern _zu Endlos-T\u00f6nen &#8211; Musiker des japanischen Kaiserhofes pr\u00e4sentieren Zeremonialmusik Gagaku &#8230;&#8220;<\/p>\n<p style=\"text-align: center;\"><a href=\"http:\/\/www.gartenakademie.org\/wp-content\/uploads\/2013\/04\/19-WN-10.jpg\"><img loading=\"lazy\" class=\"size-full wp-image-1244 aligncenter\" src=\"http:\/\/www.gartenakademie.org\/wp-content\/uploads\/2013\/04\/19-WN-10.jpg\" alt=\"19 WN 10\" width=\"413\" height=\"450\" srcset=\"https:\/\/www.gartenakademie.org\/wp-content\/uploads\/2013\/04\/19-WN-10.jpg 413w, https:\/\/www.gartenakademie.org\/wp-content\/uploads\/2013\/04\/19-WN-10-275x300.jpg 275w\" sizes=\"(max-width: 413px) 100vw, 413px\" \/><\/a><\/p>\n<p>&nbsp;<\/p>\n","protected":false},"excerpt":{"rendered":"<p>&#8222;Unges\u00e4te Saat geht nicht auf. &#8222;\u8494\u304b\u306c\u7a2e\u306f\u751f\u3048\u306c\u3002 Makanu tane wa haenu&#8220; Japanisches Sprichwort \u00a08. Freie Gartenakademie 2013 Die Kultur der Natur<\/p>\n","protected":false},"author":2,"featured_media":142,"parent":0,"menu_order":0,"comment_status":"closed","ping_status":"closed","template":"","meta":[],"_links":{"self":[{"href":"https:\/\/www.gartenakademie.org\/index.php?rest_route=\/wp\/v2\/pages\/49"}],"collection":[{"href":"https:\/\/www.gartenakademie.org\/index.php?rest_route=\/wp\/v2\/pages"}],"about":[{"href":"https:\/\/www.gartenakademie.org\/index.php?rest_route=\/wp\/v2\/types\/page"}],"author":[{"embeddable":true,"href":"https:\/\/www.gartenakademie.org\/index.php?rest_route=\/wp\/v2\/users\/2"}],"replies":[{"embeddable":true,"href":"https:\/\/www.gartenakademie.org\/index.php?rest_route=%2Fwp%2Fv2%2Fcomments&post=49"}],"version-history":[{"count":18,"href":"https:\/\/www.gartenakademie.org\/index.php?rest_route=\/wp\/v2\/pages\/49\/revisions"}],"predecessor-version":[{"id":2506,"href":"https:\/\/www.gartenakademie.org\/index.php?rest_route=\/wp\/v2\/pages\/49\/revisions\/2506"}],"wp:featuredmedia":[{"embeddable":true,"href":"https:\/\/www.gartenakademie.org\/index.php?rest_route=\/wp\/v2\/media\/142"}],"wp:attachment":[{"href":"https:\/\/www.gartenakademie.org\/index.php?rest_route=%2Fwp%2Fv2%2Fmedia&parent=49"}],"curies":[{"name":"wp","href":"https:\/\/api.w.org\/{rel}","templated":true}]}}