{"id":52,"date":"2013-04-03T07:20:24","date_gmt":"2013-04-03T05:20:24","guid":{"rendered":"http:\/\/www.gartenakademie.org\/?page_id=52"},"modified":"2020-09-01T17:26:28","modified_gmt":"2020-09-01T15:26:28","slug":"archiv","status":"publish","type":"page","link":"https:\/\/www.gartenakademie.org\/?page_id=52","title":{"rendered":"Archiv 2006 &#8211; 2020"},"content":{"rendered":"<p style=\"text-align: center;\"><strong>\u00dcbersicht der Programm-G\u00e4ste seit 2006<\/strong><\/p>\n<p># <strong>2006: <\/strong>Dr. Andreas Mussenbrock, Heinz Dalm\u00fchle, Ruppe Koselleck, Rainer Schepper, Kindergarten Feldm\u00e4use, Ensemble SAXOMANIA # <strong>2007:<\/strong> Dr. Arne Moritz, Ursula Reinhard, Daniel Sprenger, Dr. Elisabeth Meyer-Renschhausen, Timm Ulrichs, Roger Trash, Dr. Nana Hartig, Bertram Weisshaar, Gudula Rosa, Andreas Niepel, Tobias Sudhoff, Stefan Leppert, Christoph Beninde, Dr. Heidi Lorey, Dr. Christa M\u00fcller, Blechbl\u00e4serensemble Galaxy Brass, Alfred Holtmann # <strong>2008:<\/strong> Prof. Dr. Ferdinand Fellmann, Andreas Ladwig, Hermann Gr\u00f6ne, Trio Klare.Siegel.Camata, Gunther Keusen und Thomas Witzmann, Dr. Thomas H\u00f6velmann, J\u00fcrgen Lemke, Rainer Schepper, Ilga Eger, Hanspeter Padrutt, Christian Palm und Philipp Armbruster # <strong>2009:<\/strong> Dr. Hans von Trotha, Anoosha Golastaneh und Clemens Rave, Richard Reynolds, Hannes Demming, Prof. Dr. Reinhold Zwick, Fernando Gonzalez, Eden Project mit Howard Jones und Paul Stone, Dr. Vera Alexander, G\u00fcnter Mader, Gudula Rosa und Prof. Ulrich Rademacher, Dr. Marie-Luise Egbert, Dr. Heiko Postma, Robert Paterson &amp; Jim Paterson, Klaus Oestreich # \u00a0<strong>2010:<\/strong> Dr. Frieder Lauxmann, Frau Elfriede M\u00f6llenbaum, Stefan Leppert, Werner Heidemann, Prof. David Crouch, Timm Ulrichs, Pitt Hartmann, Carsten Bender, Johannes Fundermann,\u00a0Dirk Jensen, Bass-Saxophon-Quartett Deep Schrott, Dr. Elisabeth Meyer-Renschhausen, Prof. Dr. Gert Gr\u00f6ning, Rainer Schepper, Prof. Dr. Gerlinde Krause, Volker Gerling, Duo The Royal Squeeze Box und Gabriele Br\u00fcning # <strong>2011:<\/strong> Prof. Dr. Klaus Michael Meyer-Abich, Dr. Christa M\u00fcller, Prof. Dr.J\u00fcrgen Milchert, The Spirit of Moondog, Maurice Maggi, Konrad Neuberger, Ivan Hicks, Rachel Hutchinson, Stefan Steinh\u00e4user, Robert Shaw, Dr. Marlies Ortner, Anne Klare und Andreas K\u00fcper-Wohlers, Dr. Brigitte Franzen, Prof. Dr. Gert Gr\u00f6ning, Ralf G\u00fcnther, Karl Heinz Jeron, Gabriele Br\u00fcning\u201a Walter Kassela und Hans-Joachim Puppa # <strong>2012<\/strong>: Prof. Dr. Peter Cornelius Mayer-Tasch, Prof. Dr. Gerhard Trommer, Ensemble Reload Futura, Compagnie 2K_FAR, Rochus Aust, Dr. Matthias N\u00f6llke, Prof. George McKay, Bernd Geiling, Dr. Florian G\u00fc\u00dfgen, Prof. Dr. David E. Cooper, Martin Rasper, Rainer Schepper, Dr. Hans Gerhold, Ulrich Grober, Prof. Dr. Stefan Rieger, Ensemble Das blaue Einhorn (der Wille z\u00e4hlt)# <strong>2013: <\/strong>Prof. Dr. Irmela Hijiya-Kirschnereit, Prof. Dr. Max J. Kobbert, Prof. Dr. Erwin-Josef Speckmann, Dr. Hildegard Speckmann,\u00a0 Zensho Shimokawa, Prof. Dr. Gert Gr\u00f6ning, Beate Reker, Hideaki Bunno, Michinobu Kato, Noriaki Ishii, Naoyuki Manabe, Heinz-Dieter Reese, Boris Hegenbart, ****** , Gudula Rosa, Dr. Lydia Br\u00fcll, Dr. Hans Gerhold, Benno Fritzen, Gabriele Br\u00fcning,\u00a0 Werner M. Busch, Sandra Freitag, Prof. Dr. Christine Thomas, Tsutomu Ozeki, Armin Biermann,\u00a0 Yumiko Okano, Elisabeth Rave,\u00a0 Prof. Dr. Lisette Gebhardt, Beatrice Kromp und Naoko Kikuchi # <strong>2014:<\/strong> Prof. Dr. Stefan Schweizer, Fran\u00e7oise Hynek, Peter Urban-Halle, Susanne von B\u00fclow, Ruppe Koselleck, Christiane Landgrebe, Prof. Dr. Gerhard Stickel, Henny R\u00f6nneper, Prof. Dr. Roland Doschka, Eva Hase, Uwe Kellner, Dr. Hans Gerhold, Dr. Frank Maier-Solgk,\u00a0 Jean-Claude und Christiane S\u00e9f\u00e9rian, Prof. Karl H. C. Ludwig, C\u00e9cile Corbel, Cyril Maurin, Pascal Boucaud <strong># 2015:<\/strong> Dr. Florentina Hausknotz, Maurice Maggi, Severin Halder, Dr. Philipp Stierand, Dr. Thomas H\u00f6velmann, Kat Menschik, Jan Klare, Luc Ex, Michael Vatcher, Achim Zepezauer, Lyla und Richard Reynolds, Ulla Lenze, Dr. Elisabeth Meyer-Renschhausen, Almut Jirku, Sean Murray, Joel Bird, Nils Aulike, Marc Palachner, Annabel Lammers, Dr. Ute Scheub, Werner Heidemann, Volker Schlott, Falk Breitkreuz <strong># 2016: <\/strong>Angela K\u00f6ckritz, Klemens Ludwig, Oliver F\u00fclling, Hubert Geurts, Beate Reuber, Manuel Herwig, Hannes Demming, Dr. Patricia Frick, Cheng Shi, Xingye Li, Reinbert Evers, Ralf F\u00fccks, Prof. Dr. Johannes K\u00fcchler, Martin Winter, Chun Sue, Manfred Kerklau, Carsten Bender, Stefan Naszay, Dr. Renate H\u00fccking, Dr. Volker Kl\u00f6psch, Prof. Dr. Eva Sternfeld, Arne T\u00f6ni\u00dfen, Nils Aulike, Liu Wenqing, Xu Fengxia, Jan Klare, Dirk-Peter K\u00f6lsch # <strong>2017:\u00a0<\/strong>Marc Aug\u00e9, Hannes Demming, Manuel Herwig, Yuko Tanabe Nagamura, Frank Sch\u00e4fer, Dr. Elisabeth Meyer-Renschhausen, Wilbert de Joode, Michael Vatcher, Bart Maris, Jan Klare, Gabi Sutter, Rainer G. Schmidt, Eric Erbacher, Ulrich Grober, Timm Ulrichs, Elke Strauchenbruch, Rochus Aust, Dr. Ralf Hammecke, Marie S\u00e9f\u00e9rian, Niko Meinhold, Tim Kleinsorge, Javier Reyes<strong>\u00a0# 2018:\u00a0<\/strong>Prof. Dr. Ludwig Fischer, Volker Gerling, Torsten Matschiess, J\u00f6rg Pfenningschmidt, Eva Eberwein, Stefan Leppert, Carsten Bender, Hilmar Hajek &amp; \u00a0J\u00f6rg Kerll, Doroth\u00e9e Waechter, Sigrid Tinz, Prof. Dr. Gert Gr\u00f6ning, Gudula Rosa und Marko Kass #<strong>2019:<\/strong> Gerbrand Bakker, Prof. Dr. Paul Ke\u00dfler, Prof. Dr. Kai M\u00fcller, Hendrikje Winter, Dr. Petra Marx, Jan Klare, Han Buhrs, Nora Mulda, Klaus Bender &amp; Manfred Lucenz, Han van der Horst, Ans Hobbelink, Werner Heidemann, Julia Trompeter, Annemieke Hendriks, Prof. Dr. Nils B\u00fcttner, Drs. Leo den Dulk, Burkhardt S\u00f6ll, das Valerius Ensemble aus Enschede mit Robert Windak, Annemarie van Viegen, Eva Suslikova und Ren\u00e9 Geesing # <strong>2020:<\/strong> <span class=\"oi732d6d ik7dh3pa d2edcug0 hpfvmrgz qv66sw1b c1et5uql a8c37x1j muag1w35 ew0dbk1b jq4qci2q a3bd9o3v knj5qynh oo9gr5id hzawbc8m\" dir=\"auto\">Gudula Rosa, Rochus Aust, Dr.Elisabeth Meyer-Renschhausen, Jan Klare, Dr. Heidi Lorey, Martje Salj\u00e9 und Manfred Thalmann, Paul Zabel, Carsten Bender, Jo Herbst, Gabriele Br\u00fcning, Manfred Kerklau, Eva-Maria Jazdzejewski und Jakob Reinhardt<\/span><\/p>\n","protected":false},"excerpt":{"rendered":"<p>\u00dcbersicht der Programm-G\u00e4ste seit 2006 # 2006: Dr. Andreas Mussenbrock, Heinz Dalm\u00fchle, Ruppe Koselleck, Rainer Schepper, Kindergarten Feldm\u00e4use, Ensemble SAXOMANIA<\/p>\n","protected":false},"author":2,"featured_media":0,"parent":0,"menu_order":0,"comment_status":"closed","ping_status":"closed","template":"","meta":[],"_links":{"self":[{"href":"https:\/\/www.gartenakademie.org\/index.php?rest_route=\/wp\/v2\/pages\/52"}],"collection":[{"href":"https:\/\/www.gartenakademie.org\/index.php?rest_route=\/wp\/v2\/pages"}],"about":[{"href":"https:\/\/www.gartenakademie.org\/index.php?rest_route=\/wp\/v2\/types\/page"}],"author":[{"embeddable":true,"href":"https:\/\/www.gartenakademie.org\/index.php?rest_route=\/wp\/v2\/users\/2"}],"replies":[{"embeddable":true,"href":"https:\/\/www.gartenakademie.org\/index.php?rest_route=%2Fwp%2Fv2%2Fcomments&post=52"}],"version-history":[{"count":22,"href":"https:\/\/www.gartenakademie.org\/index.php?rest_route=\/wp\/v2\/pages\/52\/revisions"}],"predecessor-version":[{"id":2673,"href":"https:\/\/www.gartenakademie.org\/index.php?rest_route=\/wp\/v2\/pages\/52\/revisions\/2673"}],"wp:attachment":[{"href":"https:\/\/www.gartenakademie.org\/index.php?rest_route=%2Fwp%2Fv2%2Fmedia&parent=52"}],"curies":[{"name":"wp","href":"https:\/\/api.w.org\/{rel}","templated":true}]}}