{"id":65,"date":"2013-04-03T14:15:43","date_gmt":"2013-04-03T12:15:43","guid":{"rendered":"http:\/\/www.gartenakademie.org\/?page_id=65"},"modified":"2020-10-05T08:14:46","modified_gmt":"2020-10-05T06:14:46","slug":"wie-wo-wann-wer","status":"publish","type":"page","link":"https:\/\/www.gartenakademie.org\/?page_id=65","title":{"rendered":"Kurzinfo"},"content":{"rendered":"<p><!-- [if gte mso 10]>\n\n\n\n<style>\n \/* Style Definitions *\/<br \/>table.MsoNormalTable<br \/>{mso-style-name:\"Normale Tabelle\";<br \/>mso-tstyle-rowband-size:0;<br \/>mso-tstyle-colband-size:0;<br \/>mso-style-noshow:yes;<br \/>mso-style-parent:\"\";<br \/>mso-padding-alt:0cm 5.4pt 0cm 5.4pt;<br \/>mso-para-margin:0cm;<br \/>mso-para-margin-bottom:.0001pt;<br \/>mso-pagination:widow-orphan;<br \/>font-size:10.0pt;<br \/>font-family:\"Times New Roman\";}<br \/><\/style>\n\n<![endif]--><\/p>\n<p><strong>INFO KOMPAKT:\u00a0<\/strong> Die Freie Gartenakademie ist eine j\u00e4hrliche (seit 2006) Sommerkulturveranstaltungsreihe in M\u00fcnster (Westfalen) mit internationaler Besetzung. &#8211; Thema:\u00a0 der Garten in allen &#8222;<i>existentiellen, \u00f6kologischen, philosophischen, sozialen und kulturellen Dimensionen&#8220; &#8211; <\/i><a href=\"http:\/\/www.gartenakademie.org\/?location=freie-gartenakademie-schrebergarten-wilm-weppelmann\">Veranstaltungsort: Gartenanlage 48147 M\u00fcnster Langemarckstr. 73\u00a0<\/a>\u00a0 Open Air Bestuhlung, bei ung\u00fcnstiger Witterung mit Regenschutz &#8211; Der Eintritt ist (frei)willig, Kostenbeitrag erbeten. Programm und Organisation: <a href=\"http:\/\/www.weppelmann.de\">Wilm Weppelmann<\/a> &#8211; Tr\u00e4ger: <a href=\"http:\/\/www.kulturgruen.org\">Kulturgr\u00fcn e. V. M\u00fcnster <\/a><\/p>\n<p><strong><a href=\"http:\/\/www.gartenakademie.org\/wp-content\/uploads\/2014\/02\/Richard-Reynolds-klein.jpg\"><img loading=\"lazy\" class=\"wp-image-1310 alignleft\" src=\"http:\/\/www.gartenakademie.org\/wp-content\/uploads\/2014\/02\/Richard-Reynolds-klein-300x200.jpg\" alt=\"\" width=\"300\" height=\"200\" srcset=\"https:\/\/www.gartenakademie.org\/wp-content\/uploads\/2014\/02\/Richard-Reynolds-klein-300x200.jpg 300w, https:\/\/www.gartenakademie.org\/wp-content\/uploads\/2014\/02\/Richard-Reynolds-klein.jpg 354w\" sizes=\"(max-width: 300px) 100vw, 300px\" \/><\/a>&#8222;Im Kleinen gro\u00df&#8220;<\/strong> so kennzeichnete der Polyglott Reisef\u00fchrer &#8222;<a href=\"http:\/\/www.amazon.de\/Polyglott-Special-Abenteuerurlaub-Deutschland-ungew%C3%B6hnlichen\/dp\/3493601158\">Abenteuerurlaub in Deutschland&#8220;<\/a>\u00a0 die Freie Gartenakademie in M\u00fcnster. Die \u00fcberregionale Sonntagszeitschrift \u201eWelt am Sonntag\u201c titelte <span style=\"mso-spacerun: yes;\">\u00a0<\/span>\u201e<a href=\"http:\/\/www.welt.de\/welt_print\/vermischtes\/article8113462\/Zwischen-Kant-und-Kuerbis.html\">Zwischen Kant und K\u00fcrbis. Ein fruchtbares Projekt<\/a>\u201c.\u00a0 Ein F\u00fclle von Medienberichten begleiten die Freie Gartenakademie und tragen eine besondere Gartenbotschaft ins Land: &#8222;Garten hat viele geistige und kulturelle Facetten. Der Spielraum des urbanen Gartens ist noch lange nicht ersch\u00f6pft.&#8220;\u00a0 Seit 2006 bereichert die Freie Gartenakademie den M\u00fcnsteraner Kultursommer mit einem Kuriosum, denn der M\u00fcnsteraner K\u00fcnstler Wilm Weppelmann \u00f6ffnet daf\u00fcr jeden Sommer seinen privaten Schreber(Klein)garten. Vortr\u00e4ge, Lesungen, Konzerte und Kunstaktionen von renommierten G\u00e4sten aus ganz Europa bieten ungew\u00f6hnliche Einsichten zum Garten- und Naturthema. Es ist ein Programm f\u00fcr alle, aber nicht f\u00fcr jeden. 2021 hei\u00dft es dann\u00a0 &#8222;Kleiner Garten &#8211; gro\u00dfe Welt&#8220; und mit Kulturbeitr\u00e4gen aus ganz Europa w\u00e4chst wieder Kultur im Kleingarten von Wilm Weppelmann.<\/p>\n<p class=\"MsoNormal\" style=\"mso-margin-top-alt: auto; mso-margin-bottom-alt: auto;\"><b>? wo wie wann wer ?<br \/>\n<\/b><\/p>\n<p class=\"MsoNormal\" style=\"mso-margin-top-alt: auto; mso-margin-bottom-alt: auto;\">Wer hat Angst vorm Schrebergarten? Es gibt keinen Grund hier althergebrachte Abziehbilder aus der Schublade zu ziehen oder m\u00f6chten Sie immer in Klischees denken\u00a0 &#8230;.\u00a0 nun Sie sind herzlich eingeladen in der Freien Gartenakademie neue (Klein)Gartenseiten kennenzulernen\u2026<\/p>\n<p><a href=\"http:\/\/www.gartenakademie.org\/wp-content\/uploads\/2015\/08\/DJI_0621-klein.jpg\"><img loading=\"lazy\" class=\"size-medium wp-image-1879 alignleft\" src=\"http:\/\/www.gartenakademie.org\/wp-content\/uploads\/2015\/08\/DJI_0621-klein-300x300.jpg\" alt=\"\" width=\"300\" height=\"300\" srcset=\"https:\/\/www.gartenakademie.org\/wp-content\/uploads\/2015\/08\/DJI_0621-klein-300x300.jpg 300w, https:\/\/www.gartenakademie.org\/wp-content\/uploads\/2015\/08\/DJI_0621-klein-290x290.jpg 290w, https:\/\/www.gartenakademie.org\/wp-content\/uploads\/2015\/08\/DJI_0621-klein-50x50.jpg 50w, https:\/\/www.gartenakademie.org\/wp-content\/uploads\/2015\/08\/DJI_0621-klein.jpg 520w\" sizes=\"(max-width: 300px) 100vw, 300px\" \/><\/a><\/p>\n<p class=\"MsoNormal\" style=\"mso-margin-top-alt: auto; mso-margin-bottom-alt: auto;\">Der Kleingarten von Wilm Weppelmann bietet Abend f\u00fcr Abend einen gastlichen Raum (openair). Eine feste Bestuhlung (80 Sitz- und weitere Stehpl\u00e4tze) und ein Witterungsschutz bei auftretenden Regeng\u00fcssen sorgen f\u00fcr bequeme Aussichten, aber es ist trotzdem immer ein gewisses Abenteuer sich auf den besonderen Rahmen der Freien Gartenakademie einzulassen, das liegt in der Natur der Sache . Es ist manchmal sehr sinnvoll Schirm und Decke mitzubringen. Das Veranstaltungsgel\u00e4nde ist ein privater Garten, deshalb geht eine Bitte an alle Besucher, die Kulturen und Pflanzenwelt des Gartens zu schonen und nicht die Beete zu betreten oder die Wege zu verlassen. Haftungseinschr\u00e4nkung: Der Zugang erfolgt auf eigene Gefahr.<\/p>\n<p class=\"MsoNormal\" style=\"mso-margin-top-alt: auto; mso-margin-bottom-alt: auto;\">Die Veranstaltungsreihe wird mit kleinstem Budget und k\u00fcnstlerischer Freiheit, Charme und Idealismus\u00a0 professionell organisiert. Das Programm gestaltet der K\u00fcnstler Wilm Weppelmann, der Verein \u201eKulturgr\u00fcn e. V.\u201c hat die Tr\u00e4gerschaft \u00fcbernommen. Der Eintritt ist (frei)willig, ein Kostenbeitrag ist not-wendig, ja \u00fcberlebenswichtig, denn Kultur ist nicht umsonst.<\/p>\n<p class=\"MsoNormal\" style=\"mso-margin-top-alt: auto; mso-margin-bottom-alt: auto;\">Weitere technische Details m\u00fcssen noch erw\u00e4hnt werden: die Toiletten befinden sich in einer Entfernung von 250 m Fu\u00dfweg # der Zugang mit Rollstuhl zum Veranstaltungsgel\u00e4nde ist m\u00f6glich (aber leider nicht ohne Ecken, Stufen und Kanten) # zur besseren Verst\u00e4ndlichkeit werden die Vortr\u00e4ge selbstverst\u00e4ndlich akustisch verst\u00e4rkt.<\/p>\n<p>Die Freie Gartenakademie ist in der <a href=\"http:\/\/www.gartenakademie.org\/?location=freie-gartenakademie-schrebergarten-wilm-weppelmann\">Gartenanlage 48147 M\u00fcnster Langemarckstr. 73<\/a> (abends ist der weitere Weg ausgeschildert) zu Hause. Parkpl\u00e4tze sind gen\u00fcgend vorhanden, der Zugang mit dem Fahrrad gestaltet sich noch einfacher und direkt bis zum Gartentor.<\/p>\n<p>Es ist keine Platzreservierung m\u00f6glich. Der Einlass erfolgt fr\u00fchestens eine halbe Stunde vor Veranstaltungsbeginn &#8230;<\/p>\n<p><a href=\"http:\/\/www.gartenakademie.org\/?location=freie-gartenakademie-schrebergarten-wilm-weppelmann\"><i>\u00a0<\/i><\/a><\/p>\n<p>&nbsp;<\/p>\n<p>&nbsp;<\/p>\n","protected":false},"excerpt":{"rendered":"<p>INFO KOMPAKT:\u00a0 Die Freie Gartenakademie ist eine j\u00e4hrliche (seit 2006) Sommerkulturveranstaltungsreihe in M\u00fcnster (Westfalen) mit internationaler Besetzung. &#8211; Thema:\u00a0 der<\/p>\n","protected":false},"author":2,"featured_media":0,"parent":0,"menu_order":0,"comment_status":"closed","ping_status":"closed","template":"","meta":[],"_links":{"self":[{"href":"https:\/\/www.gartenakademie.org\/index.php?rest_route=\/wp\/v2\/pages\/65"}],"collection":[{"href":"https:\/\/www.gartenakademie.org\/index.php?rest_route=\/wp\/v2\/pages"}],"about":[{"href":"https:\/\/www.gartenakademie.org\/index.php?rest_route=\/wp\/v2\/types\/page"}],"author":[{"embeddable":true,"href":"https:\/\/www.gartenakademie.org\/index.php?rest_route=\/wp\/v2\/users\/2"}],"replies":[{"embeddable":true,"href":"https:\/\/www.gartenakademie.org\/index.php?rest_route=%2Fwp%2Fv2%2Fcomments&post=65"}],"version-history":[{"count":28,"href":"https:\/\/www.gartenakademie.org\/index.php?rest_route=\/wp\/v2\/pages\/65\/revisions"}],"predecessor-version":[{"id":2750,"href":"https:\/\/www.gartenakademie.org\/index.php?rest_route=\/wp\/v2\/pages\/65\/revisions\/2750"}],"wp:attachment":[{"href":"https:\/\/www.gartenakademie.org\/index.php?rest_route=%2Fwp%2Fv2%2Fmedia&parent=65"}],"curies":[{"name":"wp","href":"https:\/\/api.w.org\/{rel}","templated":true}]}}