{"id":72,"date":"2013-04-03T14:29:32","date_gmt":"2013-04-03T12:29:32","guid":{"rendered":"http:\/\/www.gartenakademie.org\/?page_id=72"},"modified":"2020-10-04T12:33:01","modified_gmt":"2020-10-04T10:33:01","slug":"konzept","status":"publish","type":"page","link":"https:\/\/www.gartenakademie.org\/?page_id=72","title":{"rendered":"Konzept"},"content":{"rendered":"<p><!-- [if gte mso 9]><xml>\n<w:WordDocument>\n<w:View>Normal<\/w:View>\n<w:Zoom>0<\/w:Zoom>\n<w:HyphenationZone>21<\/w:HyphenationZone>\n<w:Compatibility>\n<w:BreakWrappedTables\/>\n<w:SnapToGridInCell\/>\n<w:ApplyBreakingRules\/>\n<w:WrapTextWithPunct\/>\n<w:UseAsianBreakRules\/>\n<w:UseFELayout\/>\n<\/w:Compatibility>\n<w:BrowserLevel>MicrosoftInternetExplorer4<\/w:BrowserLevel>\n<\/w:WordDocument>\n<\/xml><![endif]--><\/p>\n<p><!-- [if gte mso 10]>\n\n\n\n<style>\n \/* Style Definitions *\/<br \/>table.MsoNormalTable<br \/>{mso-style-name:\"Normale Tabelle\";<br \/>mso-tstyle-rowband-size:0;<br \/>mso-tstyle-colband-size:0;<br \/>mso-style-noshow:yes;<br \/>mso-style-parent:\"\";<br \/>mso-padding-alt:0cm 5.4pt 0cm 5.4pt;<br \/>mso-para-margin:0cm;<br \/>mso-para-margin-bottom:.0001pt;<br \/>mso-pagination:widow-orphan;<br \/>font-size:10.0pt;<br \/>font-family:\"Times New Roman\";}<br \/><\/style>\n\n<![endif]--><\/p>\n<p class=\"MsoNormal\" style=\"text-align: center;\"><b style=\"mso-bidi-font-weight: normal;\"><span style=\"font-size: 16.0pt;\"><a href=\"http:\/\/www.gartenakademie.org\/wp-content\/uploads\/2013\/03\/VIG02_04-Schwarz-Reckteck-mit-Text-Kultur.jpg\"><img loading=\"lazy\" class=\"wp-image-27 aligncenter\" src=\"http:\/\/www.gartenakademie.org\/wp-content\/uploads\/2013\/03\/VIG02_04-Schwarz-Reckteck-mit-Text-Kultur.jpg\" alt=\"Signet Freie Gartenakademie\" width=\"721\" height=\"318\" \/><\/a>\u00a0\u00a0 Das Konzept der Freien Gartenakademie<span style=\"mso-spacerun: yes;\"><br \/>\n<\/span><\/span><\/b><\/p>\n<p class=\"MsoNormal\"><span style=\"font-size: 11.0pt;\">Die Freie Gartenakademie ist geplant als eine j\u00e4hrliche Veranstaltungsreihe rund um das Thema Garten und Natur, beheimatet im westf\u00e4lischen M\u00fcnster. Im Mittelpunkt steht ein experimentierfreudiges Kulturprogramm mit Konzerten, k\u00fcnstlerischen Aktionen,\u00a0 Theatervorstellungen und Lesungen. Der zweite Bereich ist ein anspruchsvolles Diskursprogramm, das sich den existentiellen, \u00f6kologischen, philosophischen, sozialen und kulturellen Dimensionen des Themas stellt. Die F<a href=\"http:\/\/www.gartenakademie.org\/wp-content\/uploads\/2014\/08\/IMG_8325-bearbeitet2_Gr\u00f6\u00dfenver\u00e4nderung.jpg\"><img loading=\"lazy\" class=\" wp-image-1583 alignleft\" src=\"http:\/\/www.gartenakademie.org\/wp-content\/uploads\/2014\/08\/IMG_8325-bearbeitet2_Gr\u00f6\u00dfenver\u00e4nderung-300x199.jpg\" alt=\"\" width=\"385\" height=\"255\" srcset=\"https:\/\/www.gartenakademie.org\/wp-content\/uploads\/2014\/08\/IMG_8325-bearbeitet2_Gr\u00f6\u00dfenver\u00e4nderung-300x199.jpg 300w, https:\/\/www.gartenakademie.org\/wp-content\/uploads\/2014\/08\/IMG_8325-bearbeitet2_Gr\u00f6\u00dfenver\u00e4nderung.jpg 461w\" sizes=\"(max-width: 385px) 100vw, 385px\" \/><\/a>reie Gartenakademie sieht sich als Initiator und Kreativpartner f\u00fcr die Suche nach neuen kulturellen Darstellungsformen und<span style=\"mso-spacerun: yes;\">\u00a0 <\/span>Themenblickwinkel.<span style=\"mso-spacerun: yes;\">\u00a0\u00a0\u00a0\u00a0\u00a0\u00a0\u00a0\u00a0\u00a0\u00a0\u00a0\u00a0\u00a0\u00a0\u00a0\u00a0\u00a0\u00a0\u00a0\u00a0\u00a0\u00a0\u00a0\u00a0\u00a0\u00a0\u00a0\u00a0\u00a0\u00a0\u00a0\u00a0\u00a0\u00a0\u00a0\u00a0\u00a0\u00a0\u00a0\u00a0\u00a0 <\/span><\/span><\/p>\n<p class=\"MsoNormal\"><span style=\"font-size: 11.0pt;\">Die Freie Gartenakademie hatte ihre Premiere im Sommer 2006 und wurde vom K\u00fcnstler Wilm Weppelmann ins Leben gerufen. Der Vortrag &#8222;<\/span><span style=\"font-size: 11.0pt;\"><span style=\"font-size: 11.0pt;\">Jeder Garten ist Philosophie&#8220; <\/span>des Philosophen Dr. Andreas Mussenbrock\u00a0 (Autor von <a href=\"http:\/\/www.termin-mit-kant.de\">&#8222;Termin mit Kant&#8220; dtv Verlag)<\/a> machte den Auftakt. Zentraler Veranstaltungsort ist ganz bewusst ein einfacher Schreber- und Nutzgarten, der sein ganz besonderes intimes und anregendes Ambiente zum Erfolg der Veranstaltungsreihe beisteuerte. An manchen Abenden fanden sich so bis zu 150 Besucher im Garten ein. F\u00fcr gr\u00f6\u00dfere Veranstaltungen stehen Ausweichr\u00e4umlichkeiten zur Verf\u00fcgung.<span style=\"mso-spacerun: yes;\">\u00a0\u00a0\u00a0\u00a0\u00a0\u00a0\u00a0\u00a0\u00a0\u00a0\u00a0\u00a0\u00a0\u00a0\u00a0\u00a0\u00a0\u00a0\u00a0\u00a0\u00a0\u00a0\u00a0\u00a0\u00a0\u00a0\u00a0\u00a0\u00a0\u00a0\u00a0\u00a0\u00a0\u00a0\u00a0\u00a0\u00a0\u00a0\u00a0\u00a0\u00a0\u00a0\u00a0\u00a0\u00a0\u00a0\u00a0\u00a0\u00a0 <\/span><\/span><\/p>\n<p class=\"MsoNormal\"><span style=\"font-size: 11.0pt;\">Die Freie Gartenakademie versteht sich als Experimentierfeld und f\u00fchrt deshalb das Wort<span style=\"mso-spacerun: yes;\">\u00a0 <\/span>\u201efrei\u201c sehr selbstbewusst und mit einem Hauch von Verwegenheit. Sie verschanzt sich nicht hinter dem Gartentor, sondern nimmt sich das Recht, auch weit \u00fcber den Beetrand hinaus, Themen und Kulturaspekte zu klimatisieren, zu diskutieren und sie in und aus dem Garten zu holen.<span style=\"mso-spacerun: yes;\">\u00a0\u00a0\u00a0\u00a0\u00a0\u00a0\u00a0\u00a0\u00a0\u00a0\u00a0\u00a0\u00a0\u00a0\u00a0\u00a0\u00a0\u00a0\u00a0\u00a0\u00a0\u00a0\u00a0\u00a0\u00a0\u00a0\u00a0\u00a0\u00a0\u00a0\u00a0\u00a0\u00a0\u00a0\u00a0\u00a0\u00a0\u00a0\u00a0\u00a0\u00a0\u00a0\u00a0\u00a0 <\/span><\/span><\/p>\n<p class=\"MsoNormal\"><span style=\"font-size: 11.0pt;\">Die Freie Gartenakademie sieht den Garten nicht als ein nostalgisches Idyllenreservat oder Auswuchs der Anthropozentrik, sondern als einen aktiven Baustein f\u00fcr eine Welt mit Zukunft Mensch. Denn aus dem Mikroskosmos Garten lassen sich elementare Lernerfahrungen ableiten, die gerade in Cyberlife- und Klonzeiten an Wichtigkeit zunehmen. Das Gef\u00fchl und Wissen f\u00fcr Rhythmen, Zyklen, Wachsen, Werden, Vergehen, Energiehaushalt, organischer Verbundenheit, Abh\u00e4ngigkeit und Verantwortung, leiblicher Wirklichkeits- und Selbsterfahrung, Erdung, Lebendigsein und Spiritualit\u00e4t erf\u00e4hrt<span style=\"mso-spacerun: yes;\">\u00a0 <\/span>sich im Garten und hilft dem Menschen eine lebenswerte Bescheidenheit abseits von technokratischen Allmachtsphantasien zu entwickeln.<span style=\"mso-spacerun: yes;\">\u00a0\u00a0\u00a0 <\/span><\/span><\/p>\n<p class=\"MsoNormal\"><span style=\"font-size: 11.0pt;\"><a href=\"http:\/\/www.gartenakademie.org\/wp-content\/uploads\/2014\/01\/IMG_6245_Gr\u00f6\u00dfenver\u00e4nderung.jpg\"><img loading=\"lazy\" class=\"wp-image-1234 alignleft\" src=\"http:\/\/www.gartenakademie.org\/wp-content\/uploads\/2014\/01\/IMG_6245_Gr\u00f6\u00dfenver\u00e4nderung.jpg\" alt=\"\" width=\"387\" height=\"290\" \/><\/a>Die Freie Gartenakademie begleitete die Suche nach dem Prinzip Garten, nach seiner Erfahrungswirklichkeit, nach seinem Lebenswert, nach seiner globalen Vernetzung, nach seiner symbolischen Aussagekraft, seiner p\u00e4dagogischen und politischen Relevanz, nach seiner Ausw\u00fcchsen, nach seiner Rolle, nach seinen gesellschaftlichen M\u00f6glichkeiten, seinen mythologischen und spirituellen Verkn\u00fcpfungen, seiner kulturellen Verankerung, seinem geistigen N\u00e4hrgehalt und nicht zu vergessen seinem Lustprinzip und verkn\u00fcpft dazu Leben, Lernen und Genie\u00dfen aus und mit einem Garten zu einem ambitionierten Kultur- und Sachprogramm.<span style=\"mso-spacerun: yes;\">\u00a0\u00a0\u00a0\u00a0\u00a0\u00a0\u00a0\u00a0\u00a0\u00a0\u00a0\u00a0\u00a0 <\/span><\/span><\/p>\n<p class=\"MsoNormal\"><span style=\"font-size: 11.0pt;\">Vor diesem Hintergrund wird sich die Freie Gartenakademie jedes Jahr einem neuen Themenkomplex widmen und anhand von markanten Eckpunkten, Initiativen f\u00f6rdern, Anst\u00f6\u00dfe vermitteln, Diskussionen anzetteln und Kulturereignisse initiieren. Jedes Jahr werden neue G\u00e4ste mit Vortr\u00e4gen, Aktionen, Workshops, Lesungen, Diskussionen, Konzerten, Ausstellungen f\u00fcr ein spannendes Programm sorgen.<span style=\"mso-spacerun: yes;\">\u00a0\u00a0\u00a0\u00a0\u00a0\u00a0\u00a0\u00a0\u00a0\u00a0\u00a0\u00a0\u00a0\u00a0\u00a0\u00a0\u00a0\u00a0\u00a0\u00a0\u00a0\u00a0\u00a0\u00a0\u00a0\u00a0\u00a0\u00a0\u00a0\u00a0\u00a0\u00a0\u00a0\u00a0\u00a0\u00a0\u00a0\u00a0\u00a0\u00a0\u00a0\u00a0\u00a0\u00a0 <\/span><\/span><\/p>\n<p class=\"MsoNormal\"><span style=\"font-size: 11.0pt;\">Grundlage der Arbeit der Freien Gartenakademie ist das Prinzip Hoffnung, eine humanistische Wertsch\u00e4tzung und das Wissen, um eine weitreichende ethische und \u00f6kologische Verantwortung f\u00fcr den Handlungsspielraum des Menschen. Und bei aller Sachlichkeit geh\u00f6rt untrennbar die Freude dazu, diesen aufregenden Mikrokosmos Garten immer wieder neu zu entdecken,<span style=\"mso-spacerun: yes;\">\u00a0 <\/span>lustvoll zu durchleben und zu durchdenken &#8211;<span style=\"mso-spacerun: yes;\">\u00a0 <\/span>die Freie Gartenakademie will dazu einen kleinen Beitrag leisten.<\/span><span style=\"mso-spacerun: yes;\">\u00a0\u00a0\u00a0\u00a0<\/span><\/p>\n<p class=\"MsoNormal\" style=\"text-align: center;\"><span style=\"mso-spacerun: yes;\">\u00a9 <\/span><span style=\"mso-spacerun: yes;\"><a title=\"Wilm Weppelmann\" href=\"http:\/\/www.weppelmann.de\" target=\"_blank\" rel=\"noopener noreferrer\">Wilm Weppelmann\u00a0<\/a> M\u00fcnster 2013<br \/>\n<\/span><\/p>\n<p class=\"MsoNormal\">\n","protected":false},"excerpt":{"rendered":"<p>\u00a0\u00a0 Das Konzept der Freien Gartenakademie Die Freie Gartenakademie ist geplant als eine j\u00e4hrliche Veranstaltungsreihe rund um das Thema Garten<\/p>\n","protected":false},"author":2,"featured_media":0,"parent":47,"menu_order":0,"comment_status":"closed","ping_status":"closed","template":"","meta":[],"_links":{"self":[{"href":"https:\/\/www.gartenakademie.org\/index.php?rest_route=\/wp\/v2\/pages\/72"}],"collection":[{"href":"https:\/\/www.gartenakademie.org\/index.php?rest_route=\/wp\/v2\/pages"}],"about":[{"href":"https:\/\/www.gartenakademie.org\/index.php?rest_route=\/wp\/v2\/types\/page"}],"author":[{"embeddable":true,"href":"https:\/\/www.gartenakademie.org\/index.php?rest_route=\/wp\/v2\/users\/2"}],"replies":[{"embeddable":true,"href":"https:\/\/www.gartenakademie.org\/index.php?rest_route=%2Fwp%2Fv2%2Fcomments&post=72"}],"version-history":[{"count":21,"href":"https:\/\/www.gartenakademie.org\/index.php?rest_route=\/wp\/v2\/pages\/72\/revisions"}],"predecessor-version":[{"id":2745,"href":"https:\/\/www.gartenakademie.org\/index.php?rest_route=\/wp\/v2\/pages\/72\/revisions\/2745"}],"up":[{"embeddable":true,"href":"https:\/\/www.gartenakademie.org\/index.php?rest_route=\/wp\/v2\/pages\/47"}],"wp:attachment":[{"href":"https:\/\/www.gartenakademie.org\/index.php?rest_route=%2Fwp%2Fv2%2Fmedia&parent=72"}],"curies":[{"name":"wp","href":"https:\/\/api.w.org\/{rel}","templated":true}]}}