{"id":853,"date":"2013-08-19T08:25:38","date_gmt":"2013-08-19T06:25:38","guid":{"rendered":"http:\/\/www.gartenakademie.org\/?page_id=853"},"modified":"2014-07-08T06:43:02","modified_gmt":"2014-07-08T04:43:02","slug":"9-freie-gartenakademie-2014","status":"publish","type":"page","link":"https:\/\/www.gartenakademie.org\/?page_id=853","title":{"rendered":"9. Freie Gartenakademie 2014"},"content":{"rendered":"<p style=\"text-align: center;\"><img loading=\"lazy\" class=\"aligncenter\" src=\"http:\/\/www.gartenakademie.org\/wp-content\/uploads\/2013\/12\/Freie-Gartenakademie-2014-klein.jpg\" alt=\"Freie Gartenakademie 2014 klein\" width=\"567\" height=\"405\" \/><\/p>\n<h2>Das Programm der 9. Freien Gartenakademie 2014<\/h2>\n<ul>\n<li>Programm und Organisation: Wilm Weppelmann<\/li>\n<li>Technische Assistenz: Christoph Otto Hetzel<\/li>\n<li>Ton: Andreas Wilting<\/li>\n<li>Presse : Yumiko Okano \u5ca1\u91ce\u6709\u7f8e\u5b50<\/li>\n<li>Tr\u00e4ger: Kulturgr\u00fcn e. V.<\/li>\n<li>mit freundlicher Unterst\u00fctzung durch: <a href=\"http:\/\/www.muenster.de\/stadt\/kulturamt\/\">Kulturamt der Stadt M\u00fcnster<\/a>, <a href=\"http:\/\/www.gartenreisen-laade.de\/\">Gartenreise Laade<\/a>, <a href=\"http:\/\/www.kleingarten.de\/\">Landesverband Westfalen und Lippe der Kleing\u00e4rtner e.V.<\/a><\/li>\n<\/ul>\n<p>Stand: 12.6.2014\u00a0 \u2013 <strong>\u00c4nderungen und Erweiterungen vorbehalten.<\/strong><\/p>\n<p><strong>\u201cAuch jetzt noch ist Frankreich der Sitz der geistigsten und raffiniertesten Kultur Europas und die hohe Schule des Geschmacks: Aber man muss dies \u201cFrankreich des Geschmacks\u201d zu finden wissen.\u201d <\/strong>Zitat Friedrich Nietzsche \u201cJenseits von Gut und B\u00f6se\u201d (1886)\u00a0 aus dem Abschnitt 254 # Literatur dazu: \u201cNietzsche und Frankreich\u201d Hrsg. v. Pornschlegel und Stingelin,\u00a0 De Gruyter Berlin 2009,\u00a0 ISBN 978-3-11-021690-5<\/p>\n<h4>Die Freie Gartenakademie stellt 2014 wieder ein L\u00e4nderthema in den Mittelpunkt: Frankreich und seine Garten- und Lebenskultur: La vie, la vie et le jardin \u2013 die 9. Freie Gartenakademie vom 19.6. \u2013 23.8.2014<\/h4>\n<p><strong>Ja, Frankreich ist ansteckend.<\/strong> Wer sich einmal in die Musikalit\u00e4t der franz\u00f6sischen Sprache vertieft hat, die Raffinesse der K\u00fcche geschnuppert und in der vielseitigen Landschaft seine Reiseleidenschaft entfacht hat, kommt nicht mehr los. Frankreich und Paris \u2013 Zauberworte f\u00fcr ein reichhaltiges Kulturerbe und eine\u00a0 intensive Lebenskultur. 14,7 Millionen deutsche Touristen besuchten 2012 Frankreich (lt. Statistik der franz\u00f6sischen Statistikamtes INSEE) Frankreich ist das wichtigste Touristenziel der Welt. Klischees, Idealisierungen, ja das Postkartenbild geh\u00f6rt zwar zum massentouristischen Marketingalltag, aber dazwischen und dahinter gibt es viele lebensnahe kleine Nuancen und unverbrauchte Charakterstimmungen, die Frankreich zu Frankreich machen und eine Entdeckungsreise in die eigene Sehnsucht erm\u00f6glichen.<\/p>\n<p><strong>Die Spannbreite der franz\u00f6sischen Gartenkultur umfasst neues Wachstum bei alten Wurzeln<\/strong>, da \u00f6ffnet sich der Blick in zahlreiche und vielgestaltige neue Gartentrends. Der Schlosspark von Versailles wurde zum Urbild des franz\u00f6sischen formalen Gartens, das im absolutistischen Europa \u00fcberall imitiert wird. Die gewaltigen, streng geometrischen Anlagen, die riesigen Wasserfl\u00e4chen und durch Beschnitt gez\u00e4hmten Pflanzenw\u00e4nde suggerierten die Macht des Menschen \u00fcber die Vegetation. Das Gartendesignfestival in Chaumont-sur-Loire inszeniert jedes Jahr in aller Freiheit die Gartenvisionen der Zukunft und Avantgarde. Neue Formen der partizipativen Gartenkultur erobern die Gro\u00dfstadt,\u00a0 dies sind nur einige Aspekte einer vitalen franz\u00f6sischen Gartenkultur und die Freie Gartenakademie zeigt in ihrem Jahresprogramm Verbindungslinien zwischen gestern und heute auf und geht auch den Widerspr\u00fcchen nach. Es ist die spannende Mischung aus Kultur- und Sachprogramm in der Freien Gartenakademie, die jedes Jahr viele Menschen in den Kleingarten von Wilm Weppelmann f\u00fchrt. \u2026 nun, auch Sie sind herzlich eingeladen, in der Freien Gartenakademie neue (Klein)Gartenseiten kennenzulernen.<\/p>\n<h4><strong>1. Er\u00f6ffnung am Donnerstag, 19.6.2014 19 Uhr mit Prof. Dr. Stefan Schweizer (D\u00fcsseldorf)\u00a0 <a href=\"http:\/\/www.wagenbach.de\/buecher\/titel\/915-andre-le-notre-und-die-erfindung-der-franzoesischen-gartenkunst.html\">\u201cAndr\u00e9 le N\u00f4tre und die Erfindung der franz\u00f6sischen Gartenkunst\u201d<\/a><\/strong><\/h4>\n<div>Die franz\u00f6sischen Garten- und Parkanlagen Andr\u00e9 le N\u00f4tres \u2013 allen voran Versailles \u2013 wurden zum Vorbild f\u00fcr pr\u00e4chtige G\u00e4rten in ganz Europa: Herrenhausen, Nymphenburg, Sch\u00f6nbrunn und Peterhof in Russland. Stefan Schweizer stellt uns den Erfinder der barocken Gartenkunst vor und f\u00fchrt in seine sch\u00f6nsten Parks. Obgleich bekannt als Gartenk\u00fcnstler des Sonnenk\u00f6nigs, z\u00e4hlt Andr\u00e9 le N\u00f4tre (1613\u20131700) zu den noch immer unentdeckten K\u00fcnstlern des Barock. Prof. <a href=\"http:\/\/www.phil-fak.uni-duesseldorf.de\/kunst\/institut-fuer-kunstgeschichte\/institut\/dozierende\/pd-dr-stefan-schweizer\/\">Dr. Stefan Schweizer<\/a> ist Wissenschaftlicher Vorstand der Stiftung Schloss und Park Benrath.\u00a0 Literatur: Stefan Schweizer \u201cAndr\u00e9 le N\u00f4tre und die Erfindung der franz\u00f6sischen Gartenkunst\u201d\u00a0\u00a0 Berlin: Wagenbach 2013 ISBN 978-3-8031-1298-9 \u2013 <strong>Der Verlag Klaus Wagenbach wird 50 und ist immer noch unabh\u00e4ngig, die Freie Gartenakademie gratuliert herzlichst.\u00a0<\/strong><\/div>\n<p style=\"text-align: center;\"><img loading=\"lazy\" class=\"aligncenter\" title=\"Andr\u00e9 le N\u00f4tre und die Erfindung der franz\u00f6sischen Gartenkunst\" src=\"http:\/\/www.wagenbach.de\/images\/verlag\/cover\/mittel\/9783803112989.jpg\" alt=\"Andr\u00e9 le N\u00f4tre und die Erfindung der franz\u00f6sischen Gartenkunst\" width=\"91\" height=\"171\" \/><\/p>\n<p>2<strong>. Samstag, 28.6.2014 20 Uhr Fran\u00e7oise Hynek und Peter Urban-Halle (Berlin)\u00a0 \u201cJahreszeiten der franz\u00f6sischen K\u00fcche\u201d <\/strong><\/p>\n<p>F\u00fcr zwei Dinge \u2013 so sagt man \u2013 lassen sich die Franzosen und Franz\u00f6sinnen gerne viel Zeit: f\u00fcr die Liebe und f\u00fcrs Kochen. <strong>Fran\u00e7oise Hynek und Peter Urban-Halle f\u00fchren <\/strong>gen\u00fcsslich durch Frankreichs Jahreszeiten und Regionen. Literatur: <a href=\"http:\/\/www.wagenbach.de\/buecher\/titel\/913-jahreszeiten-der-franzoesischen-kueche.html\">Fran\u00e7oise Hynek , Peter Urban-Halle \u201cJahreszeiten der franz\u00f6sischen K\u00fcche \u2013 Eine kulinarische Reise mit 77 Rezepten\u201d 168 S. Berlin: Wagenbach 2013 <\/a><\/p>\n<p>Peter Urban-Halle, geboren 1951 in Halle\/Saale, wuchs in Dortmund auf und studierte Germanistik und Skandinavistik in Berlin und Kopenhagen. Er ist Literaturkritiker und \u00dcbersetzer. Fran\u00e7oise Hynek, geboren 1959 in Rabat (Marokko), studierte Germanistik in Orl\u00e9ans, Berlin und Paris. Sie ist Franz\u00f6sischlehrerin am Institut fran\u00e7ais.<\/p>\n<p><strong>\u00a03. Dienstag, 1.7.2014 20 Uhr\u00a0 &#8222;Von Blaubeeren, Sch\u00fctzengr\u00e4ben und heiligen Erden\u201c Das K\u00fcnstlerpaar Susanne von B\u00fclow und Ruppe Koselleck<\/strong> (M\u00fcnster) auf den franz\u00f6sischen Schlachtfeldern des ersten Weltkrieges ..\u00a0 ein Kunstprojekt das Geschichte und Gegenwart verbindet. Links: <a href=\"http:\/\/susannevonbuelow.blogspot.de\/search\/label\/1914-1918%20Peinture%20aux%20myrtilles\">Susanne von B\u00fclow:\u00a0 1914-1918 Peinture aux myrtilles\u00a0<\/a> Ruppe Koselleck <a href=\"http:\/\/mayerserde.blogspot.de\/\">Mayers Erde<\/a><\/p>\n<p><strong>4. Donnerstag, 10.7.2014 20 Uhr: Christiane Landgrebe (Berlin)\u00a0 \u201cZur\u00fcck zur Natur? Das wilde Leben des Jean-Jacques Rousseau\u201d<\/strong> Literatur: <a href=\"http:\/\/www.beltz.de\/de\/verlagsgruppe-beltz\/unsere-autoren\/detailansicht\/titel\/zurueck-zur-natur.html\">Christiane Landgrebe: \u201cZur\u00fcck zur Natur? Das wilde Leben des Jean-Jacques Rousseau\u201d 376 S. Weinheim: Beltz Verlag 2012\u00a0 <\/a><\/p>\n<p>Wer sich mit dem\u00a0 Leben des Jean-Jacques Rousseau besch\u00e4ftigt, muss mit vielen falschen Vorstellungen aufr\u00e4umen, die dem Aufkl\u00e4rer zugeschrieben werden. Christiane Landgrebe zeichnet in ihrem Buch s\u00e4mtliche Stationen seines Lebens bis ins Exil nach. Ein \u00bbwildes Leben\u00ab, das mit seinen erotischen Verstrickungen und seinem Freiheitsdrang mit dem Werk, das es hervorbrachte, untrennbar verbunden ist. Sein Bild vom Naturmenschen ist kein \u00bbZur\u00fcck ins Paradies\u00ab, sondern eine bewusste Utopie, die er der fortschrittsgl\u00e4ubigen, aber ungerechten Gesellschaft entgegen hielt \u2013 und ist bis heute aktuell. \u2013 <strong>Christiane Landgrebe <\/strong>studierte Romanistik, Theologie und Philosophie. Neben ihrer Arbeit als Lektorin und \u00dcbersetzerin f\u00fcr verschiedene Verlage ist sie Herausgeberin literarischer und politischer Anthologien<\/p>\n<p><strong>5. Montag, 14.7.2014 20 Uhr: Prof. Dr. Gerhard Stickel (Mannheim) Vortrag \u201cSpekulationen \u00fcber die Zukunft europ\u00e4ischer\u00a0 Kultursprachen\u201d danach ein Gespr\u00e4ch mit Frau Henny R\u00f6nneper &#8211;<\/strong> Leitende Ministerialr\u00e4tin im Ministerium f\u00fcr Schule und Weiterbildung des Landes Nordrhein-Westfalen D\u00fcsseldorf \u2013 zum Franz\u00f6sischen\u00a0 Nationalfeiertag<\/p>\n<p><a href=\"http:\/\/www.ids-mannheim.de\/org\/personal\/ehemalige\/stickel.html\"><strong>Prof. Dr. Gerhard Stickel &#8211;\u00a0<\/strong> <\/a>Pr\u00e4sident \u201cFederation of National Institutions for Language (EFNIL), Mitglied des \u201cDeutschen Sprachrats \u201c, Auszeichnung 2004 \u201cOrdre de chevalier des arts et lettres\u201d, bis 2002 Vorstand des IDS (Institut f\u00fcr Deutsche Sprache) u.a.\u00a0 \u2013 <strong>Frau Henny R\u00f6nneper<\/strong> ist Leitende Ministerialr\u00e4tin im Ministerium f\u00fcr Schule und Weiterbildung des Landes Nordrhein-Westfalen D\u00fcsseldorf und\u00a0 \u201eChairwoman of the international <a href=\"http:\/\/www.certilingua.net\/\">CertiLingua-steering group<\/a>\u201c<\/p>\n<p><strong>6. Dienstag, 22.7.2014 20 Uhr:\u00a0 Prof. Dr. Roland Doschka (Rottenburg) \u201cMatisse und Monet \u2013 G\u00e4rtner des Lichts\u201d<\/strong><\/p>\n<p><a href=\"http:\/\/de.wikipedia.org\/wiki\/Roland_Doschka\">Prof. Dr. Roland Doschka <\/a>war Akademischer Rat f\u00fcr Franz\u00f6sisch an der Universit\u00e4t Freiburg im Breisgau. Er ist Herausgeber, Autor, Organisator von Kunstausstellungen sowie Gartengestalter. Aufgrund seines Einsatzes f\u00fcr die franz\u00f6sische Kultur und Sprache wurde ihm 1993 der Nationale Verdienstorden der Republik Frankreich verliehen. 2006 erhielt er von Pro Europa den Europ\u00e4ischen Kulturpreis und im Juli 2011 erhielt er\u00a0 die Auszeichnung \u201cChevalier dans l\u00b4Ordre des Palmes Acad\u00e9miques\u201d.<\/p>\n<p><strong>7. Sonntag, 27.7.2014 16 Uhr\u00a0 \u201cMme Ad\u00e9le Bleu avec g\u00e2teau\u201d Konzert mit Eva Hase zwischen Chanson und Kabarett<\/strong>.\u00a0 Die Multiinstrumentalistin (mit franz\u00f6sischen Wurzeln)\u00a0 Eve Hase von der\u00a0 Oldenburger Folkrockband \u201eLack of Limits\u201c\u00a0 ist auf Solopfaden und verk\u00f6rpert als Madame Ad\u00e9le Bleu eine franz\u00f6sische M\u00f6chtegerndiva und l\u00e4dt am Sonntag den 22.7. zu einer bunten Kuchenrunde ein \u2026<\/p>\n<p><strong>8. Donnerstag, 31.7.2014 21 Uhr:\u00a0 \u201d Von Rosen und au\u00dferirdischen Kohlk\u00f6pfen \u2013 die Welt des Louis de Fun\u00e8s\u201d\u00a0<\/strong> Zum 100. Geburtstag von Louis des Fun\u00e9s mit dem Cineasten Dr. Hans Gerhold\u00a0\u00a0\u00a0 \u2013 Heute w\u00e4re der popul\u00e4rste Filmkomiker Frankreichs Louis de Fun\u00e8s 100 Jahre alt geworden und es ist kaum bekannt, dass er auch als G\u00e4rtner und Rosenliebhaber sehr aktiv war \u2026<\/p>\n<p><strong>9. Donnerstag, 7.8.2014 20 Uhr:\u00a0 <a href=\"http:\/\/www.randomhouse.de\/Autor\/Frank_Maier-Solgk\/p168461.rhd\">Dr. Frank Maier-Solgk<\/a> (D\u00fcsseldorf)\u00a0 \u201cModerne Gartenkunst in Paris \u2013 Le Notre und die Folgen\u201d<\/strong><\/p>\n<p>Dr. Frank Maier-Solgk gibt\u00a0 einen Einblick in die vielen kleinen opulent bepflanzten Gr\u00fcnpl\u00e4tze in Paris bis zu den\u00a0 weniger bekannten modernen Gartenanlagen und Parks der franz\u00f6sischen Hauptstadt. Paris, auf dem Weg zur \u00bbville verte\u00ab, ist heute wahrscheinlich die Stadt in Europa, die sich am intensivsten um die Pflege der g\u00e4rtnerischen Tradition und die Erneuerung einer gestalterisch ambitionierten Gartenkunst k\u00fcmmert. Literatur: Dr. Frank Maier-Solgk \u201cDie sch\u00f6nsten G\u00e4rten und Parks in Paris und in der Ile de France\u201d 224 S. M\u00fcnchen: DVA 2013\u00a0 \u2013 Frank Maier-Solgk, geboren 1959 in M\u00fcnchen, studierte Germanistik, Philosophie und Kunstgeschichte in M\u00fcnchen und Heidelberg. Promotion mit einer Arbeit \u00fcber Robert Musil. Autor und Herausgeber zahlreicher Publikationen zu Architektur, St\u00e4dtebau, Gartenkunst, Kunst- und Kulturgeschichte.<\/p>\n<p><strong>10. Dienstag, 12.8.2014 21 Uhr:\u00a0 \u201cDie Stadt des Monsieur Hulot\u201d Ein Jacques-Tati-Filmabend\u00a0 mit dem Cineasten Dr. Hans Gerhold<\/strong><\/p>\n<p>Der franz\u00f6sische Drehbuchautor, Schauspieler und Regisseur Jacques Tati hat\u00a0 mit nur f\u00fcnf\u00a0 Spielfilmen einen singul\u00e4ren Platz in der Filmgeschichte erobert. Als Schauspieler bediente er sich der Mittel von Pantomime und Slapstick und agierte in der Gestalt des Monsieur Hulot als unerm\u00fcdlicher Zivilisationskritiker.<\/p>\n<p><strong>11. Freitag 15.8.2014 20 Uhr: Konzert mit <a href=\"http:\/\/www.seferian.de\/\">Jean-Claude <b>S\u00e9f\u00e9rian<\/b> <\/a>\u201cLamour c\u2019est comme une fleur\u201d<\/strong> Der M\u00fcnsteraner Botschafter der franz\u00f6sischen Kultur Jean-Claude S\u00e9f\u00e9rian pr\u00e4sentiert ein Programm \u00fcber Liebe und Natur aus 5 Jahrhunderten Chansongeschichte \u2026<\/p>\n<p><strong>12. Donnerstag,\u00a0 21.8.2014 20 Uhr:\u00a0 Prof. Karl H. C. Ludwig (N\u00fcrtingen)\u00a0 \u201cChaumont-sur-Loire und der Garten der Zukunft\u201d<\/strong><\/p>\n<p>Das internationale <a href=\"http:\/\/www.domaine-chaumont.fr\/de_general_accueil\">Gartenfestival in Chaumont-sur-Loire <\/a>geh\u00f6rt zu den wichtigsten Barometern der zeitgen\u00f6ssischen Weltgartenkunst und avantgardistischen Landschaftsgestaltung.\u00a0 Seit 1992 bietet das Gartenfestival einen au\u00dfergew\u00f6hnlichen \u00dcberblick \u00fcber den Erfindungsgeist der Landschaftsgestaltung weltweit. In den 22 Ausgaben des Festivals wurden ca. 580 G\u00e4rten geschaffen, die Prototypen der G\u00e4rten von morgen. Prof. Dipl.-Ing. Karl H. C. Ludwig ist Senatsbeauftragter f\u00fcr \u201cProjektplanung Studiengang Landschaftsarchitektur\u201d\u00a0 an der \u201cHochschule f\u00fcr Wirtschaft und Umwelt N\u00fcrtingen-Geislingen\u201d und geh\u00f6rt zu den profundesten Beobachtern der j\u00e4hrlichen Schau und er h\u00e4lt direkten Kontakt mit dem Organisationsteam.<\/p>\n<p><strong>13. Samstag, 23.8.2014\u00a0 20 Uhr:\u00a0 <a href=\"http:\/\/fr.wikipedia.org\/wiki\/C%C3%A9cile_Corbel\">C\u00e9cile Corbel <\/a>und Band\u00a0 \u2013 Abschlusskonzert &#8211;\u00a0&#8211; franz\u00f6sische Folks\u00e4ngerin und Harfenistin\u00a0 aus der Bretagne.<\/strong><\/p>\n<p>C\u00e9cile Corbel erlernte als Jugendliche das Spielen der keltischen Harfe. Sie unternahm Tourneen in zahlreiche europ\u00e4ische L\u00e4nder, aber auch nach Myanmar, Australien und in die USA. Sie trat auf mehreren Festivals auf und spielte die Hauptrolle in dem Musical Anne de Bretagne von Alan Simon, das das Leben der Titelheldin behandelt. Zahlreiche weitere renommierte K\u00fcnstler wirkten an dem Musical mit.\u00a0 Corbels Begleitband besteht aus Cyril Maurin: Gitarre \u2013 Pascal Boucaud: Bassgitarre und Hintergrundgesang \u2013 Eric Zorgniotti: Violoncello \u2013 JB Mondoloni: Bodhr\u00e1n\u00a0 \u2013 Corbel komponierte die Musik des japanischen Zeichentrickfilms Karigurashi no Arrietty, der im Juli 2010 in Japan ver\u00f6ffentlicht wurde. Hierf\u00fcr wurde sie 2011 bei den Tokyo Anime Awards f\u00fcr die beste Musik ausgezeichnet.<\/p>\n","protected":false},"excerpt":{"rendered":"<p>Das Programm der 9. Freien Gartenakademie 2014 Programm und Organisation: Wilm Weppelmann Technische Assistenz: Christoph Otto Hetzel Ton: Andreas Wilting<\/p>\n","protected":false},"author":2,"featured_media":0,"parent":0,"menu_order":0,"comment_status":"open","ping_status":"open","template":"","meta":[],"_links":{"self":[{"href":"https:\/\/www.gartenakademie.org\/index.php?rest_route=\/wp\/v2\/pages\/853"}],"collection":[{"href":"https:\/\/www.gartenakademie.org\/index.php?rest_route=\/wp\/v2\/pages"}],"about":[{"href":"https:\/\/www.gartenakademie.org\/index.php?rest_route=\/wp\/v2\/types\/page"}],"author":[{"embeddable":true,"href":"https:\/\/www.gartenakademie.org\/index.php?rest_route=\/wp\/v2\/users\/2"}],"replies":[{"embeddable":true,"href":"https:\/\/www.gartenakademie.org\/index.php?rest_route=%2Fwp%2Fv2%2Fcomments&post=853"}],"version-history":[{"count":12,"href":"https:\/\/www.gartenakademie.org\/index.php?rest_route=\/wp\/v2\/pages\/853\/revisions"}],"predecessor-version":[{"id":1470,"href":"https:\/\/www.gartenakademie.org\/index.php?rest_route=\/wp\/v2\/pages\/853\/revisions\/1470"}],"wp:attachment":[{"href":"https:\/\/www.gartenakademie.org\/index.php?rest_route=%2Fwp%2Fv2%2Fmedia&parent=853"}],"curies":[{"name":"wp","href":"https:\/\/api.w.org\/{rel}","templated":true}]}}